{"id":1452,"date":"2013-10-16T12:05:38","date_gmt":"2013-10-16T12:05:38","guid":{"rendered":"http:\/\/demo.qodeinteractive.com\/bridge26\/?page_id=1452"},"modified":"2026-02-23T14:09:35","modified_gmt":"2026-02-23T14:09:35","slug":"kontakt","status":"publish","type":"page","link":"https:\/\/www.intermed.al\/en\/kontakt\/","title":{"rendered":"Contact Us"},"content":{"rendered":"<div class=\"wpb-content-wrapper\"><div class=\"vc_row wpb_row section vc_row-fluid \" style=' text-align:left;'><div class=\" full_section_inner clearfix\"><div class=\"wpb_column vc_column_container vc_col-sm-12\"><div class=\"vc_column-inner\"><div class=\"wpb_wrapper\">\n\t<div class=\"wpb_text_column wpb_content_element \">\n\t\t<div class=\"wpb_wrapper\">\n\t\t\t<div id=\"wpgmza_map_1\" class=\"wpgmza_map wpgmza-auto-left\" style=\"display:block;width:100\\%;height:500px;overflow:hidden;position:relative;\" data-map-id=\"1\" data-maps-engine=\"\" data-build-engine=\"atlas-novus\" data-shortcode-attributes=\"{&quot;id&quot;:&quot;1&quot;,&quot;zoom&quot;:false,&quot;width&quot;:false,&quot;height&quot;:false,&quot;marker&quot;:false,&quot;classname&quot;:false}\" data-settings=\"{&quot;map_title&quot;:&quot;Intermed Map&quot;,&quot;map_width&quot;:&quot;100&quot;,&quot;map_height&quot;:&quot;500&quot;,&quot;map_start_lat&quot;:&quot;41.376214&quot;,&quot;map_start_lng&quot;:&quot;19.605904&quot;,&quot;map_start_location&quot;:&quot;41.37621439999999,19.60590389999993&quot;,&quot;map_start_zoom&quot;:&quot;11&quot;,&quot;default_marker&quot;:&quot;0&quot;,&quot;type&quot;:&quot;1&quot;,&quot;alignment&quot;:&quot;1&quot;,&quot;directions_enabled&quot;:&quot;1&quot;,&quot;styling_enabled&quot;:&quot;0&quot;,&quot;styling_json&quot;:&quot;&quot;,&quot;active&quot;:&quot;0&quot;,&quot;kml&quot;:&quot;&quot;,&quot;bicycle&quot;:&quot;0&quot;,&quot;traffic&quot;:&quot;0&quot;,&quot;dbox&quot;:&quot;1&quot;,&quot;dbox_width&quot;:&quot;100&quot;,&quot;listmarkers&quot;:&quot;0&quot;,&quot;listmarkers_advanced&quot;:&quot;0&quot;,&quot;filterbycat&quot;:&quot;0&quot;,&quot;ugm_enabled&quot;:&quot;0&quot;,&quot;ugm_category_enabled&quot;:&quot;0&quot;,&quot;fusion&quot;:&quot;&quot;,&quot;map_width_type&quot;:&quot;\\\\%&quot;,&quot;map_height_type&quot;:&quot;px&quot;,&quot;mass_marker_support&quot;:&quot;1&quot;,&quot;ugm_access&quot;:&quot;0&quot;,&quot;order_markers_by&quot;:&quot;1&quot;,&quot;order_markers_choice&quot;:&quot;2&quot;,&quot;show_user_location&quot;:&quot;0&quot;,&quot;default_to&quot;:&quot;&quot;,&quot;store_locator_enabled&quot;:2,&quot;store_locator_distance&quot;:2,&quot;store_locator_default_radius&quot;:&quot;10&quot;,&quot;store_locator_not_found_message&quot;:&quot;No results found in this location. Please try again.&quot;,&quot;store_locator_bounce&quot;:1,&quot;store_locator_query_string&quot;:&quot;ZIP \\\/ Address:&quot;,&quot;store_locator_default_address&quot;:&quot;&quot;,&quot;wpgmza_store_locator_restrict&quot;:&quot;&quot;,&quot;map_max_zoom&quot;:&quot;1&quot;,&quot;transport_layer&quot;:0,&quot;wpgmza_theme_data&quot;:&quot;[ \\\\\\&quot;visibility\\\\\\&quot;, \\\\\\&quot;invert_lightness\\\\\\&quot;, \\\\\\&quot;color\\\\\\&quot;, \\\\\\&quot;weight\\\\\\&quot;, \\\\\\&quot;hue\\\\\\&quot;, \\\\\\&quot;saturation\\\\\\&quot;, \\\\\\&quot;lightness\\\\\\&quot;, \\\\\\&quot;gamma\\\\\\&quot;]&quot;,&quot;wpgmza_theme_selection&quot;:0,&quot;wpgmza_show_points_of_interest&quot;:1,&quot;id&quot;:1}\" ><\/div>\n\n\t\t<\/div> \n\t<\/div> <\/div><\/div><\/div><\/div><\/div><div      class=\"vc_row wpb_row section vc_row-fluid  grid_section\" style=' padding-top:50px; text-align:left;'><div class=\" section_inner clearfix\"><div class='section_inner_margin clearfix'><div class=\"wpb_column vc_column_container vc_col-sm-4\"><div class=\"vc_column-inner\"><div class=\"wpb_wrapper\">\n\t<div class=\"wpb_text_column wpb_content_element \">\n\t\t<div class=\"wpb_wrapper\">\n\t\t\t<h3><span style=\"color: #006f78;\">Adresa :<\/span><\/h3>\n\n\t\t<\/div> \n\t<\/div> <div class=\"separator  transparent   \" style=\"margin-top: 10px;margin-bottom: 6px;\"><\/div>\n\n\t<div class=\"wpb_text_column wpb_content_element \">\n\t\t<div class=\"wpb_wrapper\">\n\t\t\t<p><span style=\"color: #00a651;\">Adresa e zyrave:<\/span><\/p>\n<p>Rr.\u201dIsmail Qemali\u201d 12\/1 Tirana, Albania, 1001 Tirana, Albania<\/p>\n<p>&nbsp;<\/p>\n<p><span style=\"color: #00a651;\">Adresa e dyt\u00ebsore:<\/span><\/p>\n<p>Xhafzotaj, Maminas, Durr\u00ebs, Albania<\/p>\n\n\t\t<\/div> \n\t<\/div> <div class=\"separator  transparent   \" style=\"margin-top: 6px;margin-bottom: 6px;\"><\/div>\n\n\t<div class=\"wpb_text_column wpb_content_element \">\n\t\t<div class=\"wpb_wrapper\">\n\t\t\t<p>N\u00ebse k\u00ebrkoni t\u00eb dini m\u00eb shum\u00eb n\u00eb lidhje me produktet tona dhe p\u00ebr ne, kontaktoni:<\/p>\n\n\t\t<\/div> \n\t<\/div> <div class=\"separator  transparent   \" style=\"margin-top: 6px;margin-bottom: 6px;\"><\/div>\n\n\t<div class=\"wpb_text_column wpb_content_element \">\n\t\t<div class=\"wpb_wrapper\">\n\t\t\t<p><strong>Informacioni:<\/strong><span style=\"color: #00a651;\">\u00a0<a style=\"color: #00a651;\" href=\"mailto:info@intermed.al\">info@intermed.al<\/a><\/span><\/p>\n\n\t\t<\/div> \n\t<\/div> <div class=\"separator  transparent   \" style=\"margin-top: 6px;margin-bottom: 15px;\"><\/div>\n\n\t<div class=\"wpb_text_column wpb_content_element \">\n\t\t<div class=\"wpb_wrapper\">\n\t\t\t<p><img loading=\"lazy\" decoding=\"async\" class=\"aligncenter wp-image-19001 size-full\" src=\"http:\/\/www.intermed.al\/wp-content\/uploads\/2018\/06\/1.png\" alt=\"\" width=\"50\" height=\"50\" \/>\u00a0\u00a0\u00a0<img loading=\"lazy\" decoding=\"async\" class=\"aligncenter wp-image-19002 size-full\" src=\"http:\/\/www.intermed.al\/wp-content\/uploads\/2018\/06\/2.png\" alt=\"\" width=\"51\" height=\"50\" \/><img loading=\"lazy\" decoding=\"async\" class=\"aligncenter wp-image-19003 size-full\" src=\"http:\/\/www.intermed.al\/wp-content\/uploads\/2018\/06\/3.png\" alt=\"\" width=\"51\" height=\"50\" \/><\/p>\n\n\t\t<\/div> \n\t<\/div> <\/div><\/div><\/div><div class=\"wpb_column vc_column_container vc_col-sm-2\"><div class=\"vc_column-inner\"><div class=\"wpb_wrapper\"><\/div><\/div><\/div><div class=\"wpb_column vc_column_container vc_col-sm-6\"><div class=\"vc_column-inner\"><div class=\"wpb_wrapper\">\n\t<div class=\"wpb_text_column wpb_content_element \">\n\t\t<div class=\"wpb_wrapper\">\n\t\t\t\n<div class=\"wpcf7 no-js\" id=\"wpcf7-f18169-o1\" lang=\"sq-AL\" dir=\"ltr\" data-wpcf7-id=\"18169\">\n<div class=\"screen-reader-response\"><p role=\"status\" aria-live=\"polite\" aria-atomic=\"true\"><\/p> <ul><\/ul><\/div>\n<form action=\"\/en\/wp-json\/wp\/v2\/pages\/1452#wpcf7-f18169-o1\" method=\"post\" class=\"wpcf7-form init\" aria-label=\"Contact form\" novalidate=\"novalidate\" data-status=\"init\">\n<fieldset class=\"hidden-fields-container\"><input type=\"hidden\" name=\"_wpcf7\" value=\"18169\" \/><input type=\"hidden\" name=\"_wpcf7_version\" value=\"6.1.5\" \/><input type=\"hidden\" name=\"_wpcf7_locale\" value=\"sq_AL\" \/><input type=\"hidden\" name=\"_wpcf7_unit_tag\" value=\"wpcf7-f18169-o1\" \/><input type=\"hidden\" name=\"_wpcf7_container_post\" value=\"0\" \/><input type=\"hidden\" name=\"_wpcf7_posted_data_hash\" value=\"\" \/>\n<\/fieldset>\n<p><label style=\"color:#006f78; font-weight: 600; font-size: 17px;line-height:22px; \"> Kontaktoni me ne <\/label>\n<\/p>\n<p><span class=\"wpcf7-form-control-wrap\" data-name=\"text-849\"><input size=\"40\" maxlength=\"400\" class=\"wpcf7-form-control wpcf7-text\" aria-invalid=\"false\" placeholder=\"Em\u00ebr Mbiem\u00ebr\" value=\"\" type=\"text\" name=\"text-849\" \/><\/span><br \/>\n<span class=\"wpcf7-form-control-wrap\" data-name=\"email-257\"><input size=\"40\" maxlength=\"400\" class=\"wpcf7-form-control wpcf7-email wpcf7-text wpcf7-validates-as-email\" aria-invalid=\"false\" placeholder=\"Email Juaj\" value=\"\" type=\"email\" name=\"email-257\" \/><\/span><br \/>\n<span class=\"wpcf7-form-control-wrap\" data-name=\"tel-173\"><input size=\"40\" maxlength=\"400\" class=\"wpcf7-form-control wpcf7-tel wpcf7-text wpcf7-validates-as-tel\" aria-invalid=\"false\" placeholder=\"Num\u00ebr Telefoni\" value=\"\" type=\"tel\" name=\"tel-173\" \/><\/span><br \/>\n<span class=\"wpcf7-form-control-wrap\" data-name=\"textarea-989\"><textarea cols=\"40\" rows=\"10\" maxlength=\"2000\" class=\"wpcf7-form-control wpcf7-textarea\" aria-invalid=\"false\" placeholder=\"Mesazhi juaj\" name=\"textarea-989\"><\/textarea><\/span>\n<\/p>\n<p><input class=\"wpcf7-form-control wpcf7-submit has-spinner\" type=\"submit\" value=\"D\u00ebrgo tani\" \/>\n<\/p><div class=\"wpcf7-response-output\" aria-hidden=\"true\"><\/div>\n<\/form>\n<\/div>\n\n\n\t\t<\/div> \n\t<\/div> <\/div><\/div><\/div><\/div><\/div><\/div><div      class=\"vc_row wpb_row section vc_row-fluid \" style=' text-align:left;'><div class=\" full_section_inner clearfix\"><div class=\"wpb_column vc_column_container vc_col-sm-12\"><div class=\"vc_column-inner\"><div class=\"wpb_wrapper\">\t<div class=\"vc_empty_space\"  style=\"height: 32px\" ><span\n\t\t\tclass=\"vc_empty_space_inner\">\n\t\t\t<span class=\"empty_space_image\"  ><\/span>\n\t\t<\/span><\/div>\n\n<\/div><\/div><\/div><\/div><\/div>\n<\/div>","protected":false},"excerpt":{"rendered":"Adresa : Adresa e zyrave: Rr.\u201dIsmail Qemali\u201d 12\/1 Tirana, Albania, 1001 Tirana, Albania &nbsp; Adresa e dyt\u00ebsore: Xhafzotaj, Maminas, Durr\u00ebs, Albania N\u00ebse k\u00ebrkoni t\u00eb dini m\u00eb shum\u00eb n\u00eb lidhje me produktet tona dhe p\u00ebr ne, kontaktoni: Informacioni:\u00a0info@intermed.al \u00a0\u00a0\u00a0 Kontaktoni me ne","protected":false},"author":1,"featured_media":0,"parent":0,"menu_order":0,"comment_status":"open","ping_status":"open","template":"full_width.php","meta":{"footnotes":""},"class_list":["post-1452","page","type-page","status-publish","hentry"],"_links":{"self":[{"href":"https:\/\/www.intermed.al\/en\/wp-json\/wp\/v2\/pages\/1452","targetHints":{"allow":["GET"]}}],"collection":[{"href":"https:\/\/www.intermed.al\/en\/wp-json\/wp\/v2\/pages"}],"about":[{"href":"https:\/\/www.intermed.al\/en\/wp-json\/wp\/v2\/types\/page"}],"author":[{"embeddable":true,"href":"https:\/\/www.intermed.al\/en\/wp-json\/wp\/v2\/users\/1"}],"replies":[{"embeddable":true,"href":"https:\/\/www.intermed.al\/en\/wp-json\/wp\/v2\/comments?post=1452"}],"version-history":[{"count":59,"href":"https:\/\/www.intermed.al\/en\/wp-json\/wp\/v2\/pages\/1452\/revisions"}],"predecessor-version":[{"id":19634,"href":"https:\/\/www.intermed.al\/en\/wp-json\/wp\/v2\/pages\/1452\/revisions\/19634"}],"wp:attachment":[{"href":"https:\/\/www.intermed.al\/en\/wp-json\/wp\/v2\/media?parent=1452"}],"curies":[{"name":"wp","href":"https:\/\/api.w.org\/{rel}","templated":true}]}}