{"id":16617,"date":"2018-02-05T14:03:55","date_gmt":"2018-02-05T14:03:55","guid":{"rendered":"http:\/\/www.intermed.al\/?page_id=16617"},"modified":"2018-06-01T07:42:15","modified_gmt":"2018-06-01T07:42:15","slug":"historiku","status":"publish","type":"page","link":"https:\/\/www.intermed.al\/en\/vlerat-tona-vizioni-prioritetet\/historiku\/","title":{"rendered":"OUR HISTORY"},"content":{"rendered":"<div class=\"wpb-content-wrapper\"><div class=\"vc_row wpb_row section vc_row-fluid  grid_section\" style=' padding-top:50px; padding-bottom:50px; text-align:left;'><div class=\"section_inner clearfix\"><div class='section_inner_margin clearfix'><div class=\"wpb_column vc_column_container vc_col-sm-6\"><div class=\"vc_column-inner\"><div class=\"wpb_wrapper\"><div class='image_hover' style='' data-transition-delay=''><div class='images_holder'><img itemprop='image' class='active_image' src='https:\/\/www.intermed.al\/wp-content\/uploads\/2018\/05\/Themelimi-2.jpg' alt='' style='' \/><img itemprop='image' class='hover_image' src='https:\/\/www.intermed.al\/wp-content\/uploads\/2018\/05\/Themelimi1.jpg' alt='' style='' \/><\/div><\/div><\/div><\/div><\/div><div class=\"wpb_column vc_column_container vc_col-sm-6\"><div class=\"vc_column-inner\"><div class=\"wpb_wrapper\">\t<div class=\"vc_empty_space\"  style=\"height: 12px\" ><span\n\t\t\tclass=\"vc_empty_space_inner\">\n\t\t\t<span class=\"empty_space_image\"  ><\/span>\n\t\t<\/span><\/div>\n\n\n\t<div class=\"wpb_text_column wpb_content_element\">\n\t\t<div class=\"wpb_wrapper\">\n\t\t\t<h2 style=\"text-align: left;\"><span style=\"color: #00757b;\">FOUNDATION<\/span><\/h2>\n<p>&nbsp;<\/p>\n<p style=\"text-align: left;\">The company was founded on April 15, 1996, as an initiative of Mr. Petrit Maho, who envisioned the emerging changes in healthcare services and pharmaceutical products in the Albanian market. INTERMED is licensed to import, market, store, and distribute the pharmaceutical products it represents.<\/p>\n\n\t\t<\/div> \n\t<\/div> <\/div><\/div><\/div><\/div><\/div><\/div><div      class=\"vc_row wpb_row section vc_row-fluid  grid_section\" style='background-color:#f7fafa; padding-top:50px; padding-bottom:50px; text-align:left;'><div class=\"section_inner clearfix\"><div class='section_inner_margin clearfix'><div class=\"wpb_column vc_column_container vc_col-sm-6\"><div class=\"vc_column-inner\"><div class=\"wpb_wrapper\">\t<div class=\"vc_empty_space\"  style=\"height: 12px\" ><span\n\t\t\tclass=\"vc_empty_space_inner\">\n\t\t\t<span class=\"empty_space_image\"  ><\/span>\n\t\t<\/span><\/div>\n\n\n\t<div class=\"wpb_text_column wpb_content_element\">\n\t\t<div class=\"wpb_wrapper\">\n\t\t\t<h2 style=\"text-align: right;\"><span style=\"color: #00757b;\">FIRST PRODUCTS AND PARTNER COMPANIES<\/span><\/h2>\n<p>&nbsp;<\/p>\n<p style=\"text-align: right;\">Among the first companies with which a long-term partnership was established were ITALFARMACO and NOVA ARGENTIA. Through their portfolio, the company introduced its first 25 products to the market, mainly focused on disorders of the nervous system and gynecology. (\u2026for more information see <a href=\"http:\/\/www.intermed.al\/en\/produkte\/\">Products<\/a>). Over the years, this partnership has grown stronger with the addition of many high-quality products.<\/p>\n\n\t\t<\/div> \n\t<\/div> \t<div class=\"vc_empty_space\"  style=\"height: 12px\" ><span\n\t\t\tclass=\"vc_empty_space_inner\">\n\t\t\t<span class=\"empty_space_image\"  ><\/span>\n\t\t<\/span><\/div>\n\n<\/div><\/div><\/div><div class=\"wpb_column vc_column_container vc_col-sm-6\"><div class=\"vc_column-inner\"><div class=\"wpb_wrapper\"><div class='image_hover' style='' data-transition-delay=''><div class='images_holder'><img itemprop='image' class='active_image' src='https:\/\/www.intermed.al\/wp-content\/uploads\/2018\/05\/Kompanite-e-para-2.jpg' alt='' style='' \/><img itemprop='image' class='hover_image' src='https:\/\/www.intermed.al\/wp-content\/uploads\/2018\/05\/Kompanite-e-para1.jpg' alt='' style='' \/><\/div><\/div><\/div><\/div><\/div><\/div><\/div><\/div><div      class=\"vc_row wpb_row section vc_row-fluid  grid_section\" style=' padding-top:50px; padding-bottom:50px; text-align:left;'><div class=\"section_inner clearfix\"><div class='section_inner_margin clearfix'><div class=\"wpb_column vc_column_container vc_col-sm-6\"><div class=\"vc_column-inner\"><div class=\"wpb_wrapper\"><div class='image_hover' style='' data-transition-delay=''><div class='images_holder'><img itemprop='image' class='active_image' src='https:\/\/www.intermed.al\/wp-content\/uploads\/2018\/05\/Zgjerimi-2.jpg' alt='' style='' \/><img itemprop='image' class='hover_image' src='https:\/\/www.intermed.al\/wp-content\/uploads\/2018\/05\/Zgjerimi1.jpg' alt='' style='' \/><\/div><\/div><\/div><\/div><\/div><div class=\"wpb_column vc_column_container vc_col-sm-6\"><div class=\"vc_column-inner\"><div class=\"wpb_wrapper\">\t<div class=\"vc_empty_space\"  style=\"height: 12px\" ><span\n\t\t\tclass=\"vc_empty_space_inner\">\n\t\t\t<span class=\"empty_space_image\"  ><\/span>\n\t\t<\/span><\/div>\n\n\n\t<div class=\"wpb_text_column wpb_content_element\">\n\t\t<div class=\"wpb_wrapper\">\n\t\t\t<h2 style=\"text-align: left;\"><span style=\"color: #00757b;\">EXPANSION<\/span><\/h2>\n<p>&nbsp;<\/p>\n<p>The development of INTERMED was strengthened through the establishment of a partnership with Berlin-Chemie (Menarini Group), expanding both the company\u2019s product portfolio and the range of therapeutic areas covered. Subsequently, collaborations were established with other pharmaceutical companies such as Bayer Healthcare, Alvogen, Pharma Swiss, Hoffmann-La Roche, Nobel Ilac, Allergy Therapeutics, and others. (\u2026for more information see <a href=\"http:\/\/www.intermed.al\/en\/produkte-partnere\/\">Partners<\/a>)<\/p>\n\n\t\t<\/div> \n\t<\/div> <\/div><\/div><\/div><\/div><\/div><\/div><div      class=\"vc_row wpb_row section vc_row-fluid  grid_section\" style='background-color:#f7fafa; padding-top:50px; padding-bottom:50px; text-align:left;'><div class=\"section_inner clearfix\"><div class='section_inner_margin clearfix'><div class=\"wpb_column vc_column_container vc_col-sm-6\"><div class=\"vc_column-inner\"><div class=\"wpb_wrapper\">\t<div class=\"vc_empty_space\"  style=\"height: 12px\" ><span\n\t\t\tclass=\"vc_empty_space_inner\">\n\t\t\t<span class=\"empty_space_image\"  ><\/span>\n\t\t<\/span><\/div>\n\n\n\t<div class=\"wpb_text_column wpb_content_element\">\n\t\t<div class=\"wpb_wrapper\">\n\t\t\t<h2 style=\"text-align: right;\"><span style=\"color: #00757b;\">\u00a0 \u00a0 \u00a0 \u00a0 \u00a0 \u00a0 \u00a0 \u00a0 \u00a0 \u00a0 \u00a0 \u00a0 \u00a0 \u00a0 \u00a0 \u00a0\u00a0PRODUCT PORTFOLIO<\/span><\/h2>\n<p>&nbsp;<\/p>\n<p style=\"text-align: right;\">INTERMED offers the Albanian market high-quality and specialized products, including personalized vaccines, generic medicines, OTC medicines, and dietary supplements. These products cover a wide range of medical conditions across numerous therapeutic areas.<\/p>\n\n\t\t<\/div> \n\t<\/div> \t<div class=\"vc_empty_space\"  style=\"height: 12px\" ><span\n\t\t\tclass=\"vc_empty_space_inner\">\n\t\t\t<span class=\"empty_space_image\"  ><\/span>\n\t\t<\/span><\/div>\n\n<\/div><\/div><\/div><div class=\"wpb_column vc_column_container vc_col-sm-6\"><div class=\"vc_column-inner\"><div class=\"wpb_wrapper\"><div class='image_hover' style='' data-transition-delay=''><div class='images_holder'><img itemprop='image' class='active_image' src='https:\/\/www.intermed.al\/wp-content\/uploads\/2018\/05\/Diversiteti-i-produkteve-1-1.jpg' alt='' style='' \/><img itemprop='image' class='hover_image' src='https:\/\/www.intermed.al\/wp-content\/uploads\/2018\/05\/Diversiteti-i-produkteve-11.jpg' alt='' style='' \/><\/div><\/div><\/div><\/div><\/div><\/div><\/div><\/div><div      class=\"vc_row wpb_row section vc_row-fluid  grid_section\" style=' padding-top:50px; padding-bottom:50px; text-align:left;'><div class=\"section_inner clearfix\"><div class='section_inner_margin clearfix'><div class=\"wpb_column vc_column_container vc_col-sm-6\"><div class=\"vc_column-inner\"><div class=\"wpb_wrapper\">\n\t<div class=\"wpb_single_image wpb_content_element vc_align_left\">\n\t\t<div class=\"wpb_wrapper\">\n\t\t\t\n\t\t\t<a href=\"http:\/\/www.intermed.al\/en\/ambjentet-tona\/\" target=\"_self\"><div class=\"vc_single_image-wrapper   vc_box_border_grey\"><img loading=\"lazy\" decoding=\"async\" width=\"552\" height=\"365\" src=\"https:\/\/www.intermed.al\/wp-content\/uploads\/2018\/04\/ambjente-1.jpg\" class=\"vc_single_image-img attachment-full\" alt=\"\" title=\"ambjente\" srcset=\"https:\/\/www.intermed.al\/wp-content\/uploads\/2018\/04\/ambjente-1.jpg 552w, https:\/\/www.intermed.al\/wp-content\/uploads\/2018\/04\/ambjente-1-300x198.jpg 300w\" sizes=\"auto, (max-width: 552px) 100vw, 552px\" \/><\/div><\/a>\n\t\t<\/div>\n\t<\/div>\n<\/div><\/div><\/div><div class=\"wpb_column vc_column_container vc_col-sm-6\"><div class=\"vc_column-inner\"><div class=\"wpb_wrapper\">\t<div class=\"vc_empty_space\"  style=\"height: 12px\" ><span\n\t\t\tclass=\"vc_empty_space_inner\">\n\t\t\t<span class=\"empty_space_image\"  ><\/span>\n\t\t<\/span><\/div>\n\n\n\t<div class=\"wpb_text_column wpb_content_element\">\n\t\t<div class=\"wpb_wrapper\">\n\t\t\t<div class=\"qode-rt-item-title\">\n<h2 style=\"text-align: left;\"><span style=\"color: #00757b;\">FACILITIES<\/span><\/h2>\n<\/div>\n<p>&nbsp;<\/p>\n<p>For the storage of pharmaceutical products, INTERMED operates a warehouse located in Maminas, Durr\u00ebs. The warehouse has a surface area of 1,475 m\u00b2, with a capacity of 1,200 pallets, and is equipped with a continuous monitoring system (Comet System MS+) for temperature and humidity. The facility complies with all pharmaceutical storage requirements and is supported by appropriate quality documentation and proper signage to ensure optimal product management.<\/p>\n<p><strong><a href=\"http:\/\/www.intermed.al\/en\/ambjentet-tona\/\">CLICK TO VIEW PHOTOS<\/a><\/strong><\/p>\n\n\t\t<\/div> \n\t<\/div> <\/div><\/div><\/div><\/div><\/div><\/div><div      class=\"vc_row wpb_row section vc_row-fluid  grid_section\" style='background-color:#f7fafa; padding-top:50px; padding-bottom:50px; text-align:left;'><div class=\"section_inner clearfix\"><div class='section_inner_margin clearfix'><div class=\"wpb_column vc_column_container vc_col-sm-6\"><div class=\"vc_column-inner\"><div class=\"wpb_wrapper\">\t<div class=\"vc_empty_space\"  style=\"height: 12px\" ><span\n\t\t\tclass=\"vc_empty_space_inner\">\n\t\t\t<span class=\"empty_space_image\"  ><\/span>\n\t\t<\/span><\/div>\n\n\n\t<div class=\"wpb_text_column wpb_content_element\">\n\t\t<div class=\"wpb_wrapper\">\n\t\t\t<h2 style=\"text-align: right;\"><span style=\"color: #00757b;\">INVESTMENTS<\/span><\/h2>\n<p>&nbsp;<\/p>\n<p style=\"text-align: right;\">Other investments by Mr. Maho: In 2013, the company expanded its vision with the establishment of pharmaceutical manufacturing lines primarily focused on the production of human and veterinary pharmaceutical products, mainly generic medicines as well as galenic preparations. This investment was structured into<\/p>\n<p style=\"text-align: right;\">two independent companies:<\/p>\n<p style=\"text-align: right;\">NOVAL, the company dedicated to the production of human medicines,<\/p>\n<p style=\"text-align: right;\">and VETAL, the company focused on the production and commercialization of veterinary products.\nEach company has its own specific product range, including solid dosage forms (tablets), semi-solid forms (creams and tinctures), parenteral preparations, and others.<\/p>\n\n\t\t<\/div> \n\t<\/div> \t<div class=\"vc_empty_space\"  style=\"height: 12px\" ><span\n\t\t\tclass=\"vc_empty_space_inner\">\n\t\t\t<span class=\"empty_space_image\"  ><\/span>\n\t\t<\/span><\/div>\n\n<\/div><\/div><\/div><div class=\"wpb_column vc_column_container vc_col-sm-6\"><div class=\"vc_column-inner\"><div class=\"wpb_wrapper\"><div class='image_hover' style='' data-transition-delay=''><div class='images_holder'><img itemprop='image' class='active_image' src='https:\/\/www.intermed.al\/wp-content\/uploads\/2018\/05\/Faqja-e-pare1-1.jpg' alt='' style='' \/><img itemprop='image' class='hover_image' src='https:\/\/www.intermed.al\/wp-content\/uploads\/2018\/05\/Investime1-1.jpg' alt='' style='' \/><\/div><\/div><\/div><\/div><\/div><\/div><\/div><\/div>\n<\/div>","protected":false},"excerpt":{"rendered":"THEMELIMI &nbsp; Themelimi i kompanis\u00eb daton n\u00eb 15 Prill 1996, nj\u00eb iniciativ\u00eb e Z. Petrit Maho, i cili pati vizionin se ndryshimet n\u00eb sh\u00ebrbimin sh\u00ebndet\u00ebsor edhe n\u00eb produktet farmaceutike po fillonin t\u00eb ishin t\u00eb pranishme p\u00ebr tregun shqiptar. INTERMED \u00ebsht\u00eb kompani e cila \u00ebsht\u00eb e...","protected":false},"author":1,"featured_media":0,"parent":16619,"menu_order":0,"comment_status":"closed","ping_status":"closed","template":"full_width.php","meta":{"footnotes":""},"class_list":["post-16617","page","type-page","status-publish","hentry"],"_links":{"self":[{"href":"https:\/\/www.intermed.al\/en\/wp-json\/wp\/v2\/pages\/16617","targetHints":{"allow":["GET"]}}],"collection":[{"href":"https:\/\/www.intermed.al\/en\/wp-json\/wp\/v2\/pages"}],"about":[{"href":"https:\/\/www.intermed.al\/en\/wp-json\/wp\/v2\/types\/page"}],"author":[{"embeddable":true,"href":"https:\/\/www.intermed.al\/en\/wp-json\/wp\/v2\/users\/1"}],"replies":[{"embeddable":true,"href":"https:\/\/www.intermed.al\/en\/wp-json\/wp\/v2\/comments?post=16617"}],"version-history":[{"count":78,"href":"https:\/\/www.intermed.al\/en\/wp-json\/wp\/v2\/pages\/16617\/revisions"}],"predecessor-version":[{"id":18979,"href":"https:\/\/www.intermed.al\/en\/wp-json\/wp\/v2\/pages\/16617\/revisions\/18979"}],"up":[{"embeddable":true,"href":"https:\/\/www.intermed.al\/en\/wp-json\/wp\/v2\/pages\/16619"}],"wp:attachment":[{"href":"https:\/\/www.intermed.al\/en\/wp-json\/wp\/v2\/media?parent=16617"}],"curies":[{"name":"wp","href":"https:\/\/api.w.org\/{rel}","templated":true}]}}