{"id":16619,"date":"2018-02-05T14:04:10","date_gmt":"2018-02-05T14:04:10","guid":{"rendered":"http:\/\/www.intermed.al\/?page_id=16619"},"modified":"2018-06-01T07:46:19","modified_gmt":"2018-06-01T07:46:19","slug":"vlerat-tona-vizioni-prioritetet","status":"publish","type":"page","link":"https:\/\/www.intermed.al\/en\/vlerat-tona-vizioni-prioritetet\/","title":{"rendered":"OUR VALUES, VISION &amp; PRIORITIES"},"content":{"rendered":"<div class=\"wpb-content-wrapper\"><div class=\"vc_row wpb_row section vc_row-fluid  grid_section\" style=' padding-top:50px; padding-bottom:50px; text-align:left;'><div class=\"section_inner clearfix\"><div class='section_inner_margin clearfix'><div class=\"wpb_column vc_column_container vc_col-sm-6\"><div class=\"vc_column-inner\"><div class=\"wpb_wrapper\"><div class='image_hover' style='' data-transition-delay=''><div class='images_holder'><img itemprop='image' class='active_image' src='https:\/\/www.intermed.al\/wp-content\/uploads\/2018\/05\/Vlerat-Vizioni-dhe-Prioritet-1.jpg' alt='' style='' \/><img itemprop='image' class='hover_image' src='https:\/\/www.intermed.al\/wp-content\/uploads\/2018\/05\/Vlerat-Final.jpg' alt='' style='' \/><\/div><\/div><\/div><\/div><\/div><div class=\"wpb_column vc_column_container vc_col-sm-6\"><div class=\"vc_column-inner\"><div class=\"wpb_wrapper\">\t<div class=\"vc_empty_space\"  style=\"height: 12px\" ><span\n\t\t\tclass=\"vc_empty_space_inner\">\n\t\t\t<span class=\"empty_space_image\"  ><\/span>\n\t\t<\/span><\/div>\n\n\n\t<div class=\"wpb_text_column wpb_content_element\">\n\t\t<div class=\"wpb_wrapper\">\n\t\t\t<div class=\"vc_row wpb_row section vc_row-fluid grid_section\">\n<div class=\"section_inner clearfix\">\n<div class=\"section_inner_margin clearfix\">\n<div class=\"wpb_animate_when_almost_visible wpb_bounceIn bounceIn wpb_column vc_column_container vc_col-sm-9 wpb_start_animation animated\">\n<div class=\"vc_column-inner vc_custom_1519472502531\">\n<div class=\"wpb_wrapper\">\n<div class=\"wpb_text_column wpb_content_element\">\n<div class=\"wpb_wrapper\">\n<ul>\n<li>Innovation in products and services, by increasing the number of products<br \/>\nand services offered.<\/li>\n<li>High-quality and safe products, ensuring compliance with their<br \/>\nstorage and transportation requirements.<\/li>\n<\/ul>\n<\/div>\n<\/div>\n<\/div>\n<\/div>\n<\/div>\n<\/div>\n<\/div>\n<\/div>\n<div class=\"vc_row wpb_row section vc_row-fluid grid_section\">\n<div class=\"section_inner clearfix\">\n<div class=\"section_inner_margin clearfix\">\n<div class=\"wpb_animate_when_almost_visible wpb_bounceIn bounceIn wpb_column vc_column_container vc_col-sm-9 wpb_start_animation animated\">\n<div class=\"vc_column-inner vc_custom_1521717142901\">\n<div class=\"wpb_wrapper\">\n<div class=\"wpb_text_column wpb_content_element\">\n<div class=\"wpb_wrapper\">\n<ul>\n<li>Committed to serving our clients by providing<br \/>\nfast and secure deliveries.<\/li>\n<li>Transparency by being open in the relationships we build<br \/>\nwith our partners and clients.<\/li>\n<\/ul>\n<\/div>\n<\/div>\n<\/div>\n<\/div>\n<\/div>\n<\/div>\n<\/div>\n<\/div>\n\n\t\t<\/div> \n\t<\/div> <\/div><\/div><\/div><\/div><\/div><\/div><div      class=\"vc_row wpb_row section vc_row-fluid  grid_section\" style='background-color:#f7fafa; padding-top:50px; padding-bottom:50px; text-align:left;'><div class=\"section_inner clearfix\"><div class='section_inner_margin clearfix'><div class=\"wpb_column vc_column_container vc_col-sm-6\"><div class=\"vc_column-inner\"><div class=\"wpb_wrapper\">\n\t<div class=\"wpb_text_column wpb_content_element\">\n\t\t<div class=\"wpb_wrapper\">\n\t\t\t<ul>\n<li>Ensuring high-quality products and services that respond to the dynamic development of the market and the needs of patients.<\/li>\n<li>Promoting a proactive environment that fosters professional growth and encourages our employees to move forward.<\/li>\n<li>Achieving the highest possible standards in all services provided through the effective use of our resources and appropriate technology.<\/li>\n<\/ul>\n\n\t\t<\/div> \n\t<\/div> \t<div class=\"vc_empty_space\"  style=\"height: 12px\" ><span\n\t\t\tclass=\"vc_empty_space_inner\">\n\t\t\t<span class=\"empty_space_image\"  ><\/span>\n\t\t<\/span><\/div>\n\n<\/div><\/div><\/div><div class=\"wpb_column vc_column_container vc_col-sm-6\"><div class=\"vc_column-inner\"><div class=\"wpb_wrapper\"><div class='image_hover' style='' data-transition-delay=''><div class='images_holder'><img itemprop='image' class='active_image' src='https:\/\/www.intermed.al\/wp-content\/uploads\/2018\/05\/blackboard-business-chalkboard-355988-1024x682-1.jpg' alt='' style='' \/><img itemprop='image' class='hover_image' src='https:\/\/www.intermed.al\/wp-content\/uploads\/2018\/05\/FINALLL.jpg' alt='' style='' \/><\/div><\/div><\/div><\/div><\/div><\/div><\/div><\/div>\n<\/div>","protected":false},"excerpt":{"rendered":"Inovacioni n\u00eb produkte dhe sh\u00ebrbime, duke shtuar numrin e produkteve dhe sh\u00ebrbimeve t\u00eb ofruara. Produkte me cil\u00ebsi t\u00eb lart\u00eb dhe t\u00eb sigurta, duke plot\u00ebsuar k\u00ebrkesat e ruajtjes dhe transportit t\u00eb tyre. T\u00eb p\u00ebrkushtuar n\u00eb sh\u00ebrbimin ndaj klient\u00ebve tan\u00eb, duke ofruar d\u00ebrgesa t\u00eb shpejta dhe t\u00eb...","protected":false},"author":1,"featured_media":0,"parent":0,"menu_order":0,"comment_status":"closed","ping_status":"closed","template":"full_width.php","meta":{"footnotes":""},"class_list":["post-16619","page","type-page","status-publish","hentry"],"_links":{"self":[{"href":"https:\/\/www.intermed.al\/en\/wp-json\/wp\/v2\/pages\/16619","targetHints":{"allow":["GET"]}}],"collection":[{"href":"https:\/\/www.intermed.al\/en\/wp-json\/wp\/v2\/pages"}],"about":[{"href":"https:\/\/www.intermed.al\/en\/wp-json\/wp\/v2\/types\/page"}],"author":[{"embeddable":true,"href":"https:\/\/www.intermed.al\/en\/wp-json\/wp\/v2\/users\/1"}],"replies":[{"embeddable":true,"href":"https:\/\/www.intermed.al\/en\/wp-json\/wp\/v2\/comments?post=16619"}],"version-history":[{"count":40,"href":"https:\/\/www.intermed.al\/en\/wp-json\/wp\/v2\/pages\/16619\/revisions"}],"predecessor-version":[{"id":18980,"href":"https:\/\/www.intermed.al\/en\/wp-json\/wp\/v2\/pages\/16619\/revisions\/18980"}],"wp:attachment":[{"href":"https:\/\/www.intermed.al\/en\/wp-json\/wp\/v2\/media?parent=16619"}],"curies":[{"name":"wp","href":"https:\/\/api.w.org\/{rel}","templated":true}]}}