{"id":16621,"date":"2018-02-05T14:04:50","date_gmt":"2018-02-05T14:04:50","guid":{"rendered":"http:\/\/www.intermed.al\/?page_id=16621"},"modified":"2018-03-31T08:37:18","modified_gmt":"2018-03-31T08:37:18","slug":"vizioni-dhe-prioritetet","status":"publish","type":"page","link":"https:\/\/www.intermed.al\/en\/vizioni-dhe-prioritetet\/","title":{"rendered":"VIZIONI DHE PRIORITETET"},"content":{"rendered":"<div class=\"wpb-content-wrapper\"><div class=\"vc_row wpb_row section vc_row-fluid\" style='background-image:url(https:\/\/www.intermed.al\/wp-content\/uploads\/2018\/02\/pexels-photo-415825.jpeg); padding-top:130px; padding-bottom:130px; text-align:left;'><div class=\"full_section_inner clearfix\"><div class=\"wpb_column vc_column_container vc_col-sm-12\"><div class=\"vc_column-inner\"><div class=\"wpb_wrapper\"><\/div><\/div><\/div><\/div><\/div><div      class=\"vc_row wpb_row section vc_row-fluid  grid_section\" style=' padding-top:50px; text-align:left;'><div class=\"section_inner clearfix\"><div class='section_inner_margin clearfix'><div class=\"element_from_left\"><div><div class=\"wpb_column vc_column_container vc_col-sm-12\"><div class=\"vc_column-inner\"><div class=\"wpb_wrapper\">\n\t<div class=\"wpb_text_column wpb_content_element\">\n\t\t<div class=\"wpb_wrapper\">\n\t\t\t<ul>\n<li>Ensuring high-quality products and services that respond to the dynamic development of the market and the needs of patients.<\/li>\n<li>Promoting a proactive environment that fosters professional growth and encourages our employees to move forward.<\/li>\n<li>Achieving the highest possible standards in all services provided through the effective use of our resources and appropriate technology.<\/li>\n<\/ul>\n\n\t\t<\/div> \n\t<\/div> <\/div><\/div><\/div><\/div><\/div><\/div><\/div><\/div>\n<\/div>","protected":false},"excerpt":{"rendered":"Sigurimi i produkteve dhe sh\u00ebrbimeve me cil\u00ebsi t\u00eb lart\u00eb t\u00eb cilat i p\u00ebrgjigjen dinamik\u00ebs s\u00eb zhvillimit t\u00eb tregut dhe k\u00ebrkesave t\u00eb pacient\u00ebve. Promovimi i nj\u00eb mjedisi proaktiv q\u00eb nxit rritjen profesionale dhe inkurajon punonj\u00ebsit tan\u00eb t\u00eb ecin p\u00ebrpara. Arritja e nj\u00eb niveli sa m\u00eb t\u00eb...","protected":false},"author":1,"featured_media":0,"parent":0,"menu_order":0,"comment_status":"closed","ping_status":"closed","template":"full_width.php","meta":{"footnotes":""},"class_list":["post-16621","page","type-page","status-publish","hentry"],"_links":{"self":[{"href":"https:\/\/www.intermed.al\/en\/wp-json\/wp\/v2\/pages\/16621","targetHints":{"allow":["GET"]}}],"collection":[{"href":"https:\/\/www.intermed.al\/en\/wp-json\/wp\/v2\/pages"}],"about":[{"href":"https:\/\/www.intermed.al\/en\/wp-json\/wp\/v2\/types\/page"}],"author":[{"embeddable":true,"href":"https:\/\/www.intermed.al\/en\/wp-json\/wp\/v2\/users\/1"}],"replies":[{"embeddable":true,"href":"https:\/\/www.intermed.al\/en\/wp-json\/wp\/v2\/comments?post=16621"}],"version-history":[{"count":11,"href":"https:\/\/www.intermed.al\/en\/wp-json\/wp\/v2\/pages\/16621\/revisions"}],"predecessor-version":[{"id":17269,"href":"https:\/\/www.intermed.al\/en\/wp-json\/wp\/v2\/pages\/16621\/revisions\/17269"}],"wp:attachment":[{"href":"https:\/\/www.intermed.al\/en\/wp-json\/wp\/v2\/media?parent=16621"}],"curies":[{"name":"wp","href":"https:\/\/api.w.org\/{rel}","templated":true}]}}