{"id":16639,"date":"2018-02-05T14:09:36","date_gmt":"2018-02-05T14:09:36","guid":{"rendered":"http:\/\/www.intermed.al\/?page_id=16639"},"modified":"2018-04-03T14:25:23","modified_gmt":"2018-04-03T14:25:23","slug":"logjistika","status":"publish","type":"page","link":"https:\/\/www.intermed.al\/en\/logjistika\/","title":{"rendered":"OUR LOGISTICS"},"content":{"rendered":"<div class=\"wpb-content-wrapper\"><div class=\"vc_row wpb_row section vc_row-fluid  grid_section\" style=' padding-top:23px; text-align:left;'><div class=\"section_inner clearfix\"><div class='section_inner_margin clearfix'><div class=\"wpb_column vc_column_container vc_col-sm-12\"><div class=\"vc_column-inner\"><div class=\"wpb_wrapper\">\n\t<div class=\"wpb_single_image wpb_content_element vc_align_left\">\n\t\t<div class=\"wpb_wrapper\">\n\t\t\t\n\t\t\t<div class=\"vc_single_image-wrapper   vc_box_border_grey\"><img loading=\"lazy\" decoding=\"async\" width=\"1200\" height=\"520\" src=\"https:\/\/www.intermed.al\/wp-content\/uploads\/2018\/04\/barn.png\" class=\"vc_single_image-img attachment-full\" alt=\"\" title=\"barn\" srcset=\"https:\/\/www.intermed.al\/wp-content\/uploads\/2018\/04\/barn.png 1200w, https:\/\/www.intermed.al\/wp-content\/uploads\/2018\/04\/barn-300x130.png 300w, https:\/\/www.intermed.al\/wp-content\/uploads\/2018\/04\/barn-768x333.png 768w, https:\/\/www.intermed.al\/wp-content\/uploads\/2018\/04\/barn-1024x444.png 1024w, https:\/\/www.intermed.al\/wp-content\/uploads\/2018\/04\/barn-700x303.png 700w\" sizes=\"auto, (max-width: 1200px) 100vw, 1200px\" \/><\/div>\n\t\t<\/div>\n\t<\/div>\n<\/div><\/div><\/div><\/div><\/div><\/div><div      class=\"vc_row wpb_row section vc_row-fluid  vc_custom_1522745660984 grid_section\" style=' text-align:left;'><div class=\"section_inner clearfix\"><div class='section_inner_margin clearfix'><div class=\"wpb_column vc_column_container vc_col-sm-4\"><div class=\"vc_column-inner\"><div class=\"wpb_wrapper\">\t<div class=\"vc_empty_space\"  style=\"height: 12px\" ><span\n\t\t\tclass=\"vc_empty_space_inner\">\n\t\t\t<span class=\"empty_space_image\"  ><\/span>\n\t\t<\/span><\/div>\n\n<div class=\"separator  normal\" style=\"background-color: #006f78;height: 2px;\"><\/div>\n\t<div class=\"vc_empty_space\"  style=\"height: 5px\" ><span\n\t\t\tclass=\"vc_empty_space_inner\">\n\t\t\t<span class=\"empty_space_image\"  ><\/span>\n\t\t<\/span><\/div>\n\n<div  class=\"wpb_widgetised_column wpb_content_element\">\n\t\t<div class=\"wpb_wrapper\">\n\t\t\t\n\t\t\t<div class=\"widget widget_nav_menu\"><div class=\"menu-marketing-container\"><ul id=\"menu-marketing\" class=\"menu\"><li id=\"menu-item-17497\" class=\"menu-item menu-item-type-post_type menu-item-object-page menu-item-17497\"><a href=\"https:\/\/www.intermed.al\/en\/shitje-marketing\/\">SHITJE &#038; MARKETING<\/a><\/li>\n<li id=\"menu-item-17521\" class=\"menu-item menu-item-type-post_type menu-item-object-page menu-item-17521\"><a href=\"https:\/\/www.intermed.al\/en\/logjistika\/\">OUR LOGISTICS<\/a><\/li>\n<\/ul><\/div><\/div>\n\t\t<\/div>\n\t<\/div>\n<\/div><\/div><\/div><div class=\"wpb_column vc_column_container vc_col-sm-8\"><div class=\"vc_column-inner\"><div class=\"wpb_wrapper\">\t<div class=\"vc_empty_space\"  style=\"height: 12px\" ><span\n\t\t\tclass=\"vc_empty_space_inner\">\n\t\t\t<span class=\"empty_space_image\"  ><\/span>\n\t\t<\/span><\/div>\n\n<div class=\"separator  normal\" style=\"background-color: #006f78;height: 2px;\"><\/div>\n\t<div class=\"vc_empty_space\"  style=\"height: 2px\" ><span\n\t\t\tclass=\"vc_empty_space_inner\">\n\t\t\t<span class=\"empty_space_image\"  ><\/span>\n\t\t<\/span><\/div>\n\n<div      class=\"vc_row wpb_row section vc_row-fluid vc_inner\" style=' text-align:left;'><div class=\"full_section_inner clearfix\"><div class=\"wpb_column vc_column_container vc_col-sm-6\"><div class=\"vc_column-inner\"><div class=\"wpb_wrapper\">\n\t<div class=\"wpb_single_image wpb_content_element vc_align_left\">\n\t\t<div class=\"wpb_wrapper\">\n\t\t\t\n\t\t\t<div class=\"vc_single_image-wrapper   vc_box_border_grey\"><img loading=\"lazy\" decoding=\"async\" width=\"751\" height=\"1468\" src=\"https:\/\/www.intermed.al\/wp-content\/uploads\/2018\/04\/HARTA-01-tj.png\" class=\"vc_single_image-img attachment-full\" alt=\"\" title=\"HARTA-01 tj\" srcset=\"https:\/\/www.intermed.al\/wp-content\/uploads\/2018\/04\/HARTA-01-tj.png 751w, https:\/\/www.intermed.al\/wp-content\/uploads\/2018\/04\/HARTA-01-tj-153x300.png 153w, https:\/\/www.intermed.al\/wp-content\/uploads\/2018\/04\/HARTA-01-tj-524x1024.png 524w, https:\/\/www.intermed.al\/wp-content\/uploads\/2018\/04\/HARTA-01-tj-700x1368.png 700w\" sizes=\"auto, (max-width: 751px) 100vw, 751px\" \/><\/div>\n\t\t<\/div>\n\t<\/div>\n<\/div><\/div><\/div><div class=\"wpb_column vc_column_container vc_col-sm-6\"><div class=\"vc_column-inner\"><div class=\"wpb_wrapper\">\n\t<div class=\"wpb_text_column wpb_content_element\">\n\t\t<div class=\"wpb_wrapper\">\n\t\t\t<p><span style=\"color: #006f78;\"><strong>OUR LOGISTICS<\/strong><\/span><br \/>\nZhvillimi i logjistik\u00ebs n\u00eb Intermed ka ardhur gradualisht me pun\u00ebn prej m\u00eb shum\u00eb se dy dekadash n\u00eb treg. Logjistika \u00ebsht\u00eb nj\u00eb nd\u00ebr hallkat ky\u00e7e t\u00eb funksionimit t\u00eb zinxhirit t\u00eb magazinimit dhe<\/p>\n<p>distribucionit farmaceutik.<\/p>\n<p>Funksionimi i duhur i logjistik\u00ebs synon rritjen e <span style=\"color: #ff0000;\">nivelit t\u00eb sh\u00ebrbimit ndaj sh\u00ebrbimit<\/span> dhe reduktimin e kostove.<\/p>\n<p>Intermed ofron sh\u00ebrbimin e distribucionit p\u00ebr klient\u00ebt e saj:<\/p>\n<ul>\n<li>Depo primare dhe sekondare 57<\/li>\n<li>Farmaci 1200<\/li>\n<li>Spitale dhe klinika n\u00eb sektorin privat\/shtet\u00ebror 30<\/li>\n<\/ul>\n\n\t\t<\/div> \n\t<\/div> <\/div><\/div><\/div><\/div><\/div><\/div><\/div><\/div><\/div><\/div><\/div>\n<\/div>","protected":false},"excerpt":{"rendered":"SHITJE &#038; MARKETING LOGJISTIKA LOGJISTIKA Zhvillimi i logjistik\u00ebs n\u00eb Intermed ka ardhur gradualisht me pun\u00ebn prej m\u00eb shum\u00eb se dy dekadash n\u00eb treg. Logjistika \u00ebsht\u00eb nj\u00eb nd\u00ebr hallkat ky\u00e7e t\u00eb funksionimit t\u00eb zinxhirit t\u00eb magazinimit dhe distribucionit farmaceutik. Funksionimi i duhur i logjistik\u00ebs synon rritjen...","protected":false},"author":1,"featured_media":0,"parent":0,"menu_order":0,"comment_status":"closed","ping_status":"closed","template":"full_width.php","meta":{"footnotes":""},"class_list":["post-16639","page","type-page","status-publish","hentry"],"_links":{"self":[{"href":"https:\/\/www.intermed.al\/en\/wp-json\/wp\/v2\/pages\/16639","targetHints":{"allow":["GET"]}}],"collection":[{"href":"https:\/\/www.intermed.al\/en\/wp-json\/wp\/v2\/pages"}],"about":[{"href":"https:\/\/www.intermed.al\/en\/wp-json\/wp\/v2\/types\/page"}],"author":[{"embeddable":true,"href":"https:\/\/www.intermed.al\/en\/wp-json\/wp\/v2\/users\/1"}],"replies":[{"embeddable":true,"href":"https:\/\/www.intermed.al\/en\/wp-json\/wp\/v2\/comments?post=16639"}],"version-history":[{"count":38,"href":"https:\/\/www.intermed.al\/en\/wp-json\/wp\/v2\/pages\/16639\/revisions"}],"predecessor-version":[{"id":17867,"href":"https:\/\/www.intermed.al\/en\/wp-json\/wp\/v2\/pages\/16639\/revisions\/17867"}],"wp:attachment":[{"href":"https:\/\/www.intermed.al\/en\/wp-json\/wp\/v2\/media?parent=16639"}],"curies":[{"name":"wp","href":"https:\/\/api.w.org\/{rel}","templated":true}]}}