{"id":17236,"date":"2018-03-30T12:11:40","date_gmt":"2018-03-30T12:11:40","guid":{"rendered":"http:\/\/www.intermed.al\/?page_id=17236"},"modified":"2024-11-13T14:53:19","modified_gmt":"2024-11-13T14:53:19","slug":"sherbime","status":"publish","type":"page","link":"https:\/\/www.intermed.al\/en\/sherbime\/","title":{"rendered":"Services"},"content":{"rendered":"<div class=\"wpb-content-wrapper\"><div class=\"vc_row wpb_row section vc_row-fluid\" style='background-image:url(https:\/\/www.intermed.al\/wp-content\/uploads\/2018\/05\/sherbime.jpg); padding-top:210px; padding-bottom:210px; text-align:left;'><div class=\"full_section_inner clearfix\"><div class=\"wpb_column vc_column_container vc_col-sm-12\"><div class=\"vc_column-inner\"><div class=\"wpb_wrapper\"><\/div><\/div><\/div><\/div><\/div><div      class=\"vc_row wpb_row section vc_row-fluid  grid_section\" style=' padding-top:70px; padding-bottom:70px; text-align:left;'><div class=\"section_inner clearfix\"><div class='section_inner_margin clearfix'><div class=\"wpb_column vc_column_container vc_col-sm-6\"><div class=\"vc_column-inner\"><div class=\"wpb_wrapper\">\n\t<div class=\"wpb_text_column wpb_content_element\">\n\t\t<div class=\"wpb_wrapper\">\n\t\t\t<h2 style=\"color: #006f78; text-align: right;\">SALES AND <span style=\"color: #00757b;\">MARKETING<\/span> DEPARTMENT<\/h2>\n<p style=\"text-align: right;\">The Sales and Marketing Department monitors market trends and aims to propose the most appropriate products to meet patients\u2019 needs.<\/p>\n<p style=\"text-align: right;\">Its guiding principle is the application of professional ethics in the development of its activities.<\/p>\n<p style=\"text-align: right;\">The sales and marketing team ensures that healthcare professionals remain updated on the clinical profile of the products, as well as the benefits and effects of the products represented by INTERMED.<\/p>\n\n\t\t<\/div> \n\t<\/div> \t<div class=\"vc_empty_space\"  style=\"height: 12px\" ><span\n\t\t\tclass=\"vc_empty_space_inner\">\n\t\t\t<span class=\"empty_space_image\"  ><\/span>\n\t\t<\/span><\/div>\n\n<\/div><\/div><\/div><div class=\"wpb_column vc_column_container vc_col-sm-6\"><div class=\"vc_column-inner\"><div class=\"wpb_wrapper\"><div class='image_hover' style='' data-transition-delay=''><div class='images_holder'><img itemprop='image' class='active_image' src='https:\/\/www.intermed.al\/wp-content\/uploads\/2018\/05\/Shitje-dhe-Marketing-2-1.jpg' alt='' style='' \/><img itemprop='image' class='hover_image' src='https:\/\/www.intermed.al\/wp-content\/uploads\/2018\/05\/Shitje-dhe-MarketingRESIZE.jpg' alt='' style='' \/><\/div><\/div><\/div><\/div><\/div><\/div><\/div><\/div><div      class=\"vc_row wpb_row section vc_row-fluid  grid_section\" style='background-color:#fafbfc; padding-top:70px; padding-bottom:70px; text-align:left;'><div class=\"section_inner clearfix\"><div class='section_inner_margin clearfix'><div class=\"wpb_column vc_column_container vc_col-sm-6\"><div class=\"vc_column-inner\"><div class=\"wpb_wrapper\"><div class='image_hover' style='' data-transition-delay=''><div class='images_holder'><img itemprop='image' class='active_image' src='https:\/\/www.intermed.al\/wp-content\/uploads\/2018\/05\/Sistemi-Rregullator-dhe-cilesia-5.jpg' alt='' style='' \/><img itemprop='image' class='hover_image' src='https:\/\/www.intermed.al\/wp-content\/uploads\/2018\/05\/Sistemi-Rregullator-dhe-cilesia1.jpg' alt='' style='' \/><\/div><\/div><\/div><\/div><\/div><div class=\"wpb_column vc_column_container vc_col-sm-6\"><div class=\"vc_column-inner\"><div class=\"wpb_wrapper\">\t<div class=\"vc_empty_space\"  style=\"height: 12px\" ><span\n\t\t\tclass=\"vc_empty_space_inner\">\n\t\t\t<span class=\"empty_space_image\"  ><\/span>\n\t\t<\/span><\/div>\n\n\n\t<div class=\"wpb_text_column wpb_content_element\">\n\t\t<div class=\"wpb_wrapper\">\n\t\t\t<h2 style=\"color: #006f78; text-align: left;\">QUALITY ASSURANCE<\/h2>\n<p>The quality assurance system and compliance play a fundamental role in building trust with our partners and in ensuring proper patient care.<\/p>\n<p>The verification of company policies, as part of the quality assurance framework, ensures that the management of medicines marketed and distributed by INTERMED complies with national and European regulatory requirements for Good Storage and Distribution Practices.<\/p>\n<p>The quality assurance system provides patients with the assurance that the medicines they use meet the required quality standards and are safe for their health.<\/p>\n\n\t\t<\/div> \n\t<\/div> <\/div><\/div><\/div><\/div><\/div><\/div><div      class=\"vc_row wpb_row section vc_row-fluid  vc_custom_1524493232153 grid_section\" style='background-color:#fafbfc; padding-bottom:25px; text-align:left;'><div class=\"section_inner clearfix\"><div class='section_inner_margin clearfix'><div class=\"wpb_column vc_column_container vc_col-sm-12\"><div class=\"vc_column-inner\"><div class=\"wpb_wrapper\"><div class=\"separator  transparent\" style=\"height: 1px;\"><\/div>\n<div      class=\"vc_row wpb_row section vc_row-fluid vc_inner\" style=' text-align:left;'><div class=\"full_section_inner clearfix\"><div class=\"wpb_column vc_column_container vc_col-sm-6\"><div class=\"vc_column-inner\"><div class=\"wpb_wrapper\">\n\t<div class=\"wpb_single_image wpb_content_element vc_align_right\">\n\t\t<div class=\"wpb_wrapper\">\n\t\t\t\n\t\t\t<div class=\"vc_single_image-wrapper   vc_box_border_grey\"><img loading=\"lazy\" decoding=\"async\" width=\"361\" height=\"704\" src=\"https:\/\/www.intermed.al\/wp-content\/uploads\/2018\/04\/HARTA-01-tj-1.png\" class=\"vc_single_image-img attachment-full\" alt=\"\" title=\"HARTA-01-tj\" srcset=\"https:\/\/www.intermed.al\/wp-content\/uploads\/2018\/04\/HARTA-01-tj-1.png 361w, https:\/\/www.intermed.al\/wp-content\/uploads\/2018\/04\/HARTA-01-tj-1-154x300.png 154w\" sizes=\"auto, (max-width: 361px) 100vw, 361px\" \/><\/div>\n\t\t<\/div>\n\t<\/div>\n<\/div><\/div><\/div><div class=\"wpb_column vc_column_container vc_col-sm-6\"><div class=\"vc_column-inner\"><div class=\"wpb_wrapper\">\n\t<div class=\"wpb_text_column wpb_content_element\">\n\t\t<div class=\"wpb_wrapper\">\n\t\t\t<h2><span style=\"color: #00757b;\"><strong>OUR LOGISTICS<\/strong><\/span><\/h2>\n<p>&nbsp;<\/p>\n<p>The development of logistics at INTERMED has progressed gradually through more than two decades of activity in the market.<br \/>\nLogistics represents one of the key elements in the functioning of the pharmaceutical storage and distribution chain.<br \/>\nThe proper functioning of logistics aims to enhance the level of service provided and to reduce operational costs.<\/p>\n<p><span style=\"color: #00a651;\"><strong>INTERMED provides distribution services to its clients, including:<\/strong><\/span><\/p>\n<ul id=\"dy\">\n<li>Primary and secondary warehouses<\/li>\n<li>Pharmacies<\/li>\n<li>Hospitals and clinics in both the private and public sectors<\/li>\n<\/ul>\n\n\t\t<\/div> \n\t<\/div> <\/div><\/div><\/div><\/div><\/div><\/div><\/div><\/div><\/div><\/div><\/div><div      class=\"vc_row wpb_row section vc_row-fluid\" style=' text-align:left;'><div class=\"full_section_inner clearfix\"><div class=\"wpb_column vc_column_container vc_col-sm-12\"><div class=\"vc_column-inner\"><div class=\"wpb_wrapper\">\n\t<div class=\"wpb_text_column wpb_content_element\">\n\t\t<div class=\"wpb_wrapper\">\n\t\t\t<p><\/p>\n\n\t\t<\/div> \n\t<\/div> <\/div><\/div><\/div><\/div><\/div><div      class=\"vc_row wpb_row section vc_row-fluid  vc_custom_1524562150816 grid_section\" style=' padding-top:50px; padding-bottom:25px; text-align:left;'><div class=\"section_inner clearfix\"><div class='section_inner_margin clearfix'><div class=\"wpb_column vc_column_container vc_col-sm-12\"><div class=\"vc_column-inner\"><div class=\"wpb_wrapper\">\n\t<div class=\"wpb_text_column wpb_content_element\">\n\t\t<div class=\"wpb_wrapper\">\n\t\t\t<h2 style=\"color: #006f78; text-align: left;\">REGULATORY AFFAIRS AND PHARMACOVIGILANCE<\/h2>\n<p>&nbsp;<\/p>\n<p>The Regulatory Affairs Office serves as a key point in maintaining the relationship between INTERMED and the National Agency for Medicines and Medical Devices (AKBPM) \/ the Ministry of Health.<\/p>\n<p><strong><span style=\"color: #00a651;\">Among the activities carried out by the Regulatory Affairs Office at INTERMED are:<\/span><\/strong><\/p>\n<ul id=\"nje\">\n<li>Verification of registration dossiers in accordance with the approved format (eCTD)<\/li>\n<li>Submission of registration applications for pharmaceutical products marketed by INTERMED<\/li>\n<li>Submission of variations and follow-up of their approval<\/li>\n<li>Patient safety is our top priority.<\/li>\n<\/ul>\n<p>Pharmacovigilance refers to post-marketing pharmacovigilance activities and is related to product safety management through the collection, monitoring, and reporting of adverse drug reactions (ADR) and other undesirable events.<\/p>\n\n\t\t<\/div> \n\t<\/div> <\/div><\/div><\/div><\/div><\/div><\/div>\n<\/div>","protected":false},"excerpt":{"rendered":"DEPARTAMENTI I SHITJEVE DHE MARKETINGUT Departamenti i shitjeve dhe marketingut b\u00ebn monitorimin e tregut dhe ka q\u00ebllim t\u00eb propozoj\u00eb p\u00ebrzgjedhjen e produktit t\u00eb duhur p\u00ebr nevojat e pacientit. Parimi udh\u00ebheq\u00ebs \u00ebsht\u00eb zbatimi i etik\u00ebs profesionale n\u00eb zhvillimin e pun\u00ebs. Personeli i shitjeve dhe marketingut b\u00ebn...","protected":false},"author":1,"featured_media":0,"parent":0,"menu_order":0,"comment_status":"closed","ping_status":"closed","template":"full_width.php","meta":{"footnotes":""},"class_list":["post-17236","page","type-page","status-publish","hentry"],"_links":{"self":[{"href":"https:\/\/www.intermed.al\/en\/wp-json\/wp\/v2\/pages\/17236","targetHints":{"allow":["GET"]}}],"collection":[{"href":"https:\/\/www.intermed.al\/en\/wp-json\/wp\/v2\/pages"}],"about":[{"href":"https:\/\/www.intermed.al\/en\/wp-json\/wp\/v2\/types\/page"}],"author":[{"embeddable":true,"href":"https:\/\/www.intermed.al\/en\/wp-json\/wp\/v2\/users\/1"}],"replies":[{"embeddable":true,"href":"https:\/\/www.intermed.al\/en\/wp-json\/wp\/v2\/comments?post=17236"}],"version-history":[{"count":70,"href":"https:\/\/www.intermed.al\/en\/wp-json\/wp\/v2\/pages\/17236\/revisions"}],"predecessor-version":[{"id":19593,"href":"https:\/\/www.intermed.al\/en\/wp-json\/wp\/v2\/pages\/17236\/revisions\/19593"}],"wp:attachment":[{"href":"https:\/\/www.intermed.al\/en\/wp-json\/wp\/v2\/media?parent=17236"}],"curies":[{"name":"wp","href":"https:\/\/api.w.org\/{rel}","templated":true}]}}