{"id":17944,"date":"2018-04-05T07:43:58","date_gmt":"2018-04-05T07:43:58","guid":{"rendered":"http:\/\/www.intermed.al\/?page_id=17944"},"modified":"2024-11-13T11:57:24","modified_gmt":"2024-11-13T11:57:24","slug":"ekipi-yne","status":"publish","type":"page","link":"https:\/\/www.intermed.al\/en\/ekipi-yne\/","title":{"rendered":"Our Team"},"content":{"rendered":"<div class=\"wpb-content-wrapper\"><div class=\"vc_row wpb_row section vc_row-fluid  full_screen_section\" style='background-image:url(https:\/\/www.intermed.al\/wp-content\/uploads\/2018\/05\/ekipi-yne-2.jpg); padding-top:220px; padding-bottom:300px; text-align:center;'><div class=\"full_section_inner clearfix\"><div class=\"wpb_column vc_column_container vc_col-sm-12\"><div class=\"vc_column-inner\"><div class=\"wpb_wrapper\"><\/div><\/div><\/div><\/div><\/div><div      class=\"vc_row wpb_row section vc_row-fluid  grid_section\" style=' padding-top:70px; padding-bottom:70px; text-align:left;'><div class=\"section_inner clearfix\"><div class='section_inner_margin clearfix'><div class=\"wpb_column vc_column_container vc_col-sm-6\"><div class=\"vc_column-inner\"><div class=\"wpb_wrapper\">\n\t<div class=\"wpb_text_column wpb_content_element\">\n\t\t<div class=\"wpb_wrapper\">\n\t\t\t<div class=\"wpb_text_column wpb_content_element\">\n<div class=\"wpb_wrapper\">\n<h2><\/h2>\n<h2><\/h2>\n<h2 style=\"color: #006f78; text-align: right;\">LEADERSHIP<\/h2>\n<\/div>\n<\/div>\n<div class=\"separator transparent\" style=\"text-align: right;\"><\/div>\n<div class=\"wpb_text_column wpb_content_element\">\n<div class=\"wpb_wrapper\">\n<p style=\"text-align: right;\">The growth and consolidation of INTERMED in the market are the result of the work and dedication of its employees.<\/p>\n<p style=\"text-align: right;\">A key value of our leadership is the ability to build stable and productive relationships with other businesses, public institutions, healthcare professionals, and patients.<\/p>\n<p style=\"text-align: right;\">Building strong collaborative relationships is the key to success in an environment that is constantly evolving.<\/p>\n<\/div>\n<\/div>\n\n\t\t<\/div> \n\t<\/div> \t<div class=\"vc_empty_space\"  style=\"height: 12px\" ><span\n\t\t\tclass=\"vc_empty_space_inner\">\n\t\t\t<span class=\"empty_space_image\"  ><\/span>\n\t\t<\/span><\/div>\n\n<\/div><\/div><\/div><div class=\"wpb_column vc_column_container vc_col-sm-6\"><div class=\"vc_column-inner\"><div class=\"wpb_wrapper\"><div class='image_hover' style='' data-transition-delay=''><div class='images_holder'><img itemprop='image' class='active_image' src='https:\/\/www.intermed.al\/wp-content\/uploads\/2018\/05\/Lidership-1.jpg' alt='' style='' \/><img itemprop='image' class='hover_image' src='https:\/\/www.intermed.al\/wp-content\/uploads\/2018\/05\/Lidership1.jpg' alt='' style='' \/><\/div><\/div><\/div><\/div><\/div><\/div><\/div><\/div><div      class=\"vc_row wpb_row section vc_row-fluid  grid_section\" style='background-color:#ffffff; padding-top:20px; padding-bottom:70px; text-align:center;'><div class=\"section_inner clearfix\"><div class='section_inner_margin clearfix'><div class=\"wpb_column vc_column_container vc_col-sm-12\"><div class=\"vc_column-inner\"><div class=\"wpb_wrapper\"><div      class=\"vc_row wpb_row section vc_row-fluid vc_inner\" style=' text-align:left;'><div class=\"full_section_inner clearfix\"><div class=\"wpb_column vc_column_container vc_col-sm-3\"><div class=\"vc_column-inner\"><div class=\"wpb_wrapper\"><\/div><\/div><\/div><div class=\"wpb_column vc_column_container vc_col-sm-3\"><div class=\"vc_column-inner\"><div class=\"wpb_wrapper\">\n\t<div class=\"wpb_text_column wpb_content_element\">\n\t\t<div class=\"wpb_wrapper\">\n\t\t\t<h2 style=\"color: #006f78; text-align: right;\">ORGANIZATIONAL CHART<\/h2>\n\n\t\t<\/div> \n\t<\/div> <\/div><\/div><\/div><div class=\"wpb_column vc_column_container vc_col-sm-3\"><div class=\"vc_column-inner\"><div class=\"wpb_wrapper\"><\/div><\/div><\/div><div class=\"wpb_column vc_column_container vc_col-sm-3\"><div class=\"vc_column-inner\"><div class=\"wpb_wrapper\"><\/div><\/div><\/div><\/div><\/div><div class=\"separator  transparent\" style=\"height: 10px;\"><\/div>\n\n\t<div class=\"wpb_single_image wpb_content_element vc_align_center\">\n\t\t<div class=\"wpb_wrapper\">\n\t\t\t\n\t\t\t<div class=\"vc_single_image-wrapper   vc_box_border_grey\"><img loading=\"lazy\" decoding=\"async\" width=\"2560\" height=\"2241\" src=\"https:\/\/www.intermed.al\/wp-content\/uploads\/2024\/11\/INTERMED-ORGANOGRAMA-01-1-scaled.jpg\" class=\"vc_single_image-img attachment-full\" alt=\"\" title=\"INTERMED-ORGANOGRAMA-01-1\" srcset=\"https:\/\/www.intermed.al\/wp-content\/uploads\/2024\/11\/INTERMED-ORGANOGRAMA-01-1-scaled.jpg 2560w, https:\/\/www.intermed.al\/wp-content\/uploads\/2024\/11\/INTERMED-ORGANOGRAMA-01-1-300x263.jpg 300w, https:\/\/www.intermed.al\/wp-content\/uploads\/2024\/11\/INTERMED-ORGANOGRAMA-01-1-1024x896.jpg 1024w, https:\/\/www.intermed.al\/wp-content\/uploads\/2024\/11\/INTERMED-ORGANOGRAMA-01-1-768x672.jpg 768w, https:\/\/www.intermed.al\/wp-content\/uploads\/2024\/11\/INTERMED-ORGANOGRAMA-01-1-1536x1345.jpg 1536w, https:\/\/www.intermed.al\/wp-content\/uploads\/2024\/11\/INTERMED-ORGANOGRAMA-01-1-2048x1793.jpg 2048w, https:\/\/www.intermed.al\/wp-content\/uploads\/2024\/11\/INTERMED-ORGANOGRAMA-01-1-700x613.jpg 700w\" sizes=\"auto, (max-width: 2560px) 100vw, 2560px\" \/><\/div>\n\t\t<\/div>\n\t<\/div>\n<\/div><\/div><\/div><\/div><\/div><\/div><div      class=\"vc_row wpb_row section vc_row-fluid  grid_section\" style='background-color:#fafbfc; padding-top:70px; padding-bottom:70px; text-align:left;'><div class=\"section_inner clearfix\"><div class='section_inner_margin clearfix'><div class=\"wpb_column vc_column_container vc_col-sm-6\"><div class=\"vc_column-inner\"><div class=\"wpb_wrapper\"><div class='image_hover' style='' data-transition-delay=''><div class='images_holder'><img itemprop='image' class='active_image' src='https:\/\/www.intermed.al\/wp-content\/uploads\/2018\/05\/Karriera-ne-iNTERMED.jpg' alt='' style='' \/><img itemprop='image' class='hover_image' src='https:\/\/www.intermed.al\/wp-content\/uploads\/2018\/05\/Karriera-ne-iNTERMED1.jpg' alt='' style='' \/><\/div><\/div><\/div><\/div><\/div><div class=\"wpb_column vc_column_container vc_col-sm-6\"><div class=\"vc_column-inner\"><div class=\"wpb_wrapper\">\t<div class=\"vc_empty_space\"  style=\"height: 12px\" ><span\n\t\t\tclass=\"vc_empty_space_inner\">\n\t\t\t<span class=\"empty_space_image\"  ><\/span>\n\t\t<\/span><\/div>\n\n\n\t<div class=\"wpb_text_column wpb_content_element\">\n\t\t<div class=\"wpb_wrapper\">\n\t\t\t<div class=\"wpb_text_column wpb_content_element\">\n<div class=\"wpb_wrapper\">\n<h2><\/h2>\n<h2><\/h2>\n<h2 style=\"color: #006f78; text-align: left;\"><span style=\"color: #00757b;\">CAREERS<\/span> AT INTERMED<\/h2>\n<\/div>\n<\/div>\n<div class=\"separator transparent\" style=\"text-align: right;\"><\/div>\n<div class=\"wpb_text_column wpb_content_element\">\n<div class=\"wpb_wrapper\">\n<p>The growth and consolidation of INTERMED in the market are the result of the work and dedication of its employees.<\/p>\n<p>A key value of our leadership is the ability to build stable and productive relationships with other businesses, public institutions, healthcare professionals, and patients.<\/p>\n<p>Building strong collaborative relationships is the key to success in an environment that is constantly evolving.\n<\/p><\/div>\n<\/div>\n\n\t\t<\/div> \n\t<\/div> <\/div><\/div><\/div><\/div><\/div><\/div><div      class=\"vc_row wpb_row section vc_row-fluid  vc_custom_1524572385079 grid_section\" style=' padding-top:15px; padding-bottom:15px; text-align:left;'><div class=\"section_inner clearfix\"><div class='section_inner_margin clearfix'><div class=\"wpb_column vc_column_container vc_col-sm-6\"><div class=\"vc_column-inner\"><div class=\"wpb_wrapper\">\n\t<div class=\"wpb_text_column wpb_content_element  vc_custom_1527779603963\">\n\t\t<div class=\"wpb_wrapper\">\n\t\t\t<div class=\"wpb_text_column wpb_content_element\">\n<div class=\"wpb_wrapper\">\n<h2 style=\"color: #006f78; text-align: right;\">WORK WITH US<\/h2>\n<p>&nbsp;\n<\/p><\/div>\n<\/div>\n<div class=\"wpb_text_column wpb_content_element\">\n<div class=\"wpb_wrapper\">\n<p style=\"text-align: right;\">We are focused on identifying individuals with innovative ideas and a strong motivation to grow and contribute to the advancement of our activities.<\/p>\n<p style=\"text-align: right;\">If you believe you could work with us or have projects that could be developed through collaboration with our company, please contact us.<\/p>\n<\/div>\n<\/div>\n\n\t\t<\/div> \n\t<\/div> \t<div class=\"vc_empty_space\"  style=\"height: 12px\" ><span\n\t\t\tclass=\"vc_empty_space_inner\">\n\t\t\t<span class=\"empty_space_image\"  ><\/span>\n\t\t<\/span><\/div>\n\n<\/div><\/div><\/div><div class=\"wpb_column vc_column_container vc_col-sm-6\"><div class=\"vc_column-inner\"><div class=\"wpb_wrapper\">\n\t<div class=\"wpb_text_column wpb_content_element  vc_custom_1522919054246\">\n\t\t<div class=\"wpb_wrapper\">\n\t\t\t\n<div class=\"wpcf7 no-js\" id=\"wpcf7-f16765-o1\" lang=\"en-US\" dir=\"ltr\" data-wpcf7-id=\"16765\">\n<div class=\"screen-reader-response\"><p role=\"status\" aria-live=\"polite\" aria-atomic=\"true\"><\/p> <ul><\/ul><\/div>\n<form action=\"\/en\/wp-json\/wp\/v2\/pages\/17944#wpcf7-f16765-o1\" method=\"post\" class=\"wpcf7-form init\" aria-label=\"Contact form\" enctype=\"multipart\/form-data\" novalidate=\"novalidate\" data-status=\"init\" data-trp-original-action=\"\/en\/wp-json\/wp\/v2\/pages\/17944#wpcf7-f16765-o1\">\n<fieldset class=\"hidden-fields-container\"><input type=\"hidden\" name=\"_wpcf7\" value=\"16765\" \/><input type=\"hidden\" name=\"_wpcf7_version\" value=\"6.1.5\" \/><input type=\"hidden\" name=\"_wpcf7_locale\" value=\"en_US\" \/><input type=\"hidden\" name=\"_wpcf7_unit_tag\" value=\"wpcf7-f16765-o1\" \/><input type=\"hidden\" name=\"_wpcf7_container_post\" value=\"0\" \/><input type=\"hidden\" name=\"_wpcf7_posted_data_hash\" value=\"\" \/>\n<\/fieldset>\n<p><label style=\"color:#006f78; font-weight: bold;\"> ATTACH YOUR CV <\/label><br \/>\n<span class=\"wpcf7-form-control-wrap\" data-name=\"file-789\"><input size=\"40\" class=\"wpcf7-form-control wpcf7-file wpcf7-validates-as-required\" accept=\"audio\/*,video\/*,image\/*\" aria-required=\"true\" aria-invalid=\"false\" type=\"file\" name=\"file-789\" \/><\/span>\n<\/p>\n<p><span class=\"wpcf7-form-control-wrap\" data-name=\"text-223\"><input size=\"40\" maxlength=\"400\" class=\"wpcf7-form-control wpcf7-text wpcf7-validates-as-required\" aria-required=\"true\" aria-invalid=\"false\" placeholder=\"First name Last name\" value=\"\" type=\"text\" name=\"text-223\" \/><\/span><br \/>\n<span class=\"wpcf7-form-control-wrap\" data-name=\"Email\"><input size=\"40\" maxlength=\"400\" class=\"wpcf7-form-control wpcf7-email wpcf7-validates-as-required wpcf7-text wpcf7-validates-as-email\" aria-required=\"true\" aria-invalid=\"false\" placeholder=\"Your email\" value=\"\" type=\"email\" name=\"Email\" \/><\/span><br \/>\n<span class=\"wpcf7-form-control-wrap\" data-name=\"tel-176\"><input size=\"40\" maxlength=\"400\" class=\"wpcf7-form-control wpcf7-tel wpcf7-text wpcf7-validates-as-tel\" aria-invalid=\"false\" placeholder=\"Phone number\" value=\"\" type=\"tel\" name=\"tel-176\" \/><\/span><br \/>\n<span class=\"wpcf7-form-control-wrap\" data-name=\"textarea-846\"><textarea cols=\"40\" rows=\"10\" maxlength=\"2000\" class=\"wpcf7-form-control wpcf7-textarea\" aria-invalid=\"false\" placeholder=\"Your message\" name=\"textarea-846\"><\/textarea><\/span>\n<\/p>\n<p><input class=\"wpcf7-form-control wpcf7-submit has-spinner\" type=\"submit\" value=\"Send\" \/>\n<\/p><div class=\"wpcf7-response-output\" aria-hidden=\"true\"><\/div>\n<input type=\"hidden\" name=\"trp-form-language\" value=\"en\"\/><\/form>\n<\/div>\n\n\n\t\t<\/div> \n\t<\/div> <\/div><\/div><\/div><\/div><\/div><\/div>\n<\/div>","protected":false},"excerpt":{"rendered":"LIDERSHIP Rritja dhe konsolidimi i INTERMED n\u00eb treg \u00ebsht\u00eb rezultat i pun\u00ebs dhe p\u00ebrkushtimit t\u00eb punonj\u00ebsve t\u00eb saj. Vlera kryesore e lider\u00ebve tan\u00eb \u00ebsht\u00eb q\u00eb b\u00ebjn\u00eb t\u00eb mundur lidhjen e marr\u00ebdh\u00ebnieve t\u00eb q\u00ebndrueshme e t\u00eb frytshme me biznese t\u00eb tjera, me institucionet shtet\u00ebrore, me profesionist\u00ebt...","protected":false},"author":1,"featured_media":0,"parent":0,"menu_order":0,"comment_status":"closed","ping_status":"closed","template":"full_width.php","meta":{"footnotes":""},"class_list":["post-17944","page","type-page","status-publish","hentry"],"_links":{"self":[{"href":"https:\/\/www.intermed.al\/en\/wp-json\/wp\/v2\/pages\/17944","targetHints":{"allow":["GET"]}}],"collection":[{"href":"https:\/\/www.intermed.al\/en\/wp-json\/wp\/v2\/pages"}],"about":[{"href":"https:\/\/www.intermed.al\/en\/wp-json\/wp\/v2\/types\/page"}],"author":[{"embeddable":true,"href":"https:\/\/www.intermed.al\/en\/wp-json\/wp\/v2\/users\/1"}],"replies":[{"embeddable":true,"href":"https:\/\/www.intermed.al\/en\/wp-json\/wp\/v2\/comments?post=17944"}],"version-history":[{"count":60,"href":"https:\/\/www.intermed.al\/en\/wp-json\/wp\/v2\/pages\/17944\/revisions"}],"predecessor-version":[{"id":19588,"href":"https:\/\/www.intermed.al\/en\/wp-json\/wp\/v2\/pages\/17944\/revisions\/19588"}],"wp:attachment":[{"href":"https:\/\/www.intermed.al\/en\/wp-json\/wp\/v2\/media?parent=17944"}],"curies":[{"name":"wp","href":"https:\/\/api.w.org\/{rel}","templated":true}]}}