{"id":18193,"date":"2014-07-29T09:31:35","date_gmt":"2014-07-29T09:31:35","guid":{"rendered":"http:\/\/www.intermed.al\/home-bridge-health\/"},"modified":"2018-05-08T12:58:06","modified_gmt":"2018-05-08T12:58:06","slug":"home-bridge-health","status":"publish","type":"page","link":"https:\/\/www.intermed.al\/en\/home-bridge-health\/?lang=en","title":{"rendered":"Home"},"content":{"rendered":"<div class=\"wpb-content-wrapper\"><div class=\"vc_row wpb_row section vc_row-fluid\" style='background-color:#ffffff; text-align:left;'><div class=\"full_section_inner clearfix\"><div class=\"wpb_column vc_column_container vc_col-sm-12\"><div class=\"vc_column-inner\"><div class=\"wpb_wrapper\"><div      class=\"vc_row wpb_row section vc_row-fluid vc_inner  grid_section\" style=' padding-top:50px; padding-bottom:45px; text-align:left;'><div class=\"section_inner clearfix\"><div class='section_inner_margin clearfix'><div class=\"wpb_column vc_column_container vc_col-sm-4\"><div class=\"vc_column-inner\"><div class=\"wpb_wrapper\">\n\t<div class=\"wpb_text_column wpb_content_element  vc_custom_1522916230212\">\n\t\t<div class=\"wpb_wrapper\">\n\t\t\t<h2><span style=\"color: #ffffff;\"><img loading=\"lazy\" decoding=\"async\" class=\"size-full wp-image-17970 alignleft\" src=\"http:\/\/www.intermed.al\/wp-content\/uploads\/2018\/04\/home.png\" alt=\"\" width=\"36\" height=\"35\" \/>History<\/span><\/h2>\n\n\t\t<\/div> \n\t<\/div> \n\t<div class=\"wpb_text_column wpb_content_element  vc_custom_1522914578537\">\n\t\t<div class=\"wpb_wrapper\">\n\t\t\t<p><span style=\"color: #ffffff;\">Kompania u themelua n\u00eb 15 Prill 1996 nga<\/span><span style=\"color: #ffffff;\">z.Petrit Maho, q\u00eb pati vizionin se ndryshimet n\u00eb sh\u00ebndet\u00ebsi\u00a0<\/span><span style=\"color: #ffffff;\">dhe produktet farmaceutike ishin t\u00eb pranishme n\u00eb tregun shqiptar.<\/span><\/p>\n\n\t\t<\/div> \n\t<\/div> <\/div><\/div><\/div><div class=\"wpb_column vc_column_container vc_col-sm-4\"><div class=\"vc_column-inner\"><div class=\"wpb_wrapper\">\n\t<div class=\"wpb_text_column wpb_content_element  vc_custom_1522916362625\">\n\t\t<div class=\"wpb_wrapper\">\n\t\t\t<h2><span style=\"color: #ffffff;\"><img loading=\"lazy\" decoding=\"async\" class=\"size-full wp-image-17984 alignleft\" src=\"http:\/\/www.intermed.al\/wp-content\/uploads\/2018\/04\/ikona2.png\" alt=\"\" width=\"36\" height=\"36\" \/>Vlerat<\/span><\/h2>\n\n\t\t<\/div> \n\t<\/div> \n\t<div class=\"wpb_text_column wpb_content_element  vc_custom_1522914377867\">\n\t\t<div class=\"wpb_wrapper\">\n\t\t\t<p><span style=\"color: #ffffff;\">Inovacioni n\u00eb produkte dhe sh\u00ebrbime, cil\u00ebsia e lart\u00eb dhe siguria, d\u00ebrgesa e shpejt\u00eb, si dhe transparenca n\u00eb marr\u00ebdh\u00ebniet me partner\u00ebt dhe klient\u00ebt tan\u00eb, jan\u00eb vlerat q\u00eb na ve\u00e7ojn\u00eb ne n\u00eb treg.<\/span><\/p>\n\n\t\t<\/div> \n\t<\/div> <\/div><\/div><\/div><div class=\"wpb_column vc_column_container vc_col-sm-4\"><div class=\"vc_column-inner\"><div class=\"wpb_wrapper\">\n\t<div class=\"wpb_text_column wpb_content_element  vc_custom_1522916183601\">\n\t\t<div class=\"wpb_wrapper\">\n\t\t\t<h2><span style=\"color: #ffffff;\"><img loading=\"lazy\" decoding=\"async\" class=\"size-full wp-image-17959 alignleft\" src=\"http:\/\/www.intermed.al\/wp-content\/uploads\/2018\/04\/eye-1.png\" alt=\"\" width=\"48\" height=\"36\" \/>Vizioni<\/span><\/h2>\n\n\t\t<\/div> \n\t<\/div> \n\t<div class=\"wpb_text_column wpb_content_element  vc_custom_1522914816187\">\n\t\t<div class=\"wpb_wrapper\">\n\t\t\t<p><span style=\"color: #ffffff;\">Vizioni yn\u00eb \u00ebsht\u00eb sigurimi i produkteve, promovimi i nj\u00eb mjedisi proaktiv dhe sh\u00ebrbimeve me cil\u00ebsi t\u00eb lart\u00eb t\u00eb cilat i p\u00ebrgjigjen dinamik\u00ebs s\u00eb zhvillimit t\u00eb tregut<\/span><\/p>\n<p><span style=\"color: #ffffff;\"> dhe k\u00ebrkesave t\u00eb pacient\u00ebve.<\/span><\/p>\n\n\t\t<\/div> \n\t<\/div> <\/div><\/div><\/div><\/div><\/div><\/div><\/div><\/div><\/div><\/div><\/div><div      class=\"vc_row wpb_row section vc_row-fluid\" style='background-color:#f9f9f9; text-align:left;'><div class=\"full_section_inner clearfix\"><div class=\"wpb_column vc_column_container vc_col-sm-12\"><div class=\"vc_column-inner\"><div class=\"wpb_wrapper\"><div      class=\"vc_row wpb_row section vc_row-fluid vc_inner  grid_section\" style=' padding-top:80px; text-align:left;'><div class=\"section_inner clearfix\"><div class='section_inner_margin clearfix'><div class=\"wpb_column vc_column_container vc_col-sm-12\"><div class=\"vc_column-inner\"><div class=\"wpb_wrapper\">\n\t<div class=\"wpb_text_column wpb_content_element\">\n\t\t<div class=\"wpb_wrapper\">\n\t\t\t<h2 style=\"text-align: center;\"><span style=\"color: #007278;\">INTERMED, A SYNONYM FOR PROFESSIONALISM AND INTEGRITY<\/span><\/h2>\n\n\t\t<\/div> \n\t<\/div> <div class=\"separator  transparent\" style=\"margin-top: 15px;margin-bottom: 0px;\"><\/div>\n\n\t<div class=\"wpb_text_column wpb_content_element\">\n\t\t<div class=\"wpb_wrapper\">\n\t\t\t<p style=\"text-align: center;\">Eksperienca p\u00ebr m\u00eb shum\u00eb se dy dekada n\u00eb treg, b\u00ebn q\u00eb Intermed t\u00eb jet\u00eb gjithnj\u00eb udh\u00ebheq\u00ebs i ndryshimeve dhe risive n\u00eb treg.<\/p>\n\n\t\t<\/div> \n\t<\/div> <\/div><\/div><\/div><\/div><\/div><\/div><div      class=\"vc_row wpb_row section vc_row-fluid vc_inner  grid_section\" style=' padding-top:30px; padding-bottom:90px; text-align:center;'><div class=\"section_inner clearfix\"><div class='section_inner_margin clearfix'><div class=\"wpb_column vc_column_container vc_col-sm-4\"><div class=\"vc_column-inner\"><div class=\"wpb_wrapper\">\t<div class=\"vc_empty_space\"  style=\"height: 10px\" ><span\n\t\t\tclass=\"vc_empty_space_inner\">\n\t\t\t<span class=\"empty_space_image\"  ><\/span>\n\t\t<\/span><\/div>\n\n<\/div><\/div><\/div><div class=\"wpb_column vc_column_container vc_col-sm-4\"><div class=\"vc_column-inner\"><div class=\"wpb_wrapper\"><a  itemprop=\"url\" href=\"http:\/\/www.intermed.al\/en\/sherbime\/\" target=\"_blank\"  class=\"qbutton  large default\" style=\"\">See more <\/a><\/div><\/div><\/div><div class=\"wpb_column vc_column_container vc_col-sm-4\"><div class=\"vc_column-inner\"><div class=\"wpb_wrapper\"><\/div><\/div><\/div><\/div><\/div><\/div><div      class=\"vc_row wpb_row section vc_row-fluid vc_inner  grid_section\" style='background-color:#f9f9f9; padding-bottom:100px; text-align:left;'><div class=\"section_inner clearfix\"><div class='section_inner_margin clearfix'><div class=\"wpb_column vc_column_container vc_col-sm-4\"><div class=\"vc_column-inner\"><div class=\"wpb_wrapper\">\n\t<div class=\"wpb_single_image wpb_content_element vc_align_left\">\n\t\t<div class=\"wpb_wrapper\">\n\t\t\t\n\t\t\t<div class=\"vc_single_image-wrapper   vc_box_border_grey\"><img loading=\"lazy\" decoding=\"async\" width=\"354\" height=\"233\" src=\"https:\/\/www.intermed.al\/wp-content\/uploads\/2018\/01\/sherbim1.png\" class=\"vc_single_image-img attachment-full\" alt=\"\" title=\"sherbim1\" srcset=\"https:\/\/www.intermed.al\/wp-content\/uploads\/2018\/01\/sherbim1.png 354w, https:\/\/www.intermed.al\/wp-content\/uploads\/2018\/01\/sherbim1-300x197.png 300w\" sizes=\"auto, (max-width: 354px) 100vw, 354px\" \/><\/div>\n\t\t<\/div>\n\t<\/div>\n<div class=\"separator  transparent\" style=\"margin-top: 20px;margin-bottom: 0px;\"><\/div>\n\n\t<div class=\"wpb_text_column wpb_content_element\">\n\t\t<div class=\"wpb_wrapper\">\n\t\t\t<h6><a href=\"http:\/\/www.intermed.al\/en\/shitje-marketing-logjistike\/\" target=\"_blank\" rel=\"noopener\">Logjistika<\/a><\/h6>\n\n\t\t<\/div> \n\t<\/div> <div class=\"separator  transparent\" style=\"margin-top: 5px;margin-bottom: 0px;\"><\/div>\n\n\t<div class=\"wpb_text_column wpb_content_element\">\n\t\t<div class=\"wpb_wrapper\">\n\t\t\t<p>Logjistika \u00ebsht\u00eb nj\u00eb nd\u00ebr hallkat ky\u00e7e t\u00eb funksionimit t\u00eb distribucionit farmaceutik, dhe\u00a0n\u00eb Intermed ky sh\u00ebrbim ofrohet\u00a0 prej m\u00eb shum\u00eb se dy dekadash.<\/p>\n\n\t\t<\/div> \n\t<\/div> <\/div><\/div><\/div><div class=\"wpb_column vc_column_container vc_col-sm-4\"><div class=\"vc_column-inner\"><div class=\"wpb_wrapper\">\n\t<div class=\"wpb_single_image wpb_content_element vc_align_left\">\n\t\t<div class=\"wpb_wrapper\">\n\t\t\t\n\t\t\t<div class=\"vc_single_image-wrapper   vc_box_border_grey\"><img loading=\"lazy\" decoding=\"async\" width=\"356\" height=\"232\" src=\"https:\/\/www.intermed.al\/wp-content\/uploads\/2018\/01\/sherbim2-1.png\" class=\"vc_single_image-img attachment-full\" alt=\"\" title=\"sherbim2\" srcset=\"https:\/\/www.intermed.al\/wp-content\/uploads\/2018\/01\/sherbim2-1.png 356w, https:\/\/www.intermed.al\/wp-content\/uploads\/2018\/01\/sherbim2-1-300x196.png 300w\" sizes=\"auto, (max-width: 356px) 100vw, 356px\" \/><\/div>\n\t\t<\/div>\n\t<\/div>\n<div class=\"separator  transparent\" style=\"margin-top: 20px;margin-bottom: 0px;\"><\/div>\n\n\t<div class=\"wpb_text_column wpb_content_element\">\n\t\t<div class=\"wpb_wrapper\">\n\t\t\t<h6><a href=\"http:\/\/www.intermed.al\/en\/shitje-marketing-logjistike\/\" target=\"_blank\" rel=\"noopener\">Shitje dhe marketing<\/a><\/h6>\n\n\t\t<\/div> \n\t<\/div> <div class=\"separator  transparent\" style=\"margin-top: 5px;margin-bottom: 0px;\"><\/div>\n\n\t<div class=\"wpb_text_column wpb_content_element\">\n\t\t<div class=\"wpb_wrapper\">\n\t\t\t<p>The Sales and Marketing Department monitors market trends and aims to propose the most appropriate products to meet patients\u2019 needs.<\/p>\n\n\t\t<\/div> \n\t<\/div> <\/div><\/div><\/div><div class=\"wpb_column vc_column_container vc_col-sm-4\"><div class=\"vc_column-inner\"><div class=\"wpb_wrapper\">\n\t<div class=\"wpb_single_image wpb_content_element vc_align_left\">\n\t\t<div class=\"wpb_wrapper\">\n\t\t\t\n\t\t\t<div class=\"vc_single_image-wrapper   vc_box_border_grey\"><img loading=\"lazy\" decoding=\"async\" width=\"355\" height=\"232\" src=\"https:\/\/www.intermed.al\/wp-content\/uploads\/2018\/01\/sherbim3-2.png\" class=\"vc_single_image-img attachment-full\" alt=\"\" title=\"sherbim3\" srcset=\"https:\/\/www.intermed.al\/wp-content\/uploads\/2018\/01\/sherbim3-2.png 355w, https:\/\/www.intermed.al\/wp-content\/uploads\/2018\/01\/sherbim3-2-300x196.png 300w\" sizes=\"auto, (max-width: 355px) 100vw, 355px\" \/><\/div>\n\t\t<\/div>\n\t<\/div>\n<div class=\"separator  transparent\" style=\"margin-top: 20px;margin-bottom: 0px;\"><\/div>\n\n\t<div class=\"wpb_text_column wpb_content_element\">\n\t\t<div class=\"wpb_wrapper\">\n\t\t\t<h6><a href=\"http:\/\/www.intermed.al\/en\/sherbimi-rregullator-dhe-farmakovigjilenca-2\/\" target=\"_blank\" rel=\"noopener\">Sistemi Rregullator dhe cil\u00ebsia<\/a><\/h6>\n\n\t\t<\/div> \n\t<\/div> <div class=\"separator  transparent\" style=\"margin-top: 5px;margin-bottom: 0px;\"><\/div>\n\n\t<div class=\"wpb_text_column wpb_content_element\">\n\t\t<div class=\"wpb_wrapper\">\n\t\t\t<p>The quality assurance system and compliance play a fundamental role in building trust with our partners and in ensuring proper patient care.<\/p>\n\n\t\t<\/div> \n\t<\/div> <\/div><\/div><\/div><\/div><\/div><\/div><\/div><\/div><\/div><\/div><\/div><section      data-speed=\"1\" class=\"parallax_section_holder\" style = \" height:450px; background-image:url('');\"><div class=\"parallax_content left\"><div class='parallax_section_inner_margin clearfix'><div class=\"wpb_column vc_column_container vc_col-sm-12\"><div class=\"vc_column-inner\"><div class=\"wpb_wrapper\"><div      class=\"vc_row wpb_row section vc_row-fluid vc_inner  grid_section\" style=' padding-top:165px; text-align:center;'><div class=\"section_inner clearfix\"><div class='section_inner_margin clearfix'><div class=\"wpb_column vc_column_container vc_col-sm-3\"><div class=\"vc_column-inner\"><div class=\"wpb_wrapper\"><div class=\"q_counter_holder  center\" style=\"\"><span class=\"counter  random\" style=\"\">22<\/span><p class=\"counter_text\" style=\"\">Vite n\u00eb treg<\/p><\/div><div class=\"separator  transparent\" style=\"margin-top: 20px;margin-bottom: 0px;\"><\/div>\n<\/div><\/div><\/div><div class=\"wpb_column vc_column_container vc_col-sm-3\"><div class=\"vc_column-inner\"><div class=\"wpb_wrapper\"><div class=\"q_counter_holder  center\" style=\"\"><span class=\"counter  random\" style=\"\">31<\/span><p class=\"counter_text\" style=\"\">Punonj\u00ebs<\/p><\/div><div class=\"separator  transparent\" style=\"margin-top: 20px;margin-bottom: 0px;\"><\/div>\n<\/div><\/div><\/div><div class=\"wpb_column vc_column_container vc_col-sm-3\"><div class=\"vc_column-inner\"><div class=\"wpb_wrapper\"><div class=\"q_counter_holder  center\" style=\"\"><span class=\"counter  random\" style=\"\">300<\/span><p class=\"counter_text\" style=\"\">Products<\/p><\/div><div class=\"separator  transparent\" style=\"margin-top: 20px;margin-bottom: 0px;\"><\/div>\n<\/div><\/div><\/div><div class=\"wpb_column vc_column_container vc_col-sm-3\"><div class=\"vc_column-inner\"><div class=\"wpb_wrapper\"><div class=\"q_counter_holder  center\" style=\"\"><span class=\"counter  random\" style=\"\">1287<\/span><p class=\"counter_text\" style=\"\">Klient\u00eb <\/p><\/div><div class=\"separator  transparent\" style=\"margin-top: 155px;margin-bottom: 0px;\"><\/div>\n<\/div><\/div><\/div><\/div><\/div><\/div><\/div><\/div><\/div><\/div><\/div><\/section><div      class=\"vc_row wpb_row section vc_row-fluid\" style='background-color:#f9f9f9; text-align:left;'><div class=\"full_section_inner clearfix\"><div class=\"wpb_column vc_column_container vc_col-sm-12\"><div class=\"vc_column-inner\"><div class=\"wpb_wrapper\"><div      class=\"vc_row wpb_row section vc_row-fluid vc_inner\" style='background-color:#f9f9f9; padding-top:55px; padding-bottom:55px; text-align:left;'><div class=\"full_section_inner clearfix\"><div class=\"wpb_column vc_column_container vc_col-sm-12\"><div class=\"vc_column-inner\"><div class=\"wpb_wrapper\">\n\t<div class=\"wpb_text_column wpb_content_element\">\n\t\t<div class=\"wpb_wrapper\">\n\t\t\t<h2 style=\"text-align: center;\"><span style=\"color: #007278;\">WE ARE THE FIRST CHOICE FOR PROFESSIONALS.<\/span>\u00a0\u00a0<span style=\"text-decoration: underline; color: #00a651;\"><a href=\"http:\/\/www.intermed.al\/en\/our-process\/\" target=\"_blank\" rel=\"noopener\"><span style=\"color: #00a651; text-decoration: underline;\">SHIKO M\u00cb SHUM\u00cb<\/span><\/a><\/span><\/h2>\n\n\t\t<\/div> \n\t<\/div> <\/div><\/div><\/div><\/div><\/div>\n\t<div class=\"wpb_text_column wpb_content_element\">\n\t\t<div class=\"wpb_wrapper\">\n\t\t\t<div class=\"lshowcase-clear-both\">&nbsp;<\/div><div class=\"lshowcase-logos\"><div style='display:none;' class='lshowcase-wrap-carousel-0' ><div class=\"lshowcase-slide\"><img src='https:\/\/www.intermed.al\/wp-content\/uploads\/2024\/11\/abdi-4.png' width='117'  height = '117'  alt='Abdi' title='' class='lshowcase-normal' \/><\/div><div class=\"lshowcase-slide\"><img src='https:\/\/www.intermed.al\/wp-content\/uploads\/2018\/03\/roche.png' width='180'  height = '63'  alt='Roche' title='' class='lshowcase-normal' \/><\/div><div class=\"lshowcase-slide\"><img src='https:\/\/www.intermed.al\/wp-content\/uploads\/2024\/11\/aft-on.png' width='117'  height = '117'  alt='AFT' title='' class='lshowcase-normal' \/><\/div><div class=\"lshowcase-slide\"><img src='https:\/\/www.intermed.al\/wp-content\/uploads\/2018\/04\/noval-2.png' width='117'  height = '117'  alt='Noval' title='' class='lshowcase-normal' \/><\/div><div class=\"lshowcase-slide\"><img src='https:\/\/www.intermed.al\/wp-content\/uploads\/2024\/11\/fortex-on-1.png' width='117'  height = '117'  alt='Fortex' title='' class='lshowcase-normal' \/><\/div><div class=\"lshowcase-slide\"><img src='https:\/\/www.intermed.al\/wp-content\/uploads\/2018\/04\/Untitled-10-300x195.png' width='180'  height = '117'  alt='Bayer' title='' class='lshowcase-normal' \/><\/div><div class=\"lshowcase-slide\"><img src='https:\/\/www.intermed.al\/wp-content\/uploads\/2018\/02\/berlin.png' width='180'  height = '63'  alt='Berlin' title='' class='lshowcase-normal' \/><\/div><div class=\"lshowcase-slide\"><img src='https:\/\/www.intermed.al\/wp-content\/uploads\/2024\/11\/ms-pharma-on.png' width='117'  height = '117'  alt='MS' title='' class='lshowcase-normal' \/><\/div><div class=\"lshowcase-slide\"><img src='https:\/\/www.intermed.al\/wp-content\/uploads\/2018\/04\/nobel-2-2-2.png' width='117'  height = '117'  alt='Nobel' title='' class='lshowcase-normal' \/><\/div><div class=\"lshowcase-slide\"><img src='https:\/\/www.intermed.al\/wp-content\/uploads\/2018\/04\/nova.png' width='180'  height = '63'  alt='Novaargentia' title='' class='lshowcase-normal' \/><\/div><\/div><\/div><div class=\"lshowcase-clear-both\">&nbsp;<\/div>\n\n\t\t<\/div> \n\t<\/div> \t<div class=\"vc_empty_space\"  style=\"height: 32px\" ><span\n\t\t\tclass=\"vc_empty_space_inner\">\n\t\t\t<span class=\"empty_space_image\"  ><\/span>\n\t\t<\/span><\/div>\n\n<\/div><\/div><\/div><\/div><\/div><div      class=\"vc_row wpb_row section vc_row-fluid\" style='background-color:#008d91; text-align:left;'><div class=\"full_section_inner clearfix\"><div class=\"wpb_column vc_column_container vc_col-sm-12\"><div class=\"vc_column-inner\"><div class=\"wpb_wrapper\"><div      class=\"vc_row wpb_row section vc_row-fluid vc_inner  grid_section\" style=' padding-top:55px; text-align:left;'><div class=\"section_inner clearfix\"><div class='section_inner_margin clearfix'><div class=\"wpb_column vc_column_container vc_col-sm-12\"><div class=\"vc_column-inner\"><div class=\"wpb_wrapper\">\n\t<div class=\"wpb_text_column wpb_content_element\">\n\t\t<div class=\"wpb_wrapper\">\n\t\t\t<h2 style=\"text-align: center;\"><span style=\"color: #ffffff;\">IF YOU ARE INTERESTED IN PARTNERING WITH US<\/span><\/h2>\n\n\t\t<\/div> \n\t<\/div> <\/div><\/div><\/div><\/div><\/div><\/div><div      class=\"vc_row wpb_row section vc_row-fluid vc_inner  grid_section\" style=' padding-top:40px; padding-bottom:60px; text-align:center;'><div class=\"section_inner clearfix\"><div class='section_inner_margin clearfix'><div class=\"wpb_column vc_column_container vc_col-sm-4\"><div class=\"vc_column-inner\"><div class=\"wpb_wrapper\">\t<div class=\"vc_empty_space\"  style=\"height: 10px\" ><span\n\t\t\tclass=\"vc_empty_space_inner\">\n\t\t\t<span class=\"empty_space_image\"  ><\/span>\n\t\t<\/span><\/div>\n\n<\/div><\/div><\/div><div class=\"wpb_column vc_column_container vc_col-sm-4\"><div class=\"vc_column-inner\"><div class=\"wpb_wrapper\"><a  itemprop=\"url\" href=\"http:\/\/www.intermed.al\/en\/contact\/\" target=\"_blank\"  class=\"qbutton  large default\" style=\"\">Contact Us<\/a><\/div><\/div><\/div><div class=\"wpb_column vc_column_container vc_col-sm-4\"><div class=\"vc_column-inner\"><div class=\"wpb_wrapper\"><\/div><\/div><\/div><\/div><\/div><\/div><\/div><\/div><\/div><\/div><\/div>\n<\/div>","protected":false},"excerpt":{"rendered":"","protected":false},"author":1,"featured_media":0,"parent":0,"menu_order":0,"comment_status":"open","ping_status":"open","template":"full_width.php","meta":{"footnotes":""},"class_list":["post-18193","page","type-page","status-publish","hentry"],"_links":{"self":[{"href":"https:\/\/www.intermed.al\/en\/wp-json\/wp\/v2\/pages\/18193","targetHints":{"allow":["GET"]}}],"collection":[{"href":"https:\/\/www.intermed.al\/en\/wp-json\/wp\/v2\/pages"}],"about":[{"href":"https:\/\/www.intermed.al\/en\/wp-json\/wp\/v2\/types\/page"}],"author":[{"embeddable":true,"href":"https:\/\/www.intermed.al\/en\/wp-json\/wp\/v2\/users\/1"}],"replies":[{"embeddable":true,"href":"https:\/\/www.intermed.al\/en\/wp-json\/wp\/v2\/comments?post=18193"}],"version-history":[{"count":2,"href":"https:\/\/www.intermed.al\/en\/wp-json\/wp\/v2\/pages\/18193\/revisions"}],"predecessor-version":[{"id":18514,"href":"https:\/\/www.intermed.al\/en\/wp-json\/wp\/v2\/pages\/18193\/revisions\/18514"}],"wp:attachment":[{"href":"https:\/\/www.intermed.al\/en\/wp-json\/wp\/v2\/media?parent=18193"}],"curies":[{"name":"wp","href":"https:\/\/api.w.org\/{rel}","templated":true}]}}