{"id":18270,"date":"2018-03-15T09:17:16","date_gmt":"2018-03-15T09:17:16","guid":{"rendered":"http:\/\/www.intermed.al\/allergy-therapeutics\/"},"modified":"2018-04-06T15:23:32","modified_gmt":"2018-04-06T15:23:32","slug":"allergy-therapeutics","status":"publish","type":"page","link":"https:\/\/www.intermed.al\/en\/allergy-therapeutics\/?lang=en","title":{"rendered":"Allergy Therapeutics"},"content":{"rendered":"<div class=\"wpb-content-wrapper\"><div      class=\"vc_row wpb_row section vc_row-fluid\" style=' text-align:left;'><div class=\"full_section_inner clearfix\"><div class=\"wpb_column vc_column_container vc_col-sm-12\"><div class=\"vc_column-inner\"><div class=\"wpb_wrapper\">\n\t<div class=\"wpb_text_column wpb_content_element\">\n\t\t<div class=\"wpb_wrapper\">\n\t\t\t<p>Allergy Therapeutics (Lond\u00ebr, UK) prej 80 vitesh ka hedhur themelet n\u00eb zhvillimin e nj\u00eb imunoterapie alergen specifike. Duke p\u00ebrdorur k\u00ebrkimet m\u00eb t\u00eb fundit dhe metodat m\u00eb t\u00eb zhvilluara, me p\u00ebrdorimin e allergoideve dhe adjuvanteve ka p\u00ebrmir\u00ebsuar efektet imunogjenike dhe sigurin\u00eb e imunoterapis\u00eb.<\/p>\n<p>Allergy Therapeutics \u00ebsht\u00eb nj\u00eb kompani me nj\u00eb potencial p\u00ebr t\u00eb transformuar trajtimin e alergjive n\u00ebp\u00ebrmjet nj\u00eb game t\u00eb caktuar mjetesh diagnostike dhe vaksinash imunoterapie aluminium-free.<\/p>\n<p>&nbsp;<\/p>\n<p>Si inovatore t\u00eb imunoterapis\u00eb, Allergy Therapeutics \u00ebsht\u00eb zhvilluar n\u00eb disa fusha:<br \/>\n\u2022 <span style=\"color: #ff0000;\">P\u00ebr i<\/span> adjuvantit depot Micro Crystalline Tyrosine (MCT\u00ae) si nj\u00eb alternative e aluminit n\u00eb imunoterapin\u00eb subkutane<br \/>\n\u2022 P\u00ebrdorimi i alergoideve n\u00eb imunoterapin\u00eb specifike si nj\u00eb alternativ\u00eb e alergeneve native<br \/>\n\u2022 P\u00ebrdorimi p\u00ebr her\u00eb t\u00eb par\u00eb i Monophosphoryl Lipid A (MPL) si nj\u00eb adjuvant n\u00eb imunoterapin\u00eb alergen specifike<br \/>\n\u2022 T\u00eb dh\u00ebna t\u00eb botuara p\u00ebr analizimin dhe purifikimin e proteinave n\u00eb mb\u00ebshtetje t\u00eb standartizimit dhe specifikimit t\u00eb produkteve<\/p>\n\n\t\t<\/div> \n\t<\/div> <\/div><\/div><\/div><\/div><\/div>\n<\/div>","protected":false},"excerpt":{"rendered":"Allergy Therapeutics (Lond\u00ebr, UK) prej 80 vitesh ka hedhur themelet n\u00eb zhvillimin e nj\u00eb imunoterapie alergen specifike. Duke p\u00ebrdorur k\u00ebrkimet m\u00eb t\u00eb fundit dhe metodat m\u00eb t\u00eb zhvilluara, me p\u00ebrdorimin e allergoideve dhe adjuvanteve ka p\u00ebrmir\u00ebsuar efektet imunogjenike dhe sigurin\u00eb e imunoterapis\u00eb. Allergy Therapeutics \u00ebsht\u00eb...","protected":false},"author":1,"featured_media":0,"parent":0,"menu_order":0,"comment_status":"closed","ping_status":"closed","template":"","meta":{"footnotes":""},"class_list":["post-18270","page","type-page","status-publish","hentry"],"_links":{"self":[{"href":"https:\/\/www.intermed.al\/en\/wp-json\/wp\/v2\/pages\/18270","targetHints":{"allow":["GET"]}}],"collection":[{"href":"https:\/\/www.intermed.al\/en\/wp-json\/wp\/v2\/pages"}],"about":[{"href":"https:\/\/www.intermed.al\/en\/wp-json\/wp\/v2\/types\/page"}],"author":[{"embeddable":true,"href":"https:\/\/www.intermed.al\/en\/wp-json\/wp\/v2\/users\/1"}],"replies":[{"embeddable":true,"href":"https:\/\/www.intermed.al\/en\/wp-json\/wp\/v2\/comments?post=18270"}],"version-history":[{"count":1,"href":"https:\/\/www.intermed.al\/en\/wp-json\/wp\/v2\/pages\/18270\/revisions"}],"predecessor-version":[{"id":18277,"href":"https:\/\/www.intermed.al\/en\/wp-json\/wp\/v2\/pages\/18270\/revisions\/18277"}],"wp:attachment":[{"href":"https:\/\/www.intermed.al\/en\/wp-json\/wp\/v2\/media?parent=18270"}],"curies":[{"name":"wp","href":"https:\/\/api.w.org\/{rel}","templated":true}]}}