{"id":18289,"date":"2018-04-05T07:43:58","date_gmt":"2018-04-05T07:43:58","guid":{"rendered":"http:\/\/www.intermed.al\/ekipi-yne\/"},"modified":"2018-05-08T12:26:56","modified_gmt":"2018-05-08T12:26:56","slug":"ekipi-yne","status":"publish","type":"page","link":"https:\/\/www.intermed.al\/en\/ekipi-yne\/?lang=en","title":{"rendered":"Ekipi yn\u00eb"},"content":{"rendered":"<div class=\"wpb-content-wrapper\"><div class=\"vc_row wpb_row section vc_row-fluid \" style='background-image:url(https:\/\/www.intermed.al\/wp-content\/uploads\/2018\/04\/Imazhe-Barnat-1.png); padding-top:220px; padding-bottom:300px; text-align:left;'><div class=\" full_section_inner clearfix\"><div class=\"wpb_column vc_column_container vc_col-sm-12\"><div class=\"vc_column-inner\"><div class=\"wpb_wrapper\"><div class=\"wpb_gallery wpb_content_element vc_clearfix\"><div class=\"wpb_wrapper\"><div class=\"wpb_gallery_slides wpb_flexslider flexslider_fade flexslider\" data-interval=\"3\" data-flex_fx=\"fade\"><ul class=\"slides\"><li><a itemprop=\"image\" class=\"qode-prettyphoto\" href=\"https:\/\/www.intermed.al\/wp-content\/uploads\/2018\/05\/Kompanite-e-para-1024x682.jpg\" data-rel=\"prettyPhoto[rel-18289-244191487]\"><img loading=\"lazy\" decoding=\"async\" width=\"150\" height=\"150\" src=\"https:\/\/www.intermed.al\/wp-content\/uploads\/2018\/05\/Kompanite-e-para-150x150.jpg\" class=\"attachment-thumbnail\" alt=\"\" title=\"Growth concept\" srcset=\"https:\/\/www.intermed.al\/wp-content\/uploads\/2018\/05\/Kompanite-e-para-150x150.jpg 150w, https:\/\/www.intermed.al\/wp-content\/uploads\/2018\/05\/Kompanite-e-para-200x200.jpg 200w, https:\/\/www.intermed.al\/wp-content\/uploads\/2018\/05\/Kompanite-e-para-570x570.jpg 570w, https:\/\/www.intermed.al\/wp-content\/uploads\/2018\/05\/Kompanite-e-para-500x500.jpg 500w\" sizes=\"auto, (max-width: 150px) 100vw, 150px\" \/><\/a><\/li><\/ul><\/div><\/div><\/div><\/div><\/div><\/div><\/div><\/div><div      class=\"vc_row wpb_row section vc_row-fluid  grid_section\" style=' padding-top:70px; padding-bottom:70px; text-align:left;'><div class=\" section_inner clearfix\"><div class='section_inner_margin clearfix'><div class=\"wpb_column vc_column_container vc_col-sm-6\"><div class=\"vc_column-inner\"><div class=\"wpb_wrapper\">\n\t<div class=\"wpb_text_column wpb_content_element \">\n\t\t<div class=\"wpb_wrapper\">\n\t\t\t<div class=\"wpb_text_column wpb_content_element \">\n<div class=\"wpb_wrapper\">\n<h2><\/h2>\n<h2><\/h2>\n<h2 style=\"color: #006f78; text-align: right;\">Lidership<\/h2>\n<\/div>\n<\/div>\n<div class=\"separator transparent \" style=\"text-align: right;\"><\/div>\n<div class=\"wpb_text_column wpb_content_element \">\n<div class=\"wpb_wrapper\">\n<p style=\"text-align: right;\">Rritja dhe konsolidimi i Intermed n\u00eb treg \u00ebsht\u00eb rezultat i pun\u00ebs dhe p\u00ebrkushtimit t\u00eb punonj\u00ebsve t\u00eb saj.<\/p>\n<p style=\"text-align: right;\">Vlera kryesore e lider\u00ebve tan\u00eb \u00ebsht\u00eb q\u00eb b\u00ebjn\u00eb t\u00eb mundur lidhjen e marr\u00ebdh\u00ebnieve t\u00eb q\u00ebndrueshme e t\u00eb frytshme me biznese t\u00eb tjera, me institucionet shtet\u00ebrore, me profesionist\u00ebt e kujdesit sh\u00ebnd\u00ebt\u00ebsor si dhe pacient\u00ebve.<\/p>\n<p style=\"text-align: right;\">Nd\u00ebrtimi i marr\u00ebdh\u00ebnieve t\u00eb bashk\u00ebpunimit \u00ebsht\u00eb \u00e7el\u00ebsi i suksesit n\u00eb nj\u00eb mjedis i cili \u00ebsht\u00eb gjithnj\u00eb n\u00eb zhvillim.<\/p>\n<\/div>\n<\/div>\n\n\t\t<\/div> \n\t<\/div> <\/div><\/div><\/div><div class=\"wpb_column vc_column_container vc_col-sm-6\"><div class=\"vc_column-inner\"><div class=\"wpb_wrapper\">\n\t<div class=\"wpb_single_image wpb_content_element vc_align_left\">\n\t\t<div class=\"wpb_wrapper\">\n\t\t\t\n\t\t\t<div class=\"vc_single_image-wrapper   vc_box_border_grey\"><img loading=\"lazy\" decoding=\"async\" width=\"553\" height=\"363\" src=\"https:\/\/www.intermed.al\/wp-content\/uploads\/2018\/01\/proces1.png\" class=\"vc_single_image-img attachment-full\" alt=\"\" title=\"proces1\" srcset=\"https:\/\/www.intermed.al\/wp-content\/uploads\/2018\/01\/proces1.png 553w, https:\/\/www.intermed.al\/wp-content\/uploads\/2018\/01\/proces1-300x197.png 300w\" sizes=\"auto, (max-width: 553px) 100vw, 553px\" \/><\/div>\n\t\t<\/div>\n\t<\/div>\n<\/div><\/div><\/div><\/div><\/div><\/div><div      class=\"vc_row wpb_row section vc_row-fluid  grid_section\" style='background-color:#fafbfc; padding-top:70px; padding-bottom:70px; text-align:left;'><div class=\" section_inner clearfix\"><div class='section_inner_margin clearfix'><div class=\"wpb_column vc_column_container vc_col-sm-6\"><div class=\"vc_column-inner\"><div class=\"wpb_wrapper\">\n\t<div class=\"wpb_single_image wpb_content_element vc_align_left\">\n\t\t<div class=\"wpb_wrapper\">\n\t\t\t\n\t\t\t<div class=\"vc_single_image-wrapper   vc_box_border_grey\"><img loading=\"lazy\" decoding=\"async\" width=\"553\" height=\"363\" src=\"https:\/\/www.intermed.al\/wp-content\/uploads\/2018\/01\/sherbim2.png\" class=\"vc_single_image-img attachment-full\" alt=\"\" title=\"sherbim2\" srcset=\"https:\/\/www.intermed.al\/wp-content\/uploads\/2018\/01\/sherbim2.png 553w, https:\/\/www.intermed.al\/wp-content\/uploads\/2018\/01\/sherbim2-300x197.png 300w\" sizes=\"auto, (max-width: 553px) 100vw, 553px\" \/><\/div>\n\t\t<\/div>\n\t<\/div>\n<\/div><\/div><\/div><div class=\"wpb_column vc_column_container vc_col-sm-6\"><div class=\"vc_column-inner\"><div class=\"wpb_wrapper\">\n\t<div class=\"wpb_text_column wpb_content_element \">\n\t\t<div class=\"wpb_wrapper\">\n\t\t\t<div class=\"wpb_text_column wpb_content_element \">\n<div class=\"wpb_wrapper\">\n<h2><\/h2>\n<h2><\/h2>\n<h2 style=\"color: #006f78; text-align: left;\">Karriera n\u00eb Intermed<\/h2>\n<\/div>\n<\/div>\n<div class=\"separator transparent \" style=\"text-align: right;\"><\/div>\n<div class=\"wpb_text_column wpb_content_element \">\n<div class=\"wpb_wrapper\">\n<p>Rritja dhe konsolidimi i Intermed n\u00eb treg \u00ebsht\u00eb rezultat i pun\u00ebs dhe p\u00ebrkushtimit t\u00eb punonj\u00ebsve t\u00eb saj.<\/p>\n<p>Vlera kryesore e lider\u00ebve tan\u00eb \u00ebsht\u00eb q\u00eb b\u00ebjn\u00eb t\u00eb mundur lidhjen e marr\u00ebdh\u00ebnieve t\u00eb q\u00ebndrueshme e t\u00eb frytshme me biznese t\u00eb tjera, me institucionet shtet\u00ebrore, me profesionist\u00ebt e kujdesit sh\u00ebnd\u00ebt\u00ebsor si dhe pacient\u00ebve.<\/p>\n<p>Nd\u00ebrtimi i marr\u00ebdh\u00ebnieve t\u00eb bashk\u00ebpunimit \u00ebsht\u00eb \u00e7el\u00ebsi i suksesit n\u00eb nj\u00eb mjedis i cili \u00ebsht\u00eb gjithnj\u00eb n\u00eb zhvillim.<\/p>\n<\/div>\n<\/div>\n\n\t\t<\/div> \n\t<\/div> <\/div><\/div><\/div><\/div><\/div><\/div><div      class=\"vc_row wpb_row section vc_row-fluid  grid_section\" style=' padding-top:15px; padding-bottom:15px; text-align:left;'><div class=\" section_inner clearfix\"><div class='section_inner_margin clearfix'><div class=\"wpb_column vc_column_container vc_col-sm-6\"><div class=\"vc_column-inner\"><div class=\"wpb_wrapper\">\n\t<div class=\"wpb_text_column wpb_content_element  vc_custom_1522919693279\">\n\t\t<div class=\"wpb_wrapper\">\n\t\t\t<div class=\"wpb_text_column wpb_content_element \">\n<div class=\"wpb_wrapper\">\n<h2 style=\"color: #006f78; text-align: right;\">Punoni me ne<\/h2>\n<\/div>\n<\/div>\n<div class=\"separator transparent \" style=\"text-align: right;\"><\/div>\n<div class=\"wpb_text_column wpb_content_element \">\n<div class=\"wpb_wrapper\">\n<p style=\"text-align: right;\">Rritja dhe konsolidimi i Intermed n\u00eb treg \u00ebsht\u00eb rezultat i pun\u00ebs dhe p\u00ebrkushtimit t\u00eb punonj\u00ebsve t\u00eb saj.<\/p>\n<p style=\"text-align: right;\">Vlera kryesore e lider\u00ebve tan\u00eb \u00ebsht\u00eb q\u00eb b\u00ebjn\u00eb t\u00eb mundur lidhjen e marr\u00ebdh\u00ebnieve t\u00eb q\u00ebndrueshme e t\u00eb frytshme me biznese t\u00eb tjera, me institucionet shtet\u00ebrore, me profesionist\u00ebt e kujdesit sh\u00ebnd\u00ebt\u00ebsor si dhe pacient\u00ebve.<\/p>\n<p style=\"text-align: right;\">Nd\u00ebrtimi i marr\u00ebdh\u00ebnieve t\u00eb bashk\u00ebpunimit \u00ebsht\u00eb \u00e7el\u00ebsi i suksesit n\u00eb nj\u00eb mjedis i cili \u00ebsht\u00eb gjithnj\u00eb n\u00eb zhvillim.<\/p>\n<\/div>\n<\/div>\n\n\t\t<\/div> \n\t<\/div> <\/div><\/div><\/div><div class=\"wpb_column vc_column_container vc_col-sm-6\"><div class=\"vc_column-inner\"><div class=\"wpb_wrapper\">\n\t<div class=\"wpb_text_column wpb_content_element  vc_custom_1522919054246\">\n\t\t<div class=\"wpb_wrapper\">\n\t\t\t\n<div class=\"wpcf7 no-js\" id=\"wpcf7-f16765-o1\" lang=\"en-US\" dir=\"ltr\" data-wpcf7-id=\"16765\">\n<div class=\"screen-reader-response\"><p role=\"status\" aria-live=\"polite\" aria-atomic=\"true\"><\/p> <ul><\/ul><\/div>\n<form action=\"\/en\/wp-json\/wp\/v2\/pages\/18289#wpcf7-f16765-o1\" method=\"post\" class=\"wpcf7-form init\" aria-label=\"Contact form\" enctype=\"multipart\/form-data\" novalidate=\"novalidate\" data-status=\"init\">\n<fieldset class=\"hidden-fields-container\"><input type=\"hidden\" name=\"_wpcf7\" value=\"16765\" \/><input type=\"hidden\" name=\"_wpcf7_version\" value=\"6.1.5\" \/><input type=\"hidden\" name=\"_wpcf7_locale\" value=\"en_US\" \/><input type=\"hidden\" name=\"_wpcf7_unit_tag\" value=\"wpcf7-f16765-o1\" \/><input type=\"hidden\" name=\"_wpcf7_container_post\" value=\"0\" \/><input type=\"hidden\" name=\"_wpcf7_posted_data_hash\" value=\"\" \/>\n<\/fieldset>\n<p><label style=\"color:#006f78; font-weight: bold;\"> Bashk\u00ebngjit CV <\/label><br \/>\n<span class=\"wpcf7-form-control-wrap\" data-name=\"file-789\"><input size=\"40\" class=\"wpcf7-form-control wpcf7-file wpcf7-validates-as-required\" accept=\"audio\/*,video\/*,image\/*\" aria-required=\"true\" aria-invalid=\"false\" type=\"file\" name=\"file-789\" \/><\/span>\n<\/p>\n<p><span class=\"wpcf7-form-control-wrap\" data-name=\"text-223\"><input size=\"40\" maxlength=\"400\" class=\"wpcf7-form-control wpcf7-text wpcf7-validates-as-required\" aria-required=\"true\" aria-invalid=\"false\" placeholder=\"Em\u00ebr Mbiem\u00ebr\" value=\"\" type=\"text\" name=\"text-223\" \/><\/span><br \/>\n<span class=\"wpcf7-form-control-wrap\" data-name=\"Email\"><input size=\"40\" maxlength=\"400\" class=\"wpcf7-form-control wpcf7-email wpcf7-validates-as-required wpcf7-text wpcf7-validates-as-email\" aria-required=\"true\" aria-invalid=\"false\" placeholder=\"Email Juaj\" value=\"\" type=\"email\" name=\"Email\" \/><\/span><br \/>\n<span class=\"wpcf7-form-control-wrap\" data-name=\"tel-176\"><input size=\"40\" maxlength=\"400\" class=\"wpcf7-form-control wpcf7-tel wpcf7-text wpcf7-validates-as-tel\" aria-invalid=\"false\" placeholder=\"Num\u00ebr Telefoni\" value=\"\" type=\"tel\" name=\"tel-176\" \/><\/span><br \/>\n<span class=\"wpcf7-form-control-wrap\" data-name=\"textarea-846\"><textarea cols=\"40\" rows=\"10\" maxlength=\"2000\" class=\"wpcf7-form-control wpcf7-textarea\" aria-invalid=\"false\" placeholder=\"Mesazhi juaj\" name=\"textarea-846\"><\/textarea><\/span>\n<\/p>\n<p><input class=\"wpcf7-form-control wpcf7-submit has-spinner\" type=\"submit\" value=\"D\u00ebrgo tani\" \/>\n<\/p><div class=\"wpcf7-response-output\" aria-hidden=\"true\"><\/div>\n<\/form>\n<\/div>\n\n\n\t\t<\/div> \n\t<\/div> <\/div><\/div><\/div><\/div><\/div><\/div><div      class=\"vc_row wpb_row section vc_row-fluid  grid_section\" style='background-color:#ffffff; padding-top:20px; padding-bottom:70px; text-align:center;'><div class=\" section_inner clearfix\"><div class='section_inner_margin clearfix'><div class=\"wpb_column vc_column_container vc_col-sm-12\"><div class=\"vc_column-inner\"><div class=\"wpb_wrapper\"><div      class=\"vc_row wpb_row section vc_row-fluid vc_inner \" style=' text-align:left;'><div class=\" full_section_inner clearfix\"><div class=\"wpb_column vc_column_container vc_col-sm-3\"><div class=\"vc_column-inner\"><div class=\"wpb_wrapper\"><\/div><\/div><\/div><div class=\"wpb_column vc_column_container vc_col-sm-3\"><div class=\"vc_column-inner\"><div class=\"wpb_wrapper\">\n\t<div class=\"wpb_text_column wpb_content_element \">\n\t\t<div class=\"wpb_wrapper\">\n\t\t\t<h2 style=\"color: #006f78; text-align: right;\">Organograma<\/h2>\n\n\t\t<\/div> \n\t<\/div> <\/div><\/div><\/div><div class=\"wpb_column vc_column_container vc_col-sm-3\"><div class=\"vc_column-inner\"><div class=\"wpb_wrapper\"><\/div><\/div><\/div><div class=\"wpb_column vc_column_container vc_col-sm-3\"><div class=\"vc_column-inner\"><div class=\"wpb_wrapper\"><\/div><\/div><\/div><\/div><\/div><div class=\"separator  transparent   \" style=\"height: 10px;\"><\/div>\n\n\t<div class=\"wpb_single_image wpb_content_element vc_align_center\">\n\t\t<div class=\"wpb_wrapper\">\n\t\t\t\n\t\t\t<div class=\"vc_single_image-wrapper   vc_box_border_grey\"><img loading=\"lazy\" decoding=\"async\" width=\"1400\" height=\"1312\" src=\"https:\/\/www.intermed.al\/wp-content\/uploads\/2018\/04\/org-1.png\" class=\"vc_single_image-img attachment-full\" alt=\"\" title=\"org-1\" srcset=\"https:\/\/www.intermed.al\/wp-content\/uploads\/2018\/04\/org-1.png 1400w, https:\/\/www.intermed.al\/wp-content\/uploads\/2018\/04\/org-1-300x281.png 300w, https:\/\/www.intermed.al\/wp-content\/uploads\/2018\/04\/org-1-768x720.png 768w, https:\/\/www.intermed.al\/wp-content\/uploads\/2018\/04\/org-1-1024x960.png 1024w, https:\/\/www.intermed.al\/wp-content\/uploads\/2018\/04\/org-1-700x656.png 700w\" sizes=\"auto, (max-width: 1400px) 100vw, 1400px\" \/><\/div>\n\t\t<\/div>\n\t<\/div>\n<\/div><\/div><\/div><\/div><\/div><\/div>\n<\/div>","protected":false},"excerpt":{"rendered":"Lidership Rritja dhe konsolidimi i Intermed n\u00eb treg \u00ebsht\u00eb rezultat i pun\u00ebs dhe p\u00ebrkushtimit t\u00eb punonj\u00ebsve t\u00eb saj. Vlera kryesore e lider\u00ebve tan\u00eb \u00ebsht\u00eb q\u00eb b\u00ebjn\u00eb t\u00eb mundur lidhjen e marr\u00ebdh\u00ebnieve t\u00eb q\u00ebndrueshme e t\u00eb frytshme me biznese t\u00eb tjera, me institucionet shtet\u00ebrore, me profesionist\u00ebt...","protected":false},"author":1,"featured_media":0,"parent":0,"menu_order":0,"comment_status":"closed","ping_status":"closed","template":"full_width.php","meta":{"footnotes":""},"class_list":["post-18289","page","type-page","status-publish","hentry"],"_links":{"self":[{"href":"https:\/\/www.intermed.al\/en\/wp-json\/wp\/v2\/pages\/18289","targetHints":{"allow":["GET"]}}],"collection":[{"href":"https:\/\/www.intermed.al\/en\/wp-json\/wp\/v2\/pages"}],"about":[{"href":"https:\/\/www.intermed.al\/en\/wp-json\/wp\/v2\/types\/page"}],"author":[{"embeddable":true,"href":"https:\/\/www.intermed.al\/en\/wp-json\/wp\/v2\/users\/1"}],"replies":[{"embeddable":true,"href":"https:\/\/www.intermed.al\/en\/wp-json\/wp\/v2\/comments?post=18289"}],"version-history":[{"count":2,"href":"https:\/\/www.intermed.al\/en\/wp-json\/wp\/v2\/pages\/18289\/revisions"}],"predecessor-version":[{"id":18511,"href":"https:\/\/www.intermed.al\/en\/wp-json\/wp\/v2\/pages\/18289\/revisions\/18511"}],"wp:attachment":[{"href":"https:\/\/www.intermed.al\/en\/wp-json\/wp\/v2\/media?parent=18289"}],"curies":[{"name":"wp","href":"https:\/\/api.w.org\/{rel}","templated":true}]}}