{"id":18293,"date":"2018-02-05T14:16:54","date_gmt":"2018-02-05T14:16:54","guid":{"rendered":"http:\/\/www.intermed.al\/iniciativat-tona\/"},"modified":"2018-02-05T14:16:54","modified_gmt":"2018-02-05T14:16:54","slug":"iniciativat-tona","status":"publish","type":"page","link":"https:\/\/www.intermed.al\/en\/iniciativat-tona\/?lang=en","title":{"rendered":"Iniciativat Tona"},"content":{"rendered":"<div class=\"wpb-content-wrapper\"><div class=\"vc_row wpb_row section vc_row-fluid  grid_section\" style=' text-align:left;'><div class=\"section_inner clearfix\"><div class='section_inner_margin clearfix'><div class=\"wpb_column vc_column_container vc_col-sm-12\"><div class=\"vc_column-inner\"><div class=\"wpb_wrapper\">\n\t<div class=\"wpb_single_image wpb_content_element vc_align_left\">\n\t\t<div class=\"wpb_wrapper\">\n\t\t\t\n\t\t\t<div class=\"vc_single_image-wrapper   vc_box_border_grey\"><img loading=\"lazy\" decoding=\"async\" width=\"1356\" height=\"386\" src=\"https:\/\/www.intermed.al\/wp-content\/uploads\/2018\/04\/iniciativa.png\" class=\"vc_single_image-img attachment-full\" alt=\"\" title=\"iniciativa\" srcset=\"https:\/\/www.intermed.al\/wp-content\/uploads\/2018\/04\/iniciativa.png 1356w, https:\/\/www.intermed.al\/wp-content\/uploads\/2018\/04\/iniciativa-300x85.png 300w, https:\/\/www.intermed.al\/wp-content\/uploads\/2018\/04\/iniciativa-768x219.png 768w, https:\/\/www.intermed.al\/wp-content\/uploads\/2018\/04\/iniciativa-1024x291.png 1024w, https:\/\/www.intermed.al\/wp-content\/uploads\/2018\/04\/iniciativa-700x199.png 700w\" sizes=\"auto, (max-width: 1356px) 100vw, 1356px\" \/><\/div>\n\t\t<\/div>\n\t<\/div>\n<\/div><\/div><\/div><\/div><\/div><\/div><div      class=\"vc_row wpb_row section vc_row-fluid\" style=' padding-top:50px; padding-bottom:200px; text-align:left;'><div class=\"full_section_inner clearfix\"><div class=\"element_from_left\"><div><div class=\"wpb_column vc_column_container vc_col-sm-12\"><div class=\"vc_column-inner\"><div class=\"wpb_wrapper\">\n\t<div class=\"wpb_text_column wpb_content_element\">\n\t\t<div class=\"wpb_wrapper\">\n\t\t\t<h3><span style=\"color: #006f78;\">Iniciativat Tona<\/span><\/h3>\n<p>&nbsp;<\/p>\n<p>Intermed \u00ebsht\u00eb pjes\u00ebmarr\u00ebs n\u00eb iniciativat q\u00eb ndikojn\u00eb drejtp\u00ebrdrejt\u00eb n\u00eb jet\u00ebn e komunitetit.<\/p>\n<p>&nbsp;<\/p>\n<p>Prej vitesh Intermed \u00ebsht\u00eb mb\u00ebshtet\u00ebs i Fondacionit t\u00eb F\u00ebmij\u00ebve Shqiptar\u00eb i cili ka mision t\u00eb ndihmoj\u00eb f\u00ebmij\u00ebt n\u00eb nevoj\u00eb, pavar\u00ebsisht p\u00ebrkat\u00ebsis\u00eb fetare apo etnike si dhe t\u00eb mb\u00ebshtes\u00eb institucionet t\u00eb cilat asistojn\u00eb n\u00eb ndihm\u00eb t\u00eb k\u00ebtyre f\u00ebmij\u00ebve.<\/p>\n<p>&nbsp;<\/p>\n<p>Iniciativat e radh\u00ebs n\u00eb t\u00eb cil\u00ebn Intermed mori pjes\u00eb \u00ebsht\u00eb Projekti i Pyllit Orbital n\u00eb Tiran\u00eb me dhurimin prej 500 pem\u00ebsh, t\u00eb cilat u mboll\u00ebn n\u00eb liqenin e Fark\u00ebs.<\/p>\n\n\t\t<\/div> \n\t<\/div> <\/div><\/div><\/div><\/div><\/div><\/div><\/div>\n<\/div>","protected":false},"excerpt":{"rendered":"Iniciativat Tona &nbsp; Intermed \u00ebsht\u00eb pjes\u00ebmarr\u00ebs n\u00eb iniciativat q\u00eb ndikojn\u00eb drejtp\u00ebrdrejt\u00eb n\u00eb jet\u00ebn e komunitetit. &nbsp; Prej vitesh Intermed \u00ebsht\u00eb mb\u00ebshtet\u00ebs i Fondacionit t\u00eb F\u00ebmij\u00ebve Shqiptar\u00eb i cili ka mision t\u00eb ndihmoj\u00eb f\u00ebmij\u00ebt n\u00eb nevoj\u00eb, pavar\u00ebsisht p\u00ebrkat\u00ebsis\u00eb fetare apo etnike si dhe t\u00eb mb\u00ebshtes\u00eb institucionet...","protected":false},"author":1,"featured_media":0,"parent":0,"menu_order":0,"comment_status":"closed","ping_status":"closed","template":"full_width.php","meta":{"footnotes":""},"class_list":["post-18293","page","type-page","status-publish","hentry"],"_links":{"self":[{"href":"https:\/\/www.intermed.al\/en\/wp-json\/wp\/v2\/pages\/18293","targetHints":{"allow":["GET"]}}],"collection":[{"href":"https:\/\/www.intermed.al\/en\/wp-json\/wp\/v2\/pages"}],"about":[{"href":"https:\/\/www.intermed.al\/en\/wp-json\/wp\/v2\/types\/page"}],"author":[{"embeddable":true,"href":"https:\/\/www.intermed.al\/en\/wp-json\/wp\/v2\/users\/1"}],"replies":[{"embeddable":true,"href":"https:\/\/www.intermed.al\/en\/wp-json\/wp\/v2\/comments?post=18293"}],"version-history":[{"count":0,"href":"https:\/\/www.intermed.al\/en\/wp-json\/wp\/v2\/pages\/18293\/revisions"}],"wp:attachment":[{"href":"https:\/\/www.intermed.al\/en\/wp-json\/wp\/v2\/media?parent=18293"}],"curies":[{"name":"wp","href":"https:\/\/api.w.org\/{rel}","templated":true}]}}