{"id":18328,"date":"2018-02-05T14:09:51","date_gmt":"2018-02-05T14:09:51","guid":{"rendered":"http:\/\/www.intermed.al\/shitje-marketing\/"},"modified":"2018-02-05T14:09:51","modified_gmt":"2018-02-05T14:09:51","slug":"shitje-marketing","status":"publish","type":"page","link":"https:\/\/www.intermed.al\/en\/shitje-marketing\/?lang=en","title":{"rendered":"SHITJE &#038; MARKETING"},"content":{"rendered":"<div class=\"wpb-content-wrapper\"><div class=\"vc_row wpb_row section vc_row-fluid\" style=' padding-top:23px; text-align:left;'><div class=\"full_section_inner clearfix\"><div class=\"wpb_column vc_column_container vc_col-sm-12\"><div class=\"vc_column-inner\"><div class=\"wpb_wrapper\">\n\t<div class=\"wpb_single_image wpb_content_element vc_align_left\">\n\t\t<div class=\"wpb_wrapper\">\n\t\t\t\n\t\t\t<div class=\"vc_single_image-wrapper   vc_box_border_grey\"><img loading=\"lazy\" decoding=\"async\" width=\"1200\" height=\"520\" src=\"https:\/\/www.intermed.al\/wp-content\/uploads\/2018\/04\/barn.png\" class=\"vc_single_image-img attachment-full\" alt=\"\" title=\"barn\" srcset=\"https:\/\/www.intermed.al\/wp-content\/uploads\/2018\/04\/barn.png 1200w, https:\/\/www.intermed.al\/wp-content\/uploads\/2018\/04\/barn-300x130.png 300w, https:\/\/www.intermed.al\/wp-content\/uploads\/2018\/04\/barn-768x333.png 768w, https:\/\/www.intermed.al\/wp-content\/uploads\/2018\/04\/barn-1024x444.png 1024w, https:\/\/www.intermed.al\/wp-content\/uploads\/2018\/04\/barn-700x303.png 700w\" sizes=\"auto, (max-width: 1200px) 100vw, 1200px\" \/><\/div>\n\t\t<\/div>\n\t<\/div>\n<\/div><\/div><\/div><\/div><\/div><div      class=\"vc_row wpb_row section vc_row-fluid\" style=' text-align:left;'><div class=\"full_section_inner clearfix\"><div class=\"wpb_column vc_column_container vc_col-sm-12\"><div class=\"vc_column-inner\"><div class=\"wpb_wrapper\">\n\t<div class=\"wpb_text_column wpb_content_element\">\n\t\t<div class=\"wpb_wrapper\">\n\t\t\t\n\t\t<\/div> \n\t<\/div> <\/div><\/div><\/div><\/div><\/div><div      class=\"vc_row wpb_row section vc_row-fluid  grid_section\" style=' text-align:left;'><div class=\"section_inner clearfix\"><div class='section_inner_margin clearfix'><div class=\"wpb_column vc_column_container vc_col-sm-4\"><div class=\"vc_column-inner\"><div class=\"wpb_wrapper\">\t<div class=\"vc_empty_space\"  style=\"height: 12px\" ><span\n\t\t\tclass=\"vc_empty_space_inner\">\n\t\t\t<span class=\"empty_space_image\"  ><\/span>\n\t\t<\/span><\/div>\n\n<div class=\"separator  normal\" style=\"background-color: #006f78;height: 2px;\"><\/div>\n\t<div class=\"vc_empty_space\"  style=\"height: 5px\" ><span\n\t\t\tclass=\"vc_empty_space_inner\">\n\t\t\t<span class=\"empty_space_image\"  ><\/span>\n\t\t<\/span><\/div>\n\n<div  class=\"wpb_widgetised_column wpb_content_element\">\n\t\t<div class=\"wpb_wrapper\">\n\t\t\t\n\t\t\t<div class=\"widget widget_nav_menu\"><div class=\"menu-marketing-container\"><ul id=\"menu-marketing\" class=\"menu\"><li id=\"menu-item-17497\" class=\"menu-item menu-item-type-post_type menu-item-object-page menu-item-17497\"><a href=\"https:\/\/www.intermed.al\/en\/shitje-marketing\/\">SHITJE &#038; MARKETING<\/a><\/li>\n<li id=\"menu-item-17521\" class=\"menu-item menu-item-type-post_type menu-item-object-page menu-item-17521\"><a href=\"https:\/\/www.intermed.al\/en\/logjistika\/\">OUR LOGISTICS<\/a><\/li>\n<\/ul><\/div><\/div>\n\t\t<\/div>\n\t<\/div>\n<\/div><\/div><\/div><div class=\"wpb_column vc_column_container vc_col-sm-8\"><div class=\"vc_column-inner\"><div class=\"wpb_wrapper\">\t<div class=\"vc_empty_space\"  style=\"height: 12px\" ><span\n\t\t\tclass=\"vc_empty_space_inner\">\n\t\t\t<span class=\"empty_space_image\"  ><\/span>\n\t\t<\/span><\/div>\n\n<div class=\"separator  normal\" style=\"background-color: #006f78;height: 2px;\"><\/div>\n\n\t<div class=\"wpb_text_column wpb_content_element\">\n\t\t<div class=\"wpb_wrapper\">\n\t\t\t<h3 style=\"color: #006f78;\">Departamenti i shitjeve dhe marketingut<\/h3>\n<p>&nbsp;<\/p>\n<p>The Sales and Marketing Department monitors market trends and aims to propose the most appropriate products to meet patients\u2019 needs.<\/p>\n<p>Its guiding principle is the application of professional ethics in the development of its activities.<\/p>\n<p>Personeli i shitjeve dhe marketingut b\u00ebn t\u00eb mundur q\u00eb personeli mjek\u00ebsor t\u00eb jet\u00eb i p\u00ebrdit\u00ebsuar me profilin klinik t\u00eb produktit si dhe benefitet edhe efektet q\u00eb kan\u00eb produktet me t\u00eb cilat Intermed punon.<\/p>\n\n\t\t<\/div> \n\t<\/div> \t<div class=\"vc_empty_space\"  style=\"height: 32px\" ><span\n\t\t\tclass=\"vc_empty_space_inner\">\n\t\t\t<span class=\"empty_space_image\"  ><\/span>\n\t\t<\/span><\/div>\n\n<\/div><\/div><\/div><\/div><\/div><\/div>\n<\/div>","protected":false},"excerpt":{"rendered":"SHITJE &#038; MARKETING LOGJISTIKA Departamenti i shitjeve dhe marketingut &nbsp; Departamenti i shitjeve dhe marketingut b\u00ebn monitorimin e tregut dhe ka q\u00ebllim t\u00eb propozoj\u00eb p\u00ebrzgjedhjen e produktit t\u00eb duhur p\u00ebr nevojat e pacientit. Parimi udh\u00ebheq\u00ebs \u00ebsht\u00eb zbatimi i etik\u00ebs profesionale n\u00eb zhvillimin e pun\u00ebs. Personeli...","protected":false},"author":1,"featured_media":0,"parent":0,"menu_order":0,"comment_status":"closed","ping_status":"closed","template":"full_width.php","meta":{"footnotes":""},"class_list":["post-18328","page","type-page","status-publish","hentry"],"_links":{"self":[{"href":"https:\/\/www.intermed.al\/en\/wp-json\/wp\/v2\/pages\/18328","targetHints":{"allow":["GET"]}}],"collection":[{"href":"https:\/\/www.intermed.al\/en\/wp-json\/wp\/v2\/pages"}],"about":[{"href":"https:\/\/www.intermed.al\/en\/wp-json\/wp\/v2\/types\/page"}],"author":[{"embeddable":true,"href":"https:\/\/www.intermed.al\/en\/wp-json\/wp\/v2\/users\/1"}],"replies":[{"embeddable":true,"href":"https:\/\/www.intermed.al\/en\/wp-json\/wp\/v2\/comments?post=18328"}],"version-history":[{"count":0,"href":"https:\/\/www.intermed.al\/en\/wp-json\/wp\/v2\/pages\/18328\/revisions"}],"wp:attachment":[{"href":"https:\/\/www.intermed.al\/en\/wp-json\/wp\/v2\/media?parent=18328"}],"curies":[{"name":"wp","href":"https:\/\/api.w.org\/{rel}","templated":true}]}}