{"id":18330,"date":"2018-03-30T12:11:40","date_gmt":"2018-03-30T12:11:40","guid":{"rendered":"http:\/\/www.intermed.al\/sherbime\/"},"modified":"2018-03-30T12:11:40","modified_gmt":"2018-03-30T12:11:40","slug":"sherbime","status":"publish","type":"page","link":"https:\/\/www.intermed.al\/en\/sherbime\/?lang=en","title":{"rendered":"Services"},"content":{"rendered":"<div class=\"wpb-content-wrapper\"><div class=\"vc_row wpb_row section vc_row-fluid\" style='background-image:url(https:\/\/www.intermed.al\/wp-content\/uploads\/2018\/04\/barn.png); padding-top:210px; padding-bottom:210px; text-align:left;'><div class=\"full_section_inner clearfix\"><div class=\"wpb_column vc_column_container vc_col-sm-12\"><div class=\"vc_column-inner\"><div class=\"wpb_wrapper\"><\/div><\/div><\/div><\/div><\/div><div      class=\"vc_row wpb_row section vc_row-fluid  grid_section\" style=' padding-top:70px; padding-bottom:70px; text-align:left;'><div class=\"section_inner clearfix\"><div class='section_inner_margin clearfix'><div class=\"wpb_column vc_column_container vc_col-sm-6\"><div class=\"vc_column-inner\"><div class=\"wpb_wrapper\">\n\t<div class=\"wpb_text_column wpb_content_element\">\n\t\t<div class=\"wpb_wrapper\">\n\t\t\t<h3 style=\"color: #006f78; text-align: right;\">Departamenti i Shitjeve dhe Marketingut<\/h3>\n<p style=\"text-align: right;\">The Sales and Marketing Department monitors market trends and aims to propose the most appropriate products to meet patients\u2019 needs.<\/p>\n<p style=\"text-align: right;\">Its guiding principle is the application of professional ethics in the development of its activities.<\/p>\n<p style=\"text-align: right;\">Personeli i shitjeve dhe marketingut b\u00ebn t\u00eb mundur q\u00eb personeli mjek\u00ebsor t\u00eb jet\u00eb i p\u00ebrdit\u00ebsuar me profilin klinik t\u00eb produktit si dhe benefitet edhe efektet q\u00eb kan\u00eb produktet me t\u00eb cilat Intermed punon.<\/p>\n\n\t\t<\/div> \n\t<\/div> <\/div><\/div><\/div><div class=\"wpb_column vc_column_container vc_col-sm-6\"><div class=\"vc_column-inner\"><div class=\"wpb_wrapper\">\n\t<div class=\"wpb_single_image wpb_content_element vc_align_left\">\n\t\t<div class=\"wpb_wrapper\">\n\t\t\t\n\t\t\t<div class=\"vc_single_image-wrapper   vc_box_border_grey\"><img loading=\"lazy\" decoding=\"async\" width=\"553\" height=\"363\" src=\"https:\/\/www.intermed.al\/wp-content\/uploads\/2018\/01\/proces1.png\" class=\"vc_single_image-img attachment-full\" alt=\"\" title=\"proces1\" srcset=\"https:\/\/www.intermed.al\/wp-content\/uploads\/2018\/01\/proces1.png 553w, https:\/\/www.intermed.al\/wp-content\/uploads\/2018\/01\/proces1-300x197.png 300w\" sizes=\"auto, (max-width: 553px) 100vw, 553px\" \/><\/div>\n\t\t<\/div>\n\t<\/div>\n<\/div><\/div><\/div><\/div><\/div><\/div><div      class=\"vc_row wpb_row section vc_row-fluid  grid_section\" style='background-color:#fafbfc; padding-top:70px; padding-bottom:70px; text-align:left;'><div class=\"section_inner clearfix\"><div class='section_inner_margin clearfix'><div class=\"wpb_column vc_column_container vc_col-sm-6\"><div class=\"vc_column-inner\"><div class=\"wpb_wrapper\">\n\t<div class=\"wpb_single_image wpb_content_element vc_align_left\">\n\t\t<div class=\"wpb_wrapper\">\n\t\t\t\n\t\t\t<div class=\"vc_single_image-wrapper   vc_box_border_grey\"><img loading=\"lazy\" decoding=\"async\" width=\"553\" height=\"363\" src=\"https:\/\/www.intermed.al\/wp-content\/uploads\/2018\/01\/sherbim2.png\" class=\"vc_single_image-img attachment-full\" alt=\"\" title=\"sherbim2\" srcset=\"https:\/\/www.intermed.al\/wp-content\/uploads\/2018\/01\/sherbim2.png 553w, https:\/\/www.intermed.al\/wp-content\/uploads\/2018\/01\/sherbim2-300x197.png 300w\" sizes=\"auto, (max-width: 553px) 100vw, 553px\" \/><\/div>\n\t\t<\/div>\n\t<\/div>\n<\/div><\/div><\/div><div class=\"wpb_column vc_column_container vc_col-sm-6\"><div class=\"vc_column-inner\"><div class=\"wpb_wrapper\">\n\t<div class=\"wpb_text_column wpb_content_element\">\n\t\t<div class=\"wpb_wrapper\">\n\t\t\t<p><span style=\"color: #006f78;\"><strong>QUALITY ASSURANCE<\/strong><\/span><\/p>\n<p>The quality assurance system and compliance play a fundamental role in building trust with our partners and in ensuring proper patient care.<\/p>\n<p>Verifikimi i politikave t\u00eb kompanis\u00eb, si hallk\u00eb e sigurimit t\u00eb cil\u00ebsis\u00eb,\u00a0 jep siguri q\u00eb menaxhimi i barnave t\u00eb treg\u00ebtuara dhe shp\u00ebrndara nga Intermed, jan\u00eb n\u00eb p\u00ebrputhje me k\u00ebrkesat rregullatore p\u00ebr praktik\u00ebn e mir\u00eb t\u00eb magazinimit edhe shp\u00ebrndarjes, vendase dhe europiane.<\/p>\n<p>The quality assurance system provides patients with the assurance that the medicines they use meet the required quality standards and are safe for their health.<\/p>\n\n\t\t<\/div> \n\t<\/div> <\/div><\/div><\/div><\/div><\/div><\/div><div      class=\"vc_row wpb_row section vc_row-fluid  grid_section\" style=' padding-top:70px; padding-bottom:25px; text-align:left;'><div class=\"section_inner clearfix\"><div class='section_inner_margin clearfix'><div class=\"wpb_column vc_column_container vc_col-sm-12\"><div class=\"vc_column-inner\"><div class=\"wpb_wrapper\">\n\t<div class=\"wpb_single_image wpb_content_element vc_align_left\">\n\t\t<div class=\"wpb_wrapper\">\n\t\t\t\n\t\t\t<div class=\"vc_single_image-wrapper   vc_box_border_grey\"><img loading=\"lazy\" decoding=\"async\" width=\"1103\" height=\"277\" src=\"https:\/\/www.intermed.al\/wp-content\/uploads\/2018\/04\/imazh.png\" class=\"vc_single_image-img attachment-full\" alt=\"\" title=\"imazh\" srcset=\"https:\/\/www.intermed.al\/wp-content\/uploads\/2018\/04\/imazh.png 1103w, https:\/\/www.intermed.al\/wp-content\/uploads\/2018\/04\/imazh-300x75.png 300w, https:\/\/www.intermed.al\/wp-content\/uploads\/2018\/04\/imazh-768x193.png 768w, https:\/\/www.intermed.al\/wp-content\/uploads\/2018\/04\/imazh-1024x257.png 1024w, https:\/\/www.intermed.al\/wp-content\/uploads\/2018\/04\/imazh-700x176.png 700w\" sizes=\"auto, (max-width: 1103px) 100vw, 1103px\" \/><\/div>\n\t\t<\/div>\n\t<\/div>\n<div class=\"separator  transparent\" style=\"height: 40px;\"><\/div>\n\n\t<div class=\"wpb_text_column wpb_content_element\">\n\t\t<div class=\"wpb_wrapper\">\n\t\t\t<p><span style=\"color: #006f78;\"><strong>REGULATORY AFFAIRS AND PHARMACOVIGILANCE<\/strong><\/span><\/p>\n<p>&nbsp;<\/p>\n<p>Zyra e sh\u00ebrbimit rregullator \u00ebsht\u00eb pik\u00eb ky\u00e7e p\u00ebr mbatjen e marr\u00ebdh\u00ebnies midis Intermed dhe agjensis\u00eb komb\u00ebtare t\u00eb barnave dhe pajisjeve mjek\u00ebsore (AKBPM) \/ ministris\u00eb s\u00eb Sh\u00ebndet\u00ebsis\u00eb.<\/p>\n<p><strong><span style=\"color: #00a651;\">Nd\u00ebr aktivitetet q\u00eb kryen zyra rregullatore n\u00eb Intermed jan\u00eb:<\/span><\/strong><\/p>\n<ul id=\"nje\">\n<li>Verification of registration dossiers in accordance with the approved format (eCTD)<\/li>\n<li>Aplikimet p\u00ebr regjistrim p\u00ebr produktet farmaceutike q\u00eb Intermed treg\u00ebton<\/li>\n<li>Submission of variations and follow-up of their approval<\/li>\n<li>Patient safety is our top priority.<\/li>\n<\/ul>\n<p>Pharmacovigilance refers to post-marketing pharmacovigilance activities and is related to product safety management through the collection, monitoring, and reporting of adverse drug reactions (ADR) and other undesirable events.<\/p>\n<p><span style=\"color: #00a651;\"><strong>Raportimi i efekteve an\u00ebsore apo ngjarjeve t\u00eb padeshiruara nga produktet tona:<\/strong><\/span><\/p>\n<p>pharmacoviglilance@intermed.al<br \/>\nEtleva Korkuti<br \/>\netleva.korkuti@intermed.al<\/p>\n\n\t\t<\/div> \n\t<\/div> <\/div><\/div><\/div><\/div><\/div><\/div><div      class=\"vc_row wpb_row section vc_row-fluid  grid_section\" style='background-color:#fafbfc; padding-bottom:25px; text-align:left;'><div class=\"section_inner clearfix\"><div class='section_inner_margin clearfix'><div class=\"wpb_column vc_column_container vc_col-sm-12\"><div class=\"vc_column-inner\"><div class=\"wpb_wrapper\"><div class=\"separator  transparent\" style=\"height: 1px;\"><\/div>\n<div      class=\"vc_row wpb_row section vc_row-fluid vc_inner\" style=' text-align:left;'><div class=\"full_section_inner clearfix\"><div class=\"wpb_column vc_column_container vc_col-sm-6\"><div class=\"vc_column-inner\"><div class=\"wpb_wrapper\">\n\t<div class=\"wpb_single_image wpb_content_element vc_align_left\">\n\t\t<div class=\"wpb_wrapper\">\n\t\t\t\n\t\t\t<div class=\"vc_single_image-wrapper   vc_box_border_grey\"><img loading=\"lazy\" decoding=\"async\" width=\"378\" height=\"820\" src=\"https:\/\/www.intermed.al\/wp-content\/uploads\/2018\/04\/harta.png\" class=\"vc_single_image-img attachment-full\" alt=\"\" title=\"harta\" srcset=\"https:\/\/www.intermed.al\/wp-content\/uploads\/2018\/04\/harta.png 378w, https:\/\/www.intermed.al\/wp-content\/uploads\/2018\/04\/harta-138x300.png 138w\" sizes=\"auto, (max-width: 378px) 100vw, 378px\" \/><\/div>\n\t\t<\/div>\n\t<\/div>\n<\/div><\/div><\/div><div class=\"wpb_column vc_column_container vc_col-sm-6\"><div class=\"vc_column-inner\"><div class=\"wpb_wrapper\">\n\t<div class=\"wpb_text_column wpb_content_element\">\n\t\t<div class=\"wpb_wrapper\">\n\t\t\t<p><span style=\"color: #006f78;\"><strong>Logjistika<\/strong><\/span><\/p>\n<p>&nbsp;<\/p>\n<p>Zhvillimi i logjistik\u00ebs n\u00eb Intermed ka ardhur gradualisht me pun\u00ebn prej m\u00eb shum\u00eb se dy dekadash n\u00eb treg.<br \/>\nLogistics represents one of the key elements in the functioning of the pharmaceutical storage and distribution chain.<br \/>\nThe proper functioning of logistics aims to enhance the level of service provided and to reduce operational costs.<\/p>\n<p><span style=\"color: #00a651;\"><strong>Intermed ofron sh\u00ebrbimin e distribucionit p\u00ebr klient\u00ebt e saj:<\/strong><\/span><\/p>\n<ul id=\"dy\">\n<li>Depo primare dhe sekondare 57<\/li>\n<li>Farmaci 1200<\/li>\n<li>Spitale dhe klinika n\u00eb sektorin privat\/shtet\u00ebror 30<\/li>\n<\/ul>\n\n\t\t<\/div> \n\t<\/div> <\/div><\/div><\/div><\/div><\/div><\/div><\/div><\/div><\/div><\/div><\/div>\n<\/div>","protected":false},"excerpt":{"rendered":"Departamenti i Shitjeve dhe Marketingut Departamenti i shitjeve dhe marketingut b\u00ebn monitorimin e tregut dhe ka q\u00ebllim t\u00eb propozoj\u00eb p\u00ebrzgjedhjen e produktit t\u00eb duhur p\u00ebr nevojat e pacientit. Parimi udh\u00ebheq\u00ebs \u00ebsht\u00eb zbatimi i etik\u00ebs profesionale n\u00eb zhvillimin e pun\u00ebs. Personeli i shitjeve dhe marketingut b\u00ebn...","protected":false},"author":1,"featured_media":0,"parent":0,"menu_order":0,"comment_status":"closed","ping_status":"closed","template":"full_width.php","meta":{"footnotes":""},"class_list":["post-18330","page","type-page","status-publish","hentry"],"_links":{"self":[{"href":"https:\/\/www.intermed.al\/en\/wp-json\/wp\/v2\/pages\/18330","targetHints":{"allow":["GET"]}}],"collection":[{"href":"https:\/\/www.intermed.al\/en\/wp-json\/wp\/v2\/pages"}],"about":[{"href":"https:\/\/www.intermed.al\/en\/wp-json\/wp\/v2\/types\/page"}],"author":[{"embeddable":true,"href":"https:\/\/www.intermed.al\/en\/wp-json\/wp\/v2\/users\/1"}],"replies":[{"embeddable":true,"href":"https:\/\/www.intermed.al\/en\/wp-json\/wp\/v2\/comments?post=18330"}],"version-history":[{"count":0,"href":"https:\/\/www.intermed.al\/en\/wp-json\/wp\/v2\/pages\/18330\/revisions"}],"wp:attachment":[{"href":"https:\/\/www.intermed.al\/en\/wp-json\/wp\/v2\/media?parent=18330"}],"curies":[{"name":"wp","href":"https:\/\/api.w.org\/{rel}","templated":true}]}}