{"id":18334,"date":"2018-02-05T14:17:18","date_gmt":"2018-02-05T14:17:18","guid":{"rendered":"http:\/\/www.intermed.al\/produkte-te-reja\/"},"modified":"2018-05-08T10:24:12","modified_gmt":"2018-05-08T10:24:12","slug":"produkte-te-reja","status":"publish","type":"page","link":"https:\/\/www.intermed.al\/en\/produkte-te-reja\/?lang=en","title":{"rendered":"Produktet e Reja"},"content":{"rendered":"<div class=\"wpb-content-wrapper\"><div class=\"vc_row wpb_row section vc_row-fluid  grid_section\" style=' text-align:left;'><div class=\"section_inner clearfix\"><div class='section_inner_margin clearfix'><div class=\"wpb_column vc_column_container vc_col-sm-12\"><div class=\"vc_column-inner\"><div class=\"wpb_wrapper\">\n\t<div class=\"wpb_single_image wpb_content_element vc_align_left\">\n\t\t<div class=\"wpb_wrapper\">\n\t\t\t\n\t\t\t<div class=\"vc_single_image-wrapper   vc_box_border_grey\"><img loading=\"lazy\" decoding=\"async\" width=\"933\" height=\"622\" src=\"https:\/\/www.intermed.al\/wp-content\/uploads\/2018\/05\/Produkte.jpg\" class=\"vc_single_image-img attachment-full\" alt=\"\" title=\"Blue pills\" srcset=\"https:\/\/www.intermed.al\/wp-content\/uploads\/2018\/05\/Produkte.jpg 933w, https:\/\/www.intermed.al\/wp-content\/uploads\/2018\/05\/Produkte-300x200.jpg 300w, https:\/\/www.intermed.al\/wp-content\/uploads\/2018\/05\/Produkte-768x512.jpg 768w, https:\/\/www.intermed.al\/wp-content\/uploads\/2018\/05\/Produkte-700x467.jpg 700w\" sizes=\"auto, (max-width: 933px) 100vw, 933px\" \/><\/div>\n\t\t<\/div>\n\t<\/div>\n<\/div><\/div><\/div><\/div><\/div><\/div><div      class=\"vc_row wpb_row section vc_row-fluid\" style=' padding-top:70px; padding-bottom:200px; text-align:left;'><div class=\"full_section_inner clearfix\"><div class=\"wpb_column vc_column_container vc_col-sm-12\"><div class=\"vc_column-inner\"><div class=\"wpb_wrapper\">\n\t<div class=\"wpb_text_column wpb_content_element\">\n\t\t<div class=\"wpb_wrapper\">\n\t\t\t<h3><span style=\"color: #006f78;\">Produktet e Reja<\/span><\/h3>\n<p>&nbsp;<\/p>\n<p><strong>N\u00eb janar 2018<\/strong>, produkti m\u00eb i ri t\u00eb cilin Intermed e b\u00ebri t\u00eb mundur p\u00ebr tregun \u00ebsht\u00eb <strong>DrotavEp<\/strong>, nga Extractum Pharma.<br \/>\nGjat\u00eb 2017 Intermed b\u00ebri t\u00eb mundur lidhjen e bashk\u00ebpunimit me dy kompani t\u00eb reja, Roche dhe Allergy Therapeutics.<br \/>\nKjo b\u00ebri t\u00eb mundur futjen n\u00eb treg t\u00eb produkteve t\u00eb k\u00ebtyre kompanive:<\/p>\n<p>&nbsp;<\/p>\n<p><img loading=\"lazy\" decoding=\"async\" class=\"alignnone size-full wp-image-18029\" src=\"http:\/\/www.intermed.al\/wp-content\/uploads\/2018\/04\/pika.png\" alt=\"\" width=\"5\" height=\"5\" \/>\u00a0<strong>Actemra p\u00ebr Roche<\/strong>, e cila \u00ebsht\u00eb n\u00eb dy forma administrimi: injeksion subkutan edhe injeksion intravenoz, n\u00eb tre doza t\u00eb saj 80 mg, 162 mg dhe 200mg.<\/p>\n<p>&nbsp;<\/p>\n<p><img loading=\"lazy\" decoding=\"async\" class=\"alignnone size-full wp-image-18029\" src=\"http:\/\/www.intermed.al\/wp-content\/uploads\/2018\/04\/pika.png\" alt=\"\" width=\"5\" height=\"5\" \/>\u00a0<strong>Produktet imunologjike<\/strong> specifike t\u00eb Allergy therapeutics, q\u00eb b\u00ebn t\u00eb mundur dh\u00ebnien e mjekimit specifik p\u00ebr secilin pacient. Gjithashtu ka nj\u00eb rang t\u00eb gjer\u00eb alergen\u00ebsh t\u00eb regjistruar p\u00ebr prik testet e l\u00ebkur\u00ebs.<\/p>\n\n\t\t<\/div> \n\t<\/div> <\/div><\/div><\/div><\/div><\/div>\n<\/div>","protected":false},"excerpt":{"rendered":"Produktet e Reja &nbsp; N\u00eb janar 2018, produkti m\u00eb i ri t\u00eb cilin Intermed e b\u00ebri t\u00eb mundur p\u00ebr tregun \u00ebsht\u00eb DrotavEp, nga Extractum Pharma. Gjat\u00eb 2017 Intermed b\u00ebri t\u00eb mundur lidhjen e bashk\u00ebpunimit me dy kompani t\u00eb reja, Roche dhe Allergy Therapeutics. Kjo b\u00ebri...","protected":false},"author":1,"featured_media":0,"parent":0,"menu_order":0,"comment_status":"closed","ping_status":"closed","template":"","meta":{"footnotes":""},"class_list":["post-18334","page","type-page","status-publish","hentry"],"_links":{"self":[{"href":"https:\/\/www.intermed.al\/en\/wp-json\/wp\/v2\/pages\/18334","targetHints":{"allow":["GET"]}}],"collection":[{"href":"https:\/\/www.intermed.al\/en\/wp-json\/wp\/v2\/pages"}],"about":[{"href":"https:\/\/www.intermed.al\/en\/wp-json\/wp\/v2\/types\/page"}],"author":[{"embeddable":true,"href":"https:\/\/www.intermed.al\/en\/wp-json\/wp\/v2\/users\/1"}],"replies":[{"embeddable":true,"href":"https:\/\/www.intermed.al\/en\/wp-json\/wp\/v2\/comments?post=18334"}],"version-history":[{"count":1,"href":"https:\/\/www.intermed.al\/en\/wp-json\/wp\/v2\/pages\/18334\/revisions"}],"predecessor-version":[{"id":18503,"href":"https:\/\/www.intermed.al\/en\/wp-json\/wp\/v2\/pages\/18334\/revisions\/18503"}],"wp:attachment":[{"href":"https:\/\/www.intermed.al\/en\/wp-json\/wp\/v2\/media?parent=18334"}],"curies":[{"name":"wp","href":"https:\/\/api.w.org\/{rel}","templated":true}]}}