{"id":18336,"date":"2018-02-05T14:15:38","date_gmt":"2018-02-05T14:15:38","guid":{"rendered":"http:\/\/www.intermed.al\/produkte-partnere\/"},"modified":"2018-04-06T15:51:54","modified_gmt":"2018-04-06T15:51:54","slug":"produkte-partnere","status":"publish","type":"page","link":"https:\/\/www.intermed.al\/en\/produkte-partnere\/?lang=en","title":{"rendered":"Products &amp; Partners"},"content":{"rendered":"<div class=\"wpb-content-wrapper\"><div class=\"vc_row wpb_row section vc_row-fluid\" style='background-image:url(https:\/\/www.intermed.al\/wp-content\/uploads\/2018\/04\/foto-1-1.jpg); padding-top:220px; padding-bottom:300px; text-align:left;'><div class=\"full_section_inner clearfix\"><div class=\"wpb_column vc_column_container vc_col-sm-12\"><div class=\"vc_column-inner\"><div class=\"wpb_wrapper\"><\/div><\/div><\/div><\/div><\/div><div      class=\"vc_row wpb_row section vc_row-fluid\" style=' text-align:left;'><div class=\"full_section_inner clearfix\"><div class=\"wpb_column vc_column_container vc_col-sm-12\"><div class=\"vc_column-inner\"><div class=\"wpb_wrapper\">\t<div class=\"vc_empty_space\"  style=\"height: 32px\" ><span\n\t\t\tclass=\"vc_empty_space_inner\">\n\t\t\t<span class=\"empty_space_image\"  ><\/span>\n\t\t<\/span><\/div>\n\n<\/div><\/div><\/div><\/div><\/div><div      class=\"vc_row wpb_row section vc_row-fluid  grid_section\" style=' text-align:left;'><div class=\"section_inner clearfix\"><div class='section_inner_margin clearfix'><div class=\"wpb_column vc_column_container vc_col-sm-3\"><div class=\"vc_column-inner\"><div class=\"wpb_wrapper\"><div class='image_hover' style='' data-transition-delay=''><div class='images_holder'><a itemprop='url' href='http:\/\/www.intermed.al\/en\/noval\/' target='_blank'><img itemprop='image' class='active_image' src='https:\/\/www.intermed.al\/wp-content\/uploads\/2018\/04\/noval-2.png' alt='' style='' \/><img itemprop='image' class='hover_image' src='https:\/\/www.intermed.al\/wp-content\/uploads\/2018\/04\/noval-1-3.png' alt='' style='' \/><\/a><\/div><\/div>\t<div class=\"vc_empty_space\"  style=\"height: 8px\" ><span\n\t\t\tclass=\"vc_empty_space_inner\">\n\t\t\t<span class=\"empty_space_image\"  ><\/span>\n\t\t<\/span><\/div>\n\n\n\t<div class=\"wpb_text_column wpb_content_element\">\n\t\t<div class=\"wpb_wrapper\">\n\t\t\t<p style=\"text-align: center;\"><strong>Informohu rreth produkteve<\/strong><br \/>\n<a href=\"http:\/\/www.intermed.al\/en\/noval\/\"><span style=\"color: #3baf29;\"><strong>M\u00eb shum\u00eb<\/strong><\/span><\/a><\/p>\n\n\t\t<\/div> \n\t<\/div> \t<div class=\"vc_empty_space\"  style=\"height: 28px\" ><span\n\t\t\tclass=\"vc_empty_space_inner\">\n\t\t\t<span class=\"empty_space_image\"  ><\/span>\n\t\t<\/span><\/div>\n\n<div class='image_hover' style='' data-transition-delay=''><div class='images_holder'><a itemprop='url' href='https:\/\/www.bayer.com\/' target='_blank'><img itemprop='image' class='active_image' src='https:\/\/www.intermed.al\/wp-content\/uploads\/2018\/04\/BAYER.png' alt='' style='' \/><img itemprop='image' class='hover_image' src='https:\/\/www.intermed.al\/wp-content\/uploads\/2018\/04\/BAYER-1.png' alt='' style='' \/><\/a><\/div><\/div>\t<div class=\"vc_empty_space\"  style=\"height: 8px\" ><span\n\t\t\tclass=\"vc_empty_space_inner\">\n\t\t\t<span class=\"empty_space_image\"  ><\/span>\n\t\t<\/span><\/div>\n\n\n\t<div class=\"wpb_text_column wpb_content_element\">\n\t\t<div class=\"wpb_wrapper\">\n\t\t\t<p style=\"text-align: center;\"><strong>Informohu rreth produkteve<\/strong><br \/>\n<a href=\"http:\/\/www.intermed.al\/en\/bayer\/\"><span style=\"color: #3baf29;\"><strong>M\u00eb shum\u00eb<\/strong><\/span><\/a><\/p>\n\n\t\t<\/div> \n\t<\/div> \t<div class=\"vc_empty_space\"  style=\"height: 28px\" ><span\n\t\t\tclass=\"vc_empty_space_inner\">\n\t\t\t<span class=\"empty_space_image\"  ><\/span>\n\t\t<\/span><\/div>\n\n<div class='image_hover' style='' data-transition-delay=''><div class='images_holder'><a itemprop='url' href='http:\/\/www.lifepharma.it\/it-it\/' target='_blank'><img itemprop='image' class='' src='' alt='' style='' \/><img itemprop='image' class='hover_image' src='' alt='' style='' \/><\/a><\/div><\/div>\t<div class=\"vc_empty_space\"  style=\"height: 8px\" ><span\n\t\t\tclass=\"vc_empty_space_inner\">\n\t\t\t<span class=\"empty_space_image\"  ><\/span>\n\t\t<\/span><\/div>\n\n\n\t<div class=\"wpb_text_column wpb_content_element\">\n\t\t<div class=\"wpb_wrapper\">\n\t\t\t<p style=\"text-align: center;\"><strong>Informohu rreth produkteve<\/strong><br \/>\n<a href=\"http:\/\/www.lifepharma.it\/it-it\/\"><span style=\"color: #3baf29;\"><strong>M\u00eb shum\u00eb<\/strong><\/span><\/a><\/p>\n\n\t\t<\/div> \n\t<\/div> \t<div class=\"vc_empty_space\"  style=\"height: 28px\" ><span\n\t\t\tclass=\"vc_empty_space_inner\">\n\t\t\t<span class=\"empty_space_image\"  ><\/span>\n\t\t<\/span><\/div>\n\n<div class='image_hover' style='' data-transition-delay=''><div class='images_holder'><a itemprop='url' href='https:\/\/www.roche.com\/ ' target='_blank'><img itemprop='image' class='active_image' src='https:\/\/www.intermed.al\/wp-content\/uploads\/2018\/04\/roche-1-1.png' alt='' style='' \/><img itemprop='image' class='hover_image' src='https:\/\/www.intermed.al\/wp-content\/uploads\/2018\/04\/roche-2.png' alt='' style='' \/><\/a><\/div><\/div>\t<div class=\"vc_empty_space\"  style=\"height: 8px\" ><span\n\t\t\tclass=\"vc_empty_space_inner\">\n\t\t\t<span class=\"empty_space_image\"  ><\/span>\n\t\t<\/span><\/div>\n\n\n\t<div class=\"wpb_text_column wpb_content_element\">\n\t\t<div class=\"wpb_wrapper\">\n\t\t\t<p style=\"text-align: center;\"><strong>Informohu rreth produkteve<\/strong><br \/>\n<a href=\"http:\/\/www.intermed.al\/en\/roche\/\"><span style=\"color: #3baf29;\"><strong>M\u00eb shum\u00eb<\/strong><\/span><\/a><\/p>\n\n\t\t<\/div> \n\t<\/div> \t<div class=\"vc_empty_space\"  style=\"height: 28px\" ><span\n\t\t\tclass=\"vc_empty_space_inner\">\n\t\t\t<span class=\"empty_space_image\"  ><\/span>\n\t\t<\/span><\/div>\n\n<\/div><\/div><\/div><div class=\"wpb_column vc_column_container vc_col-sm-3\"><div class=\"vc_column-inner\"><div class=\"wpb_wrapper\"><div class='image_hover' style='' data-transition-delay=''><div class='images_holder'><a itemprop='url' href='http:\/\/www.novaargentia.it\/' target='_blank'><img itemprop='image' class='active_image' src='https:\/\/www.intermed.al\/wp-content\/uploads\/2018\/04\/nova-4.png' alt='' style='' \/><img itemprop='image' class='hover_image' src='https:\/\/www.intermed.al\/wp-content\/uploads\/2018\/04\/nova-1-3.png' alt='' style='' \/><\/a><\/div><\/div>\t<div class=\"vc_empty_space\"  style=\"height: 8px\" ><span\n\t\t\tclass=\"vc_empty_space_inner\">\n\t\t\t<span class=\"empty_space_image\"  ><\/span>\n\t\t<\/span><\/div>\n\n\n\t<div class=\"wpb_text_column wpb_content_element\">\n\t\t<div class=\"wpb_wrapper\">\n\t\t\t<p style=\"text-align: center;\"><strong>Informohu rreth produkteve<\/strong><br \/>\n<a href=\"http:\/\/www.intermed.al\/en\/barna-italiane-nova-argentia-geymonat-pharmaday\/\"><span style=\"color: #3baf29;\"><strong>M\u00eb shum\u00eb<\/strong><\/span><\/a><\/p>\n\n\t\t<\/div> \n\t<\/div> \t<div class=\"vc_empty_space\"  style=\"height: 28px\" ><span\n\t\t\tclass=\"vc_empty_space_inner\">\n\t\t\t<span class=\"empty_space_image\"  ><\/span>\n\t\t<\/span><\/div>\n\n<div class='image_hover' style='' data-transition-delay=''><div class='images_holder'><a itemprop='url' href='http:\/\/www.allergytherapeutics.com\/' target='_blank'><img itemprop='image' class='' src='' alt='' style='' \/><img itemprop='image' class='hover_image' src='' alt='' style='' \/><\/a><\/div><\/div>\t<div class=\"vc_empty_space\"  style=\"height: 8px\" ><span\n\t\t\tclass=\"vc_empty_space_inner\">\n\t\t\t<span class=\"empty_space_image\"  ><\/span>\n\t\t<\/span><\/div>\n\n\n\t<div class=\"wpb_text_column wpb_content_element\">\n\t\t<div class=\"wpb_wrapper\">\n\t\t\t<p style=\"text-align: center;\"><strong>Informohu rreth produkteve<\/strong><br \/>\n<a href=\"http:\/\/www.intermed.al\/en\/allergy-therapeutics\/\"><span style=\"color: #3baf29;\"><strong>M\u00eb shum\u00eb<\/strong><\/span><\/a><\/p>\n\n\t\t<\/div> \n\t<\/div> \t<div class=\"vc_empty_space\"  style=\"height: 28px\" ><span\n\t\t\tclass=\"vc_empty_space_inner\">\n\t\t\t<span class=\"empty_space_image\"  ><\/span>\n\t\t<\/span><\/div>\n\n<div class='image_hover' style='' data-transition-delay=''><div class='images_holder'><a itemprop='url' href='http:\/\/www.nobel.com.tr\/' target='_blank'><img itemprop='image' class='active_image' src='https:\/\/www.intermed.al\/wp-content\/uploads\/2018\/04\/nobel-1-4.png' alt='' style='' \/><img itemprop='image' class='hover_image' src='https:\/\/www.intermed.al\/wp-content\/uploads\/2018\/04\/nobel-4.png' alt='' style='' \/><\/a><\/div><\/div>\t<div class=\"vc_empty_space\"  style=\"height: 8px\" ><span\n\t\t\tclass=\"vc_empty_space_inner\">\n\t\t\t<span class=\"empty_space_image\"  ><\/span>\n\t\t<\/span><\/div>\n\n\n\t<div class=\"wpb_text_column wpb_content_element\">\n\t\t<div class=\"wpb_wrapper\">\n\t\t\t<p style=\"text-align: center;\"><strong>Informohu rreth produkteve<\/strong><br \/>\n<a href=\"http:\/\/www.intermed.al\/en\/nobel\/\"><span style=\"color: #3baf29;\"><strong>M\u00eb shum\u00eb<\/strong><\/span><\/a><\/p>\n\n\t\t<\/div> \n\t<\/div> \t<div class=\"vc_empty_space\"  style=\"height: 28px\" ><span\n\t\t\tclass=\"vc_empty_space_inner\">\n\t\t\t<span class=\"empty_space_image\"  ><\/span>\n\t\t<\/span><\/div>\n\n<div class='image_hover' style='' data-transition-delay=''><div class='images_holder'><a itemprop='url' href='#' target='_blank'><img itemprop='image' class='active_image' src='https:\/\/www.intermed.al\/wp-content\/uploads\/2018\/04\/anti-1.png' alt='' style='' \/><img itemprop='image' class='hover_image' src='https:\/\/www.intermed.al\/wp-content\/uploads\/2018\/04\/anti.png' alt='' style='' \/><\/a><\/div><\/div>\t<div class=\"vc_empty_space\"  style=\"height: 8px\" ><span\n\t\t\tclass=\"vc_empty_space_inner\">\n\t\t\t<span class=\"empty_space_image\"  ><\/span>\n\t\t<\/span><\/div>\n\n\n\t<div class=\"wpb_text_column wpb_content_element\">\n\t\t<div class=\"wpb_wrapper\">\n\t\t\t<p style=\"text-align: center;\"><strong>Informohu rreth produkteve<\/strong><\/p>\n<p style=\"text-align: center;\"><a href=\"http:\/\/www.intermed.al\/en\/s-c-antibiotice\/\"><span style=\"color: #3baf29;\"><strong>M\u00eb shum\u00eb<\/strong><\/span><\/a><\/p>\n\n\t\t<\/div> \n\t<\/div> \t<div class=\"vc_empty_space\"  style=\"height: 28px\" ><span\n\t\t\tclass=\"vc_empty_space_inner\">\n\t\t\t<span class=\"empty_space_image\"  ><\/span>\n\t\t<\/span><\/div>\n\n<\/div><\/div><\/div><div class=\"wpb_column vc_column_container vc_col-sm-3\"><div class=\"vc_column-inner\"><div class=\"wpb_wrapper\"><div class='image_hover' style='' data-transition-delay=''><div class='images_holder'><a itemprop='url' href='http:\/\/www.alvogen.com\/' target='_blank'><img itemprop='image' class='active_image' src='https:\/\/www.intermed.al\/wp-content\/uploads\/2018\/04\/alvo.png' alt='' style='' \/><img itemprop='image' class='hover_image' src='https:\/\/www.intermed.al\/wp-content\/uploads\/2018\/04\/alvo-1-1.png' alt='' style='' \/><\/a><\/div><\/div>\t<div class=\"vc_empty_space\"  style=\"height: 8px\" ><span\n\t\t\tclass=\"vc_empty_space_inner\">\n\t\t\t<span class=\"empty_space_image\"  ><\/span>\n\t\t<\/span><\/div>\n\n\n\t<div class=\"wpb_text_column wpb_content_element\">\n\t\t<div class=\"wpb_wrapper\">\n\t\t\t<p style=\"text-align: center;\"><strong>Informohu rreth produkteve<\/strong><br \/>\n<a href=\"http:\/\/www.intermed.al\/en\/alvogen\/\"><span style=\"color: #3baf29;\"><strong>M\u00eb shum\u00eb<\/strong><\/span><\/a><\/p>\n\n\t\t<\/div> \n\t<\/div> \t<div class=\"vc_empty_space\"  style=\"height: 28px\" ><span\n\t\t\tclass=\"vc_empty_space_inner\">\n\t\t\t<span class=\"empty_space_image\"  ><\/span>\n\t\t<\/span><\/div>\n\n<div class='image_hover' style='' data-transition-delay=''><div class='images_holder'><a itemprop='url' href='http:\/\/www.berlin-chemie.com\/' target='_blank'><img itemprop='image' class='active_image' src='https:\/\/www.intermed.al\/wp-content\/uploads\/2018\/04\/berlin-2.png' alt='' style='' \/><img itemprop='image' class='hover_image' src='https:\/\/www.intermed.al\/wp-content\/uploads\/2018\/04\/berlin-1-1.png' alt='' style='' \/><\/a><\/div><\/div>\t<div class=\"vc_empty_space\"  style=\"height: 8px\" ><span\n\t\t\tclass=\"vc_empty_space_inner\">\n\t\t\t<span class=\"empty_space_image\"  ><\/span>\n\t\t<\/span><\/div>\n\n\n\t<div class=\"wpb_text_column wpb_content_element\">\n\t\t<div class=\"wpb_wrapper\">\n\t\t\t<p style=\"text-align: center;\"><strong>Informohu rreth produkteve<\/strong><br \/>\n<a href=\"http:\/\/www.intermed.al\/en\/berlin-chemie\/\"><span style=\"color: #3baf29;\"><strong>M\u00eb shum\u00eb<\/strong><\/span><\/a><\/p>\n\n\t\t<\/div> \n\t<\/div> \t<div class=\"vc_empty_space\"  style=\"height: 28px\" ><span\n\t\t\tclass=\"vc_empty_space_inner\">\n\t\t\t<span class=\"empty_space_image\"  ><\/span>\n\t\t<\/span><\/div>\n\n<div class='image_hover' style='' data-transition-delay=''><div class='images_holder'><a itemprop='url' href='https:\/\/www.pharmadaypharmaceutical.it\/en\/home\/ ' target='_blank'><img itemprop='image' class='' src='' alt='' style='' \/><img itemprop='image' class='hover_image' src='' alt='' style='' \/><\/a><\/div><\/div>\t<div class=\"vc_empty_space\"  style=\"height: 8px\" ><span\n\t\t\tclass=\"vc_empty_space_inner\">\n\t\t\t<span class=\"empty_space_image\"  ><\/span>\n\t\t<\/span><\/div>\n\n\n\t<div class=\"wpb_text_column wpb_content_element\">\n\t\t<div class=\"wpb_wrapper\">\n\t\t\t<p style=\"text-align: center;\"><strong>Informohu rreth produkteve<\/strong><br \/>\n<a href=\"http:\/\/www.intermed.al\/en\/barna-italiane-nova-argentia-geymonat-pharmaday\/\"><span style=\"color: #3baf29;\"><strong>M\u00eb shum\u00eb<\/strong><\/span><\/a><\/p>\n\n\t\t<\/div> \n\t<\/div> \t<div class=\"vc_empty_space\"  style=\"height: 28px\" ><span\n\t\t\tclass=\"vc_empty_space_inner\">\n\t\t\t<span class=\"empty_space_image\"  ><\/span>\n\t\t<\/span><\/div>\n\n<\/div><\/div><\/div><div class=\"wpb_column vc_column_container vc_col-sm-3\"><div class=\"vc_column-inner\"><div class=\"wpb_wrapper\"><div class='image_hover' style='' data-transition-delay=''><div class='images_holder'><a itemprop='url' href='https:\/\/www.italfarmaco.com\/it-it\/' target='_blank'><img itemprop='image' class='active_image' src='https:\/\/www.intermed.al\/wp-content\/uploads\/2018\/04\/ital-2.png' alt='' style='' \/><img itemprop='image' class='hover_image' src='https:\/\/www.intermed.al\/wp-content\/uploads\/2018\/04\/ITAL-1.png' alt='' style='' \/><\/a><\/div><\/div>\t<div class=\"vc_empty_space\"  style=\"height: 8px\" ><span\n\t\t\tclass=\"vc_empty_space_inner\">\n\t\t\t<span class=\"empty_space_image\"  ><\/span>\n\t\t<\/span><\/div>\n\n\n\t<div class=\"wpb_text_column wpb_content_element\">\n\t\t<div class=\"wpb_wrapper\">\n\t\t\t<p style=\"text-align: center;\"><strong>Informohu rreth produkteve<\/strong><br \/>\n<a href=\"http:\/\/www.intermed.al\/en\/barna-italiane-nova-argentia-geymonat-pharmaday\/\"><span style=\"color: #3baf29;\"><strong>M\u00eb shum\u00eb<\/strong><\/span><\/a><\/p>\n\n\t\t<\/div> \n\t<\/div> \t<div class=\"vc_empty_space\"  style=\"height: 28px\" ><span\n\t\t\tclass=\"vc_empty_space_inner\">\n\t\t\t<span class=\"empty_space_image\"  ><\/span>\n\t\t<\/span><\/div>\n\n<div class='image_hover' style='' data-transition-delay=''><div class='images_holder'><a itemprop='url' href='http:\/\/www.expharma.hu\/ ' target='_blank'><img itemprop='image' class='' src='' alt='' style='' \/><img itemprop='image' class='hover_image' src='' alt='' style='' \/><\/a><\/div><\/div>\t<div class=\"vc_empty_space\"  style=\"height: 8px\" ><span\n\t\t\tclass=\"vc_empty_space_inner\">\n\t\t\t<span class=\"empty_space_image\"  ><\/span>\n\t\t<\/span><\/div>\n\n\n\t<div class=\"wpb_text_column wpb_content_element\">\n\t\t<div class=\"wpb_wrapper\">\n\t\t\t<p style=\"text-align: center;\"><strong>Informohu rreth produkteve<\/strong><br \/>\n<a href=\"http:\/\/www.intermed.al\/en\/extractum-pharma\/\"><span style=\"color: #3baf29;\"><strong>M\u00eb shum\u00eb<\/strong><\/span><\/a><\/p>\n\n\t\t<\/div> \n\t<\/div> \t<div class=\"vc_empty_space\"  style=\"height: 28px\" ><span\n\t\t\tclass=\"vc_empty_space_inner\">\n\t\t\t<span class=\"empty_space_image\"  ><\/span>\n\t\t<\/span><\/div>\n\n<div class='image_hover' style='' data-transition-delay=''><div class='images_holder'><a itemprop='url' href='http:\/\/pharmaswiss.rs\/' target='_blank'><img itemprop='image' class='' src='' alt='' style='' \/><img itemprop='image' class='hover_image' src='' alt='' style='' \/><\/a><\/div><\/div>\t<div class=\"vc_empty_space\"  style=\"height: 8px\" ><span\n\t\t\tclass=\"vc_empty_space_inner\">\n\t\t\t<span class=\"empty_space_image\"  ><\/span>\n\t\t<\/span><\/div>\n\n\n\t<div class=\"wpb_text_column wpb_content_element\">\n\t\t<div class=\"wpb_wrapper\">\n\t\t\t<p style=\"text-align: center;\"><strong>Informohu rreth produkteve<\/strong><br \/>\n<a href=\"http:\/\/www.intermed.al\/en\/pharma-swiss\/\"><span style=\"color: #3baf29;\"><strong>M\u00eb shum\u00eb<\/strong><\/span><\/a><\/p>\n\n\t\t<\/div> \n\t<\/div> \t<div class=\"vc_empty_space\"  style=\"height: 28px\" ><span\n\t\t\tclass=\"vc_empty_space_inner\">\n\t\t\t<span class=\"empty_space_image\"  ><\/span>\n\t\t<\/span><\/div>\n\n<\/div><\/div><\/div><\/div><\/div><\/div>\n<\/div>","protected":false},"excerpt":{"rendered":"Informohu rreth produkteve M\u00eb shum\u00eb Informohu rreth produkteve M\u00eb shum\u00eb Informohu rreth produkteve M\u00eb shum\u00eb Informohu rreth produkteve M\u00eb shum\u00eb Informohu rreth produkteve M\u00eb shum\u00eb Informohu rreth produkteve M\u00eb shum\u00eb Informohu rreth produkteve M\u00eb shum\u00eb Informohu rreth produkteve M\u00eb shum\u00eb Informohu rreth produkteve M\u00eb shum\u00eb...","protected":false},"author":1,"featured_media":0,"parent":0,"menu_order":0,"comment_status":"closed","ping_status":"closed","template":"full_width.php","meta":{"footnotes":""},"class_list":["post-18336","page","type-page","status-publish","hentry"],"_links":{"self":[{"href":"https:\/\/www.intermed.al\/en\/wp-json\/wp\/v2\/pages\/18336","targetHints":{"allow":["GET"]}}],"collection":[{"href":"https:\/\/www.intermed.al\/en\/wp-json\/wp\/v2\/pages"}],"about":[{"href":"https:\/\/www.intermed.al\/en\/wp-json\/wp\/v2\/types\/page"}],"author":[{"embeddable":true,"href":"https:\/\/www.intermed.al\/en\/wp-json\/wp\/v2\/users\/1"}],"replies":[{"embeddable":true,"href":"https:\/\/www.intermed.al\/en\/wp-json\/wp\/v2\/comments?post=18336"}],"version-history":[{"count":2,"href":"https:\/\/www.intermed.al\/en\/wp-json\/wp\/v2\/pages\/18336\/revisions"}],"predecessor-version":[{"id":18515,"href":"https:\/\/www.intermed.al\/en\/wp-json\/wp\/v2\/pages\/18336\/revisions\/18515"}],"wp:attachment":[{"href":"https:\/\/www.intermed.al\/en\/wp-json\/wp\/v2\/media?parent=18336"}],"curies":[{"name":"wp","href":"https:\/\/api.w.org\/{rel}","templated":true}]}}