{"id":18337,"date":"2018-02-05T14:03:55","date_gmt":"2018-02-05T14:03:55","guid":{"rendered":"http:\/\/www.intermed.al\/historiku\/"},"modified":"2018-05-15T15:25:53","modified_gmt":"2018-05-15T15:25:53","slug":"historiku","status":"publish","type":"page","link":"https:\/\/www.intermed.al\/en\/vlerat-tona-vizioni-prioritetet\/historiku\/?lang=en","title":{"rendered":"OUR HISTORY"},"content":{"rendered":"<div class=\"wpb-content-wrapper\"><div class=\"vc_row wpb_row section vc_row-fluid  grid_section\" style=' padding-top:50px; padding-bottom:50px; text-align:left;'><div class=\"section_inner clearfix\"><div class='section_inner_margin clearfix'><div class=\"wpb_column vc_column_container vc_col-sm-6\"><div class=\"vc_column-inner\"><div class=\"wpb_wrapper\">\n\t<div class=\"wpb_single_image wpb_content_element vc_align_left\">\n\t\t<div class=\"wpb_wrapper\">\n\t\t\t\n\t\t\t<div class=\"vc_single_image-wrapper   vc_box_border_grey\"><img loading=\"lazy\" decoding=\"async\" width=\"552\" height=\"365\" src=\"https:\/\/www.intermed.al\/wp-content\/uploads\/2018\/05\/Themelimi-1.jpg\" class=\"vc_single_image-img attachment-large\" alt=\"\" title=\"Themelimi\" srcset=\"https:\/\/www.intermed.al\/wp-content\/uploads\/2018\/05\/Themelimi-1.jpg 552w, https:\/\/www.intermed.al\/wp-content\/uploads\/2018\/05\/Themelimi-1-300x198.jpg 300w\" sizes=\"auto, (max-width: 552px) 100vw, 552px\" \/><\/div>\n\t\t<\/div>\n\t<\/div>\n<\/div><\/div><\/div><div class=\"wpb_column vc_column_container vc_col-sm-6\"><div class=\"vc_column-inner\"><div class=\"wpb_wrapper\">\n\t<div class=\"wpb_text_column wpb_content_element\">\n\t\t<div class=\"wpb_wrapper\">\n\t\t\t<h3 style=\"text-align: left;\">Themelimi<\/h3>\n<p>&nbsp;<\/p>\n<p style=\"text-align: left;\">Themelimi i kompanis\u00eb daton n\u00eb 15 Prill 1996, nj\u00eb iniciativ\u00eb e z.Petrit Maho, i cili pati vizionin se ndryshimet n\u00eb sh\u00ebrbimin sh\u00ebndet\u00ebsor edhe n\u00eb produktet farmaceutike po fillonin t\u00eb ishin t\u00eb pranishme p\u00ebr tregun shqiptar. Intermed \u00ebsht\u00eb kompani e cila \u00ebsht\u00eb e licensuar p\u00ebr importin, marketimin, ruajtjen dhe shp\u00ebrndarjen e produkteve q\u00eb ajo treg\u00ebton.<\/p>\n\n\t\t<\/div> \n\t<\/div> <\/div><\/div><\/div><\/div><\/div><\/div><div      class=\"vc_row wpb_row section vc_row-fluid  grid_section\" style='background-color:#f7fafa; padding-top:50px; padding-bottom:50px; text-align:left;'><div class=\"section_inner clearfix\"><div class='section_inner_margin clearfix'><div class=\"wpb_column vc_column_container vc_col-sm-6\"><div class=\"vc_column-inner\"><div class=\"wpb_wrapper\">\n\t<div class=\"wpb_text_column wpb_content_element\">\n\t\t<div class=\"wpb_wrapper\">\n\t\t\t<h3 style=\"text-align: right;\">Produktet\/kompanit\u00eb e para<\/h3>\n<p>&nbsp;<\/p>\n<p style=\"text-align: right;\">Among the first companies with which a long-term partnership was established were ITALFARMACO and NOVA ARGENTIA. Through their portfolio, the company introduced its first 25 products to the market, mainly focused on disorders of the nervous system and gynecology. (\u2026for more information see <a href=\"http:\/\/www.intermed.al\/en\/produkte\/\">Products<\/a>). Ky bashk\u00ebpunim jo vet\u00ebm q\u00eb \u00ebsht\u00eb rritur me kalimin e viteve por vazhdon edhe sot duke ruajtur ekskluzivitetin e produkteve t\u00eb ofruara prej tyre.<\/p>\n\n\t\t<\/div> \n\t<\/div> <\/div><\/div><\/div><div class=\"wpb_column vc_column_container vc_col-sm-6\"><div class=\"vc_column-inner\"><div class=\"wpb_wrapper\">\n\t<div class=\"wpb_single_image wpb_content_element vc_align_left\">\n\t\t<div class=\"wpb_wrapper\">\n\t\t\t\n\t\t\t<div class=\"vc_single_image-wrapper   vc_box_border_grey\"><img loading=\"lazy\" decoding=\"async\" width=\"552\" height=\"365\" src=\"https:\/\/www.intermed.al\/wp-content\/uploads\/2018\/05\/Kompanite-e-para-1.jpg\" class=\"vc_single_image-img attachment-large\" alt=\"\" title=\"Kompanite e para\" srcset=\"https:\/\/www.intermed.al\/wp-content\/uploads\/2018\/05\/Kompanite-e-para-1.jpg 552w, https:\/\/www.intermed.al\/wp-content\/uploads\/2018\/05\/Kompanite-e-para-1-300x198.jpg 300w\" sizes=\"auto, (max-width: 552px) 100vw, 552px\" \/><\/div>\n\t\t<\/div>\n\t<\/div>\n<\/div><\/div><\/div><\/div><\/div><\/div><div      class=\"vc_row wpb_row section vc_row-fluid  grid_section\" style=' padding-top:50px; padding-bottom:50px; text-align:left;'><div class=\"section_inner clearfix\"><div class='section_inner_margin clearfix'><div class=\"wpb_column vc_column_container vc_col-sm-6\"><div class=\"vc_column-inner\"><div class=\"wpb_wrapper\">\n\t<div class=\"wpb_single_image wpb_content_element vc_align_left\">\n\t\t<div class=\"wpb_wrapper\">\n\t\t\t\n\t\t\t<div class=\"vc_single_image-wrapper   vc_box_border_grey\"><img loading=\"lazy\" decoding=\"async\" width=\"552\" height=\"365\" src=\"https:\/\/www.intermed.al\/wp-content\/uploads\/2018\/05\/Zgjerimi-1.jpg\" class=\"vc_single_image-img attachment-full\" alt=\"\" title=\"Zgjerimi\" srcset=\"https:\/\/www.intermed.al\/wp-content\/uploads\/2018\/05\/Zgjerimi-1.jpg 552w, https:\/\/www.intermed.al\/wp-content\/uploads\/2018\/05\/Zgjerimi-1-300x198.jpg 300w\" sizes=\"auto, (max-width: 552px) 100vw, 552px\" \/><\/div>\n\t\t<\/div>\n\t<\/div>\n<\/div><\/div><\/div><div class=\"wpb_column vc_column_container vc_col-sm-6\"><div class=\"vc_column-inner\"><div class=\"wpb_wrapper\">\n\t<div class=\"wpb_text_column wpb_content_element\">\n\t\t<div class=\"wpb_wrapper\">\n\t\t\t<h3>Zgjerimi<\/h3>\n<p>&nbsp;<\/p>\n<p>Zhvillimi i Intermed u shoq\u00ebrua me lidhjen e bashk\u00ebpunimit me kompanin\u00eb Berlin-Chemie (Menarini Group) duke shtuar numrin e produkteve edhe specialitetet q\u00eb trajtohen me to. M\u00eb pas u mund\u00ebsua bashk\u00ebpunimi me kompani t\u00eb tjera si Bayer Healthcare, Alvogen, Pharma Swiss, Hoffman La Roche, Nobel Ilac, Allergy therapeutics, etj. (\u2026p\u00ebr m\u00eb tep\u00ebr shiko <a href=\"http:\/\/www.intermed.al\/en\/partnere\/\">Partners<\/a>)<\/p>\n\n\t\t<\/div> \n\t<\/div> <\/div><\/div><\/div><\/div><\/div><\/div><div      class=\"vc_row wpb_row section vc_row-fluid  grid_section\" style='background-color:#f7fafa; padding-top:50px; padding-bottom:50px; text-align:left;'><div class=\"section_inner clearfix\"><div class='section_inner_margin clearfix'><div class=\"wpb_column vc_column_container vc_col-sm-6\"><div class=\"vc_column-inner\"><div class=\"wpb_wrapper\">\n\t<div class=\"wpb_text_column wpb_content_element\">\n\t\t<div class=\"wpb_wrapper\">\n\t\t\t<h3 style=\"text-align: right;\">Diversiteti i produkteve<\/h3>\n<p>&nbsp;<\/p>\n<p style=\"text-align: right;\">Intermed ofron p\u00ebr tregun shqiptar produkte mark\u00eb dhe specifike, vaksina t\u00eb personalizuara, prodhime farmaceutike xhenerike, barna OTC si dhe shtesa ushqimore, k\u00ebto produkte mbulojn\u00eb thuajse t\u00eb gjith\u00eb gam\u00ebn e patologjive.<\/p>\n\n\t\t<\/div> \n\t<\/div> <\/div><\/div><\/div><div class=\"wpb_column vc_column_container vc_col-sm-6\"><div class=\"vc_column-inner\"><div class=\"wpb_wrapper\">\n\t<div class=\"wpb_single_image wpb_content_element vc_align_left\">\n\t\t<div class=\"wpb_wrapper\">\n\t\t\t\n\t\t\t<div class=\"vc_single_image-wrapper   vc_box_border_grey\"><img loading=\"lazy\" decoding=\"async\" width=\"552\" height=\"365\" src=\"https:\/\/www.intermed.al\/wp-content\/uploads\/2018\/05\/Diversiteti-i-produkteve-1.jpg\" class=\"vc_single_image-img attachment-large\" alt=\"\" title=\"Diversiteti i produkteve\" srcset=\"https:\/\/www.intermed.al\/wp-content\/uploads\/2018\/05\/Diversiteti-i-produkteve-1.jpg 552w, https:\/\/www.intermed.al\/wp-content\/uploads\/2018\/05\/Diversiteti-i-produkteve-1-300x198.jpg 300w\" sizes=\"auto, (max-width: 552px) 100vw, 552px\" \/><\/div>\n\t\t<\/div>\n\t<\/div>\n<\/div><\/div><\/div><\/div><\/div><\/div><div      class=\"vc_row wpb_row section vc_row-fluid  grid_section\" style=' padding-top:50px; padding-bottom:50px; text-align:left;'><div class=\"section_inner clearfix\"><div class='section_inner_margin clearfix'><div class=\"wpb_column vc_column_container vc_col-sm-6\"><div class=\"vc_column-inner\"><div class=\"wpb_wrapper\">\n\t<div class=\"wpb_single_image wpb_content_element vc_align_left\">\n\t\t<div class=\"wpb_wrapper\">\n\t\t\t\n\t\t\t<a href=\"http:\/\/www.intermed.al\/en\/ambjentet-tona\/\" target=\"_self\"><div class=\"vc_single_image-wrapper   vc_box_border_grey\"><img loading=\"lazy\" decoding=\"async\" width=\"552\" height=\"365\" src=\"https:\/\/www.intermed.al\/wp-content\/uploads\/2018\/04\/ambjente-1.jpg\" class=\"vc_single_image-img attachment-full\" alt=\"\" title=\"ambjente\" srcset=\"https:\/\/www.intermed.al\/wp-content\/uploads\/2018\/04\/ambjente-1.jpg 552w, https:\/\/www.intermed.al\/wp-content\/uploads\/2018\/04\/ambjente-1-300x198.jpg 300w\" sizes=\"auto, (max-width: 552px) 100vw, 552px\" \/><\/div><\/a>\n\t\t<\/div>\n\t<\/div>\n<\/div><\/div><\/div><div class=\"wpb_column vc_column_container vc_col-sm-6\"><div class=\"vc_column-inner\"><div class=\"wpb_wrapper\">\n\t<div class=\"wpb_text_column wpb_content_element\">\n\t\t<div class=\"wpb_wrapper\">\n\t\t\t<div class=\"qode-rt-item-title\">\n<h3>Ambiente<\/h3>\n<\/div>\n<p>&nbsp;<\/p>\n<p>Intermed p\u00ebr kryerjen e magazinimit t\u00eb barnave zot\u00ebron nj\u00eb magazin\u00eb, e lokalizuar n\u00eb Maminas, Durr\u00ebs. Magazina ka nj\u00eb hap\u00ebsir\u00eb prej 1475 m2 me nj\u00eb kapacitet 1200 paleta, \u00ebsht\u00eb e pajisur me sistem monitorimi t\u00eb vazhduar (Comet system MS+) p\u00ebr tempertur\u00ebn dhe lag\u00ebshtin\u00eb. Magazina i p\u00ebrmbahet t\u00eb gjith\u00eb k\u00ebrkesave t\u00eb ruajtjes s\u00eb produkteve farmaceutike, dhe \u00ebsht\u00eb e pajisur me dokumentacionin e duhur t\u00eb cil\u00ebsis\u00eb edhe me sinjalistik\u00ebn e p\u00ebrshtatshme p\u00ebr menaxhimin sa m\u00eb t\u00eb mir\u00eb t\u00eb produkteve.<\/p>\n<p><strong><a href=\"http:\/\/www.intermed.al\/en\/ambjentet-tona\/\">CLICK TO VIEW PHOTOS<\/a><\/strong><\/p>\n\n\t\t<\/div> \n\t<\/div> <\/div><\/div><\/div><\/div><\/div><\/div><div      class=\"vc_row wpb_row section vc_row-fluid  grid_section\" style='background-color:#f7fafa; padding-top:50px; padding-bottom:50px; text-align:left;'><div class=\"section_inner clearfix\"><div class='section_inner_margin clearfix'><div class=\"wpb_column vc_column_container vc_col-sm-6\"><div class=\"vc_column-inner\"><div class=\"wpb_wrapper\">\n\t<div class=\"wpb_text_column wpb_content_element\">\n\t\t<div class=\"wpb_wrapper\">\n\t\t\t<h3 style=\"text-align: right;\">Investime<\/h3>\n<p>&nbsp;<\/p>\n<p style=\"text-align: right;\">Investime t\u00eb tjera t\u00eb z. Maho: N\u00eb 2013 blerja e kompanis\u00eb s\u00eb prodhimit farmaceutik RADOFARMA, e fokusuar kryesisht n\u00eb prodhimin e produkteve farmaceutike humane dhe veterinare, kryesisht produkte xhenerike si dhe p\u00ebrgatesave galenike. N\u00eb po t\u00eb nj\u00ebjtin vit RADOFARMA u ri-strukturua duke u ndar\u00eb n\u00eb dy kompani t\u00eb pavarura nga nj\u00ebra tjetra; &#8211; Noval kompania e prodhimit t\u00eb barnave humane &#8211; Vetal kompania e fokusuar n\u00eb prodhimin dhe treg\u00ebtimin e produkteve veterinare. Secila nga kompanit\u00eb ka specifikat dhe produktet e veta, t\u00eb cilat jan\u00eb n\u00eb form\u00eb-doza t\u00eb ngurta (tableta), gjys\u00ebm t\u00eb ngurta (krem\u00ebra edhe tinktura), parenterale etj.<\/p>\n\n\t\t<\/div> \n\t<\/div> <\/div><\/div><\/div><div class=\"wpb_column vc_column_container vc_col-sm-6\"><div class=\"vc_column-inner\"><div class=\"wpb_wrapper\">\n\t<div class=\"wpb_single_image wpb_content_element vc_align_left\">\n\t\t<div class=\"wpb_wrapper\">\n\t\t\t\n\t\t\t<div class=\"vc_single_image-wrapper   vc_box_border_grey\"><img loading=\"lazy\" decoding=\"async\" width=\"552\" height=\"365\" src=\"https:\/\/www.intermed.al\/wp-content\/uploads\/2018\/05\/Investime-1.jpg\" class=\"vc_single_image-img attachment-large\" alt=\"\" title=\"Investime\" srcset=\"https:\/\/www.intermed.al\/wp-content\/uploads\/2018\/05\/Investime-1.jpg 552w, https:\/\/www.intermed.al\/wp-content\/uploads\/2018\/05\/Investime-1-300x198.jpg 300w\" sizes=\"auto, (max-width: 552px) 100vw, 552px\" \/><\/div>\n\t\t<\/div>\n\t<\/div>\n<\/div><\/div><\/div><\/div><\/div><\/div>\n<\/div>","protected":false},"excerpt":{"rendered":"Themelimi &nbsp; Themelimi i kompanis\u00eb daton n\u00eb 15 Prill 1996, nj\u00eb iniciativ\u00eb e z.Petrit Maho, i cili pati vizionin se ndryshimet n\u00eb sh\u00ebrbimin sh\u00ebndet\u00ebsor edhe n\u00eb produktet farmaceutike po fillonin t\u00eb ishin t\u00eb pranishme p\u00ebr tregun shqiptar. Intermed \u00ebsht\u00eb kompani e cila \u00ebsht\u00eb e licensuar...","protected":false},"author":1,"featured_media":0,"parent":18338,"menu_order":0,"comment_status":"closed","ping_status":"closed","template":"full_width.php","meta":{"footnotes":""},"class_list":["post-18337","page","type-page","status-publish","hentry"],"_links":{"self":[{"href":"https:\/\/www.intermed.al\/en\/wp-json\/wp\/v2\/pages\/18337","targetHints":{"allow":["GET"]}}],"collection":[{"href":"https:\/\/www.intermed.al\/en\/wp-json\/wp\/v2\/pages"}],"about":[{"href":"https:\/\/www.intermed.al\/en\/wp-json\/wp\/v2\/types\/page"}],"author":[{"embeddable":true,"href":"https:\/\/www.intermed.al\/en\/wp-json\/wp\/v2\/users\/1"}],"replies":[{"embeddable":true,"href":"https:\/\/www.intermed.al\/en\/wp-json\/wp\/v2\/comments?post=18337"}],"version-history":[{"count":4,"href":"https:\/\/www.intermed.al\/en\/wp-json\/wp\/v2\/pages\/18337\/revisions"}],"predecessor-version":[{"id":18543,"href":"https:\/\/www.intermed.al\/en\/wp-json\/wp\/v2\/pages\/18337\/revisions\/18543"}],"up":[{"embeddable":true,"href":"https:\/\/www.intermed.al\/en\/wp-json\/wp\/v2\/pages\/18338"}],"wp:attachment":[{"href":"https:\/\/www.intermed.al\/en\/wp-json\/wp\/v2\/media?parent=18337"}],"curies":[{"name":"wp","href":"https:\/\/api.w.org\/{rel}","templated":true}]}}