{"id":18347,"date":"2018-04-23T14:17:18","date_gmt":"2018-04-23T14:17:18","guid":{"rendered":"http:\/\/www.intermed.al\/?page_id=18347"},"modified":"2024-11-13T14:51:54","modified_gmt":"2024-11-13T14:51:54","slug":"sherbimi-rregullator-dhe-farmakovigjilenca-2","status":"publish","type":"page","link":"https:\/\/www.intermed.al\/en\/sherbimi-rregullator-dhe-farmakovigjilenca-2\/","title":{"rendered":"Regulatory Affairs &amp; Pharmacovigilance"},"content":{"rendered":"<div class=\"wpb-content-wrapper\"><div class=\"vc_row wpb_row section vc_row-fluid\" style='background-image:url(https:\/\/www.intermed.al\/wp-content\/uploads\/2018\/04\/barn.png); padding-top:210px; padding-bottom:210px; text-align:left;'><div class=\"full_section_inner clearfix\"><div class=\"wpb_column vc_column_container vc_col-sm-12\"><div class=\"vc_column-inner\"><div class=\"wpb_wrapper\"><\/div><\/div><\/div><\/div><\/div><div      class=\"vc_row wpb_row section vc_row-fluid  vc_custom_1524562264722 grid_section\" style='background-color:#fafbfc; padding-top:70px; padding-bottom:70px; text-align:left;'><div class=\"section_inner clearfix\"><div class='section_inner_margin clearfix'><div class=\"wpb_column vc_column_container vc_col-sm-6\"><div class=\"vc_column-inner\"><div class=\"wpb_wrapper\"><div class='image_hover' style='' data-transition-delay=''><div class='images_holder'><img itemprop='image' class='active_image' src='https:\/\/www.intermed.al\/wp-content\/uploads\/2018\/05\/Sistemi-Rregullator-dhe-cilesia-5.jpg' alt='' style='' \/><img itemprop='image' class='hover_image' src='https:\/\/www.intermed.al\/wp-content\/uploads\/2018\/05\/Sistemi-Rregullator-dhe-cilesia1.jpg' alt='' style='' \/><\/div><\/div><\/div><\/div><\/div><div class=\"wpb_column vc_column_container vc_col-sm-6\"><div class=\"vc_column-inner\"><div class=\"wpb_wrapper\">\t<div class=\"vc_empty_space\"  style=\"height: 12px\" ><span\n\t\t\tclass=\"vc_empty_space_inner\">\n\t\t\t<span class=\"empty_space_image\"  ><\/span>\n\t\t<\/span><\/div>\n\n\n\t<div class=\"wpb_text_column wpb_content_element\">\n\t\t<div class=\"wpb_wrapper\">\n\t\t\t<h2><span style=\"color: #006f78;\"><strong>QUALITY ASSURANCE<\/strong><\/span><\/h2>\n<p>The quality assurance system and compliance play a fundamental role in building trust with our partners and in ensuring proper patient care.<\/p>\n<p>The verification of company policies, as part of the quality assurance framework, ensures that the management of medicines marketed and distributed by INTERMED complies with national and European regulatory requirements for Good Storage and Distribution Practices.<\/p>\n<p>The quality assurance system provides patients with the assurance that the medicines they use meet the required quality standards and are safe for their health.<\/p>\n\n\t\t<\/div> \n\t<\/div> <\/div><\/div><\/div><\/div><\/div><\/div><div      class=\"vc_row wpb_row section vc_row-fluid\" style=' text-align:left;'><div class=\"full_section_inner clearfix\"><div class=\"wpb_column vc_column_container vc_col-sm-12\"><div class=\"vc_column-inner\"><div class=\"wpb_wrapper\">\n\t<div class=\"wpb_text_column wpb_content_element\">\n\t\t<div class=\"wpb_wrapper\">\n\t\t\t<p><\/p>\n\n\t\t<\/div> \n\t<\/div> <\/div><\/div><\/div><\/div><\/div><div      class=\"vc_row wpb_row section vc_row-fluid  vc_custom_1524562150816 grid_section\" style=' padding-top:50px; padding-bottom:25px; text-align:left;'><div class=\"section_inner clearfix\"><div class='section_inner_margin clearfix'><div class=\"wpb_column vc_column_container vc_col-sm-12\"><div class=\"vc_column-inner\"><div class=\"wpb_wrapper\">\n\t<div class=\"wpb_text_column wpb_content_element\">\n\t\t<div class=\"wpb_wrapper\">\n\t\t\t<h2><span style=\"color: #006f78;\"><strong>REGULATORY AFFAIRS AND PHARMACOVIGILANCE<\/strong><\/span><\/h2>\n<p>&nbsp;<\/p>\n<p>The Regulatory Affairs Office serves as a key point in maintaining the relationship between INTERMED and the National Agency for Medicines and Medical Devices (AKBPM) \/ the Ministry of Health.<\/p>\n<p><strong><span style=\"color: #00a651;\">Among the activities carried out by the Regulatory Affairs Office at INTERMED are:<\/span><\/strong><\/p>\n<ul id=\"nje\">\n<li>Verification of registration dossiers in accordance with the approved format (eCTD)<\/li>\n<li>Submission of registration applications for pharmaceutical products marketed by INTERMED<\/li>\n<li>Submission of variations and follow-up of their approval<\/li>\n<li>Patient safety is our top priority.<\/li>\n<\/ul>\n<p>Pharmacovigilance refers to post-marketing pharmacovigilance activities and is related to product safety management through the collection, monitoring, and reporting of adverse drug reactions (ADR) and other undesirable events.<\/p>\n\n\t\t<\/div> \n\t<\/div> <\/div><\/div><\/div><\/div><\/div><\/div>\n<\/div>","protected":false},"excerpt":{"rendered":"SIGURIMI I CIL\u00cbSIS\u00cb Sistemi i sigurimit t\u00eb cil\u00ebsis\u00eb dhe p\u00ebrputhshm\u00ebria luajn\u00eb nj\u00eb rol thelb\u00ebsor n\u00eb krijimin e besueshm\u00ebris\u00eb n\u00eb lidhjen me partner\u00ebt tan\u00eb dhe kujdesin e pacientit. Verifikimi i politikave t\u00eb kompanis\u00eb, si hallk\u00eb e sigurimit t\u00eb cil\u00ebsis\u00eb,\u00a0 jep siguri q\u00eb menaxhimi i barnave t\u00eb...","protected":false},"author":1,"featured_media":0,"parent":0,"menu_order":0,"comment_status":"closed","ping_status":"closed","template":"full_width.php","meta":{"footnotes":""},"class_list":["post-18347","page","type-page","status-publish","hentry"],"_links":{"self":[{"href":"https:\/\/www.intermed.al\/en\/wp-json\/wp\/v2\/pages\/18347","targetHints":{"allow":["GET"]}}],"collection":[{"href":"https:\/\/www.intermed.al\/en\/wp-json\/wp\/v2\/pages"}],"about":[{"href":"https:\/\/www.intermed.al\/en\/wp-json\/wp\/v2\/types\/page"}],"author":[{"embeddable":true,"href":"https:\/\/www.intermed.al\/en\/wp-json\/wp\/v2\/users\/1"}],"replies":[{"embeddable":true,"href":"https:\/\/www.intermed.al\/en\/wp-json\/wp\/v2\/comments?post=18347"}],"version-history":[{"count":26,"href":"https:\/\/www.intermed.al\/en\/wp-json\/wp\/v2\/pages\/18347\/revisions"}],"predecessor-version":[{"id":19592,"href":"https:\/\/www.intermed.al\/en\/wp-json\/wp\/v2\/pages\/18347\/revisions\/19592"}],"wp:attachment":[{"href":"https:\/\/www.intermed.al\/en\/wp-json\/wp\/v2\/media?parent=18347"}],"curies":[{"name":"wp","href":"https:\/\/api.w.org\/{rel}","templated":true}]}}